{"id":1002,"date":"2025-12-09T13:09:01","date_gmt":"2025-12-09T12:09:01","guid":{"rendered":"https:\/\/www.cravanparis.com\/home\/"},"modified":"2026-04-13T12:12:20","modified_gmt":"2026-04-13T10:12:20","slug":"home","status":"publish","type":"page","link":"https:\/\/www.cravanparis.com\/en\/","title":{"rendered":"Home"},"content":{"rendered":"                <div  class=\"cravan-bloc cravan-video-text-anim-container \">\n            <div class=\"cravan__video_text_anim_container h-100\">\n                <div class=\"h-100\">\n                    <div class=\"cravan__background\">\n                        <div class=\"bg-video-placeholder\"><\/div>\n                        <video class=\"bg-video\" width=\"100%\" autoplay=\"autoplay\"  muted loop ><\/video>\n                        <div id=\"lottifiles-container\"><\/div>\n                    <\/div>\n                <\/div>\n            <\/div>\n        <\/div>\n                    <div  class=\"cravan-bloc cravan-subtitle-title-text-cta \">\n            <div class=\"row\">\n                <div class=\"container\">\n                    <div class=\"row justify-content-center\">\n                        <div class=\"col-12 text-center\">\n                            <div class=\"cravan__title_container\">\n\n                                \n                                <div class=\"cravan__title row\">\n                                    <h1 class=\"col\">\n                                        Art de vivre by CRAVAN                                    <\/h1>\n                                <\/div>\n                            <\/div>\n\n                            <div class=\"cravan__text row justify-content-center\">\n                                <div class=\"col-12 col-lg-6\">\n                                    <p>A quest for the exceptional through a profound knowledge of cocktail history, free from nostalgia and without living in the past, to propose an avant-garde offer, such is the philosophy of CRAVAN embodied in this elegant and cultured place. CRAVAN bottled cocktails also reflect the House\u2019s DNA: a selection of exceptional spirits and an obsession with perfect balance, ready to serve at home.<\/p>\n                                <\/div>\n                            <\/div>\n                                                            <div class=\"cravan__cta row justify-content-center\">\n                                                                            <div class=\"col-12 col-md-auto\">\n                                            <a href=\"https:\/\/www.cravanparis.com\/en\/stories\/\" target=\"\" class=\"cravan-button-primary\">\n                                                Stories                                            <\/a>\n                                        <\/div>\n                                                                            <div class=\"col-12 col-md-auto\">\n                                            <a href=\"https:\/\/www.cravanparis.com\/boutique\/cocktails-en-bouteille\" target=\"\" class=\"cravan-button-primary\">\n                                                Bottled cocktails                                            <\/a>\n                                        <\/div>\n                                                                    <\/div>\n                                                    <\/div>\n                    <\/div>\n                <\/div>\n            <\/div>\n        <\/div>\n                    <div  class=\"cravan-bloc cravan-video cravan-video-fullwidth  cravan--video-fullwidth\">\n                            <div class=\"cravan__video_container\">\n                    <video id=\"video-fullwidth-9338\" class=\"video-js\" preload=\"auto\"\n                           poster=\"https:\/\/www.cravanparis.com\/app\/uploads\/2025\/12\/Capture-film-EVIN-Homepage.avif\" dataautoplay=\"autoplay\" muted loop>\n                        <source src=\"https:\/\/www.cravanparis.com\/app\/uploads\/2025\/12\/home_page_06_2023_0.mp4\" type=\"video\/mp4\">\n                    <\/video>\n                <\/div>\n            \n        <\/div>\n                    <div  class=\"cravan-bloc cravan-image-text  \" data-scroll-sticky>\n\n            <div class=\"row\">\n                <div class=\"container\">\n                    <div class=\"row align-items-start\">\n\n                        \n                            <div class=\"col-12 col-lg-6 col-xl-5 offset-xl-1 cravan__image_text_image_container\">\n\n                                <div class=\"cravan-bloc cravan-image container-fluid\">\n                                    <img decoding=\"async\" src=\"https:\/\/www.cravanparis.com\/app\/uploads\/2025\/12\/CRAVAN-GAMME-1-V1.jpg-1024x683.avif\" alt=\"\" class=\"img-fluid\"\/>\n                                    \n                                    \n                                <\/div>\n\n                                \n                            <\/div>\n                            <div class=\"col-12 col-lg-5 offset-lg-1 col-xl-4 cravan__image_text_text_container\">\n                                <h2><span style=\"color: #c8102e;\">Bottled cocktails<\/span><\/h2>\n<p>The cocktails we offer are exclusive and brand-new creations. They are CRAVAN\u2019s DNA, bottled.<br \/>\nThis new tasting ritual\u2014bottled cocktails\u2014lets you rediscover CRAVAN\u2019s attention to detail: the obsession with perfect balance, the precision of ingredients, aromatic complexity\u2026 to enjoy at home. These are recipes we conceived and created specifically for this way of enjoying cocktails.<\/p>\n<p>What we invite you to discover is more than a bottled cocktail: it\u2019s an exchange of expertise. Between CRAVAN and the spirits Maisons, represented by their Master Distillers and Blenders, who worked on developing each of these recipes. Between CRAVAN and the Alsatian distillery Nusbaumer, which, with 75 years of experience, contributes to the technical development of each of these bottles.<\/p>\n<p>These bottled cocktails capture all of this research, ready to be served at home.<\/p>\n                            <\/div>\n\n                        \n                    <\/div>\n\n                                    <\/div>\n            <\/div>\n\n        <\/div>\n                    <div  class=\"cravan-bloc cravan-subtitle-title-text-cta \">\n            <div class=\"row\">\n                <div class=\"container\">\n                    <div class=\"row justify-content-center\">\n                        <div class=\"col-12 text-center\">\n                            <div class=\"cravan__title_container\">\n\n                                                                    <div class=\"cravan__sub_title row\">\n                                        <div class=\"col-12\">\n                                            165, Boulevard Saint-Germain                                        <\/div>\n                                    <\/div>\n                                \n                                <div class=\"cravan__title row\">\n                                    <h2 class=\"col\">\n                                        Maison CRAVAN                                    <\/h2>\n                                <\/div>\n                            <\/div>\n\n                            <div class=\"cravan__text row justify-content-center\">\n                                <div class=\"col-12 col-lg-6\">\n                                    <p>CRAVAN is setting up in the heart of the historic and literary Saint-Germain-des-Pr\u00e9s district, in a building dating back to the 17th century. This Maison unfolds across four levels: three cocktail bars where CRAVAN\u2019s savoir-faire and art of living are expressed, and a bookstore co-created with Rizzoli NY. On the top floor, a workshop with access to a mini-kiosk set on the roof will be available by invitation.<\/p>\n                                <\/div>\n                            <\/div>\n                                                    <\/div>\n                    <\/div>\n                <\/div>\n            <\/div>\n        <\/div>\n                    <div  class=\"cravan-bloc cravan-video cravan-video-fullwidth  cravan-video-fullwidth-portrait-fullwidth\">\n                            <div class=\"cravan__video_container\">\n                    <video id=\"video-fullwidth-4546\" class=\"video-js\" preload=\"auto\"\n                           poster=\"https:\/\/www.cravanparis.com\/app\/uploads\/2025\/12\/home_anim_placeholder.avif\" dataautoplay=\"autoplay\" muted loop>\n                        <source src=\"https:\/\/www.cravanparis.com\/app\/uploads\/2025\/12\/Home_Anim.mp4\" type=\"video\/mp4\">\n                    <\/video>\n                <\/div>\n            \n        <\/div>\n                    <div  class=\"cravan-bloc cravan-cta-list \">\n            <div class=\"row\">\n                <div class=\"container\">\n                    <div class=\"row justify-content-center\">\n                        <div class=\"col-12 text-center\">\n                                                            <div class=\"cravan__cta row justify-content-center\">\n                                                                            <div class=\"col-12 col-md-auto\">\n                                            <a href=\"https:\/\/www.cravanparis.com\/maison\/#architecture-et-design\/\" target=\"\" class=\"cravan-button-primary\">\n                                                Architecture &amp; Design                                             <\/a>\n                                        <\/div>\n                                                                            <div class=\"col-12 col-md-auto\">\n                                            <a href=\"https:\/\/www.cravanparis.com\/librairie-rizzoli-ny\" target=\"\" class=\"cravan-button-primary\">\n                                                Rizzoli Library                                             <\/a>\n                                        <\/div>\n                                                                    <\/div>\n                                                    <\/div>\n                    <\/div>\n                <\/div>\n            <\/div>\n        <\/div>\n                    <div  class=\"cravan-bloc cravan-image-fullwidth \">\n\n                            <div class=\"cravan__image_container\">\n                    <div class=\"cravan-bloc cravan-image container-fluid\">\n                        <img decoding=\"async\" src=\"https:\/\/www.cravanparis.com\/app\/uploads\/2025\/12\/FA_Teddy-CRAVAN.jpeg.avif\" alt=\"\" class=\"img-fluid\"\/>\n                    <\/div>\n                <\/div>\n                    <\/div>\n                    <div  class=\"cravan-bloc cravan-text-two-columns \">\n\n            <div class=\"row\">\n                <div class=\"container\">\n                    <div class=\"row \">\n                        <div class=\"cravan__text columns-left col-12 col-lg-5 col-xl-4 offset-xl-1\">\n                            <p>CRAVAN: a contemporary concept that refreshes the traditional codes of the cocktail.<\/p>\n                        <\/div>\n\n                        <div class=\"cravan__text columns-right col-12 col-lg-6 offset-lg-1 col-xl-5 offset-xl-1\">\n                            <p>Located in the heart of the historic and literary Saint-Germain-des-Pr\u00e9s district, the CRAVAN cocktail bar is housed in a building dating back to the 17th century. Entirely conceived by designer Ramy Fischler, this place for exchange embodies  <s> <\/s>a must-visit Paris address. A space where architectural movements and references blend to create a minimalist, contemporary concept that brings together culture and hospitality around the cocktail<\/p>\n                        <\/div>\n                        <div class=\"cravan__text columns-right col-12 col-xl-1\">&nbsp;<\/div>\n                    <\/div>\n                <\/div>\n            <\/div>\n\n        <\/div>\n    ","protected":false},"excerpt":{"rendered":"","protected":false},"author":1,"featured_media":0,"parent":0,"menu_order":0,"comment_status":"closed","ping_status":"closed","template":"page.php","meta":{"_acf_changed":false,"inline_featured_image":false,"footnotes":""},"class_list":["post-1002","page","type-page","status-publish","hentry"],"acf":[],"yoast_head":"<!-- This site is optimized with the Yoast SEO plugin v27.3 - https:\/\/yoast.com\/product\/yoast-seo-wordpress\/ -->\n<title>CRAVAN - Cocktail Bar - Paris 6<\/title>\n<meta name=\"description\" content=\"CRAVAN, a cocktail bar in the 6th arrondissement of Paris, in the heart of the literary district of Saint-Germain-des-Pr\u00e9s. Follow us on @cravanparis.\" \/>\n<meta name=\"robots\" content=\"index, follow, max-snippet:-1, max-image-preview:large, max-video-preview:-1\" \/>\n<link rel=\"canonical\" href=\"https:\/\/www.cravanparis.com\/en\/\" \/>\n<meta property=\"og:locale\" content=\"en_US\" \/>\n<meta property=\"og:type\" content=\"article\" \/>\n<meta property=\"og:title\" content=\"CRAVAN - Cocktail Bar - Paris 6\" \/>\n<meta property=\"og:description\" content=\"CRAVAN, a cocktail bar in the 6th arrondissement of Paris, in the heart of the literary district of Saint-Germain-des-Pr\u00e9s. Follow us on @cravanparis.\" \/>\n<meta property=\"og:url\" content=\"https:\/\/www.cravanparis.com\/en\/\" \/>\n<meta property=\"og:site_name\" content=\"CRAVAN - Cocktail Bar - Paris 6\" \/>\n<meta property=\"article:modified_time\" content=\"2026-04-13T10:12:20+00:00\" \/>\n<meta name=\"twitter:card\" content=\"summary_large_image\" \/>\n<script type=\"application\/ld+json\" class=\"yoast-schema-graph\">{\"@context\":\"https:\\\/\\\/schema.org\",\"@graph\":[{\"@type\":\"WebPage\",\"@id\":\"https:\\\/\\\/www.cravanparis.com\\\/en\\\/\",\"url\":\"https:\\\/\\\/www.cravanparis.com\\\/en\\\/\",\"name\":\"CRAVAN - Cocktail Bar - Paris 6\",\"isPartOf\":{\"@id\":\"https:\\\/\\\/www.cravanparis.com\\\/fr\\\/#website\"},\"datePublished\":\"2025-12-09T12:09:01+00:00\",\"dateModified\":\"2026-04-13T10:12:20+00:00\",\"description\":\"CRAVAN, a cocktail bar in the 6th arrondissement of Paris, in the heart of the literary district of Saint-Germain-des-Pr\u00e9s. Follow us on @cravanparis.\",\"breadcrumb\":{\"@id\":\"https:\\\/\\\/www.cravanparis.com\\\/en\\\/#breadcrumb\"},\"inLanguage\":\"en-US\",\"potentialAction\":[{\"@type\":\"ReadAction\",\"target\":[\"https:\\\/\\\/www.cravanparis.com\\\/en\\\/\"]}]},{\"@type\":\"BreadcrumbList\",\"@id\":\"https:\\\/\\\/www.cravanparis.com\\\/en\\\/#breadcrumb\",\"itemListElement\":[{\"@type\":\"ListItem\",\"position\":1,\"name\":\"Home\",\"item\":\"https:\\\/\\\/www.cravanparis.com\\\/en\\\/\"},{\"@type\":\"ListItem\",\"position\":2,\"name\":\"Home\"}]},{\"@type\":\"WebSite\",\"@id\":\"https:\\\/\\\/www.cravanparis.com\\\/fr\\\/#website\",\"url\":\"https:\\\/\\\/www.cravanparis.com\\\/fr\\\/\",\"name\":\"CRAVAN - Cocktail Bar - Paris 6\",\"description\":\"CRAVAN, bar \u00e0 cocktails dans le 6\u00e8 arrondissement de Paris, au c\u0153ur du quartier litt\u00e9raire de Saint-Germain-des-Pr\u00e9s. Suivez-nous sur @cravanparis.\",\"publisher\":{\"@id\":\"https:\\\/\\\/www.cravanparis.com\\\/fr\\\/#organization\"},\"potentialAction\":[{\"@type\":\"SearchAction\",\"target\":{\"@type\":\"EntryPoint\",\"urlTemplate\":\"https:\\\/\\\/www.cravanparis.com\\\/fr\\\/?s={search_term_string}\"},\"query-input\":{\"@type\":\"PropertyValueSpecification\",\"valueRequired\":true,\"valueName\":\"search_term_string\"}}],\"inLanguage\":\"en-US\"},{\"@type\":\"Organization\",\"@id\":\"https:\\\/\\\/www.cravanparis.com\\\/fr\\\/#organization\",\"name\":\"CRAVAN - Cocktail Bar - Paris 6\",\"url\":\"https:\\\/\\\/www.cravanparis.com\\\/fr\\\/\",\"logo\":{\"@type\":\"ImageObject\",\"inLanguage\":\"en-US\",\"@id\":\"https:\\\/\\\/www.cravanparis.com\\\/fr\\\/#\\\/schema\\\/logo\\\/image\\\/\",\"url\":\"https:\\\/\\\/www.cravanparis.com\\\/app\\\/uploads\\\/2026\\\/03\\\/cravan.svg\",\"contentUrl\":\"https:\\\/\\\/www.cravanparis.com\\\/app\\\/uploads\\\/2026\\\/03\\\/cravan.svg\",\"width\":1296,\"height\":357,\"caption\":\"CRAVAN - Cocktail Bar - Paris 6\"},\"image\":{\"@id\":\"https:\\\/\\\/www.cravanparis.com\\\/fr\\\/#\\\/schema\\\/logo\\\/image\\\/\"},\"sameAs\":[\"https:\\\/\\\/www.instagram.com\\\/cravanparis\\\/\"]}]}<\/script>\n<!-- \/ Yoast SEO plugin. -->","yoast_head_json":{"title":"CRAVAN - Cocktail Bar - Paris 6","description":"CRAVAN, a cocktail bar in the 6th arrondissement of Paris, in the heart of the literary district of Saint-Germain-des-Pr\u00e9s. Follow us on @cravanparis.","robots":{"index":"index","follow":"follow","max-snippet":"max-snippet:-1","max-image-preview":"max-image-preview:large","max-video-preview":"max-video-preview:-1"},"canonical":"https:\/\/www.cravanparis.com\/en\/","og_locale":"en_US","og_type":"article","og_title":"CRAVAN - Cocktail Bar - Paris 6","og_description":"CRAVAN, a cocktail bar in the 6th arrondissement of Paris, in the heart of the literary district of Saint-Germain-des-Pr\u00e9s. Follow us on @cravanparis.","og_url":"https:\/\/www.cravanparis.com\/en\/","og_site_name":"CRAVAN - Cocktail Bar - Paris 6","article_modified_time":"2026-04-13T10:12:20+00:00","twitter_card":"summary_large_image","schema":{"@context":"https:\/\/schema.org","@graph":[{"@type":"WebPage","@id":"https:\/\/www.cravanparis.com\/en\/","url":"https:\/\/www.cravanparis.com\/en\/","name":"CRAVAN - Cocktail Bar - Paris 6","isPartOf":{"@id":"https:\/\/www.cravanparis.com\/fr\/#website"},"datePublished":"2025-12-09T12:09:01+00:00","dateModified":"2026-04-13T10:12:20+00:00","description":"CRAVAN, a cocktail bar in the 6th arrondissement of Paris, in the heart of the literary district of Saint-Germain-des-Pr\u00e9s. Follow us on @cravanparis.","breadcrumb":{"@id":"https:\/\/www.cravanparis.com\/en\/#breadcrumb"},"inLanguage":"en-US","potentialAction":[{"@type":"ReadAction","target":["https:\/\/www.cravanparis.com\/en\/"]}]},{"@type":"BreadcrumbList","@id":"https:\/\/www.cravanparis.com\/en\/#breadcrumb","itemListElement":[{"@type":"ListItem","position":1,"name":"Home","item":"https:\/\/www.cravanparis.com\/en\/"},{"@type":"ListItem","position":2,"name":"Home"}]},{"@type":"WebSite","@id":"https:\/\/www.cravanparis.com\/fr\/#website","url":"https:\/\/www.cravanparis.com\/fr\/","name":"CRAVAN - Cocktail Bar - Paris 6","description":"CRAVAN, bar \u00e0 cocktails dans le 6\u00e8 arrondissement de Paris, au c\u0153ur du quartier litt\u00e9raire de Saint-Germain-des-Pr\u00e9s. Suivez-nous sur @cravanparis.","publisher":{"@id":"https:\/\/www.cravanparis.com\/fr\/#organization"},"potentialAction":[{"@type":"SearchAction","target":{"@type":"EntryPoint","urlTemplate":"https:\/\/www.cravanparis.com\/fr\/?s={search_term_string}"},"query-input":{"@type":"PropertyValueSpecification","valueRequired":true,"valueName":"search_term_string"}}],"inLanguage":"en-US"},{"@type":"Organization","@id":"https:\/\/www.cravanparis.com\/fr\/#organization","name":"CRAVAN - Cocktail Bar - Paris 6","url":"https:\/\/www.cravanparis.com\/fr\/","logo":{"@type":"ImageObject","inLanguage":"en-US","@id":"https:\/\/www.cravanparis.com\/fr\/#\/schema\/logo\/image\/","url":"https:\/\/www.cravanparis.com\/app\/uploads\/2026\/03\/cravan.svg","contentUrl":"https:\/\/www.cravanparis.com\/app\/uploads\/2026\/03\/cravan.svg","width":1296,"height":357,"caption":"CRAVAN - Cocktail Bar - Paris 6"},"image":{"@id":"https:\/\/www.cravanparis.com\/fr\/#\/schema\/logo\/image\/"},"sameAs":["https:\/\/www.instagram.com\/cravanparis\/"]}]}},"_links":{"self":[{"href":"https:\/\/www.cravanparis.com\/en\/wp-json\/wp\/v2\/pages\/1002","targetHints":{"allow":["GET"]}}],"collection":[{"href":"https:\/\/www.cravanparis.com\/en\/wp-json\/wp\/v2\/pages"}],"about":[{"href":"https:\/\/www.cravanparis.com\/en\/wp-json\/wp\/v2\/types\/page"}],"author":[{"embeddable":true,"href":"https:\/\/www.cravanparis.com\/en\/wp-json\/wp\/v2\/users\/1"}],"replies":[{"embeddable":true,"href":"https:\/\/www.cravanparis.com\/en\/wp-json\/wp\/v2\/comments?post=1002"}],"version-history":[{"count":14,"href":"https:\/\/www.cravanparis.com\/en\/wp-json\/wp\/v2\/pages\/1002\/revisions"}],"predecessor-version":[{"id":1744,"href":"https:\/\/www.cravanparis.com\/en\/wp-json\/wp\/v2\/pages\/1002\/revisions\/1744"}],"wp:attachment":[{"href":"https:\/\/www.cravanparis.com\/en\/wp-json\/wp\/v2\/media?parent=1002"}],"curies":[{"name":"wp","href":"https:\/\/api.w.org\/{rel}","templated":true}]}}