{"id":1056,"date":"2026-01-19T15:15:53","date_gmt":"2026-01-19T14:15:53","guid":{"rendered":"https:\/\/www.cravanparis.com\/shop\/objects\/"},"modified":"2026-04-13T14:29:06","modified_gmt":"2026-04-13T12:29:06","slug":"objects","status":"publish","type":"page","link":"https:\/\/www.cravanparis.com\/en\/shop\/objects\/","title":{"rendered":"Objects"},"content":{"rendered":"                <div  class=\"cravan-bloc cravan-hero cravan-hero-container height-50 height-50 has-no-marge-bottom\">\n            <div class=\"container-fluid cravan__hero_container h-100\">\n\n                <div class=\"row align-content-center justify-content-center h-100\">\n\n                                            <div class=\"cravan__hero_background_image\">\n                            <div class=\"cravan-bloc cravan-image container-fluid\">\n                                <img decoding=\"async\" src=\"https:\/\/www.cravanparis.com\/app\/uploads\/2026\/01\/cravan_boutique.jpg.avif\" alt=\"\" class=\"img-fluid\"\/>\n                            <\/div>\n                        <\/div>\n\n                    \n                    <div class=\"container\">\n\n                        <div class=\"cravan__hero_content row\">\n\n                            <div class=\"col-12\">\n\n                                <div class=\"row justify-content-center\">\n                                    <div class=\"col-12\">\n                                        <div class=\"cravan-bloc cravan-subtitle-title-text-cta\">\n\n                                            <div class=\"row justify-content-center\">\n                                                <div class=\"col-12 text-center\">\n                                                    <div class=\"cravan__title_container\">\n\n                                                        \n                                                        <div class=\"cravan__title row\">\n                                                            <h1 class=\"col\">\n                                                            Shop                                                        <\/h1>\n                                                    <\/div>\n                                                <\/div>\n\n                                                <div class=\"cravan__text row justify-content-center\">\n                                                    <div class=\"col-12 col-lg-6\">\n                                                                                                            <\/div>\n                                                <\/div>\n                                                                                            <\/div>\n\n                                        <\/div>\n                                    <\/div>\n                                <\/div>\n                            <\/div>\n\n                        <\/div>\n\n                    <\/div>\n\n                <\/div>\n\n            <\/div>\n        <\/div>\n        <\/div>\n                    <div  class=\"cravan-bloc cravan-navigation-internal  \">\n            <div class=\"row\">\n                <div class=\"container\">\n                    <div class=\"row justify-content-center\">\n                        <div class=\"col-auto scroll-container\">\n                                <div class=\"menu-boutique-navigation-anglais-container\"><ul id=\"menu-boutique-navigation-anglais\" class=\"internal-navigation\"><li id=\"menu-item-1149\" class=\"menu-item menu-item-type-post_type menu-item-object-page menu-item-1149\"><a href=\"https:\/\/www.cravanparis.com\/en\/shop\/bottled-cocktails\/\">Bottled cocktails<\/a><\/li>\n<li id=\"menu-item-1150\" class=\"menu-item menu-item-type-post_type menu-item-object-page menu-item-1150\"><a href=\"https:\/\/www.cravanparis.com\/en\/shop\/objects\/\">Objects<\/a><\/li>\n<li id=\"menu-item-1151\" class=\"menu-item menu-item-type-post_type menu-item-object-page menu-item-1151\"><a href=\"https:\/\/www.cravanparis.com\/en\/shop\/where-to-find-us\/\">Where to find us ?<\/a><\/li>\n<\/ul><\/div>                        <\/div>\n                    <\/div>\n                <\/div>\n            <\/div>\n        <\/div>\n            \n            <div  class=\"cravan-bloc cravan-product cravan-product-related cravan-product-class-objets\">\n\n                <div class=\"row\">\n                    <div class=\"container\">\n                        <div class=\"row justify-content-center\">\n                            <div class=\"col-12 cravan__product-related-wrapper\">\n\n                                <section class=\"cravan-product-container\">\n\n\n                                    <div class=\"cravan-bloc cravan-title-single\">\n                                        <div class=\"row\">\n                                            <div class=\"container\">\n                                                <div class=\"row justify-content-center\">\n                                                    <div class=\"col-12 col-lg-auto text-center\">\n                                                        <h2 class=\"cravan__title_container\">\n                                                            Objets                                                        <\/h2>\n                                                    <\/div>\n                                                <\/div>\n                                            <\/div>\n                                        <\/div>\n                                    <\/div>\n\n                                    <ul class=\"cravan__product_related_container\">\n                                        \n                                            <li class=\"cravan__product_related_item product type-product post-1231 status-publish first instock product_cat-objects has-post-thumbnail shipping-taxable purchasable product-type-simple\">\n\n                                                <div class=\"cravan__product_related_content\">\n                                                    <a href=\"https:\/\/www.cravanparis.com\/en\/boutique\/objects\/cravan-cocktail-glass\/\" class=\"woocommerce-LoopProduct-link woocommerce-loop-product__link\"><div class=\"cravan__product_related_image\"><img decoding=\"async\" src=\"https:\/\/www.cravanparis.com\/app\/uploads\/2026\/02\/Verre.png.avif\" alt=\"\" class=\"img-fluid\" \/><\/div>                                                    <div class=\"cravan__product_related_title\">\n                                                        <h2 class=\"woocommerce-loop-product__title\">CRAVAN cocktail glass<\/h2>\n\t<span class=\"price\"><span class=\"woocommerce-Price-amount amount\"><bdi><span class=\"woocommerce-Price-currencySymbol\">&euro;<\/span>20,00<\/bdi><\/span><\/span>\n                                                    <\/div>\n                                                    <\/a>                                                <\/div>\n\n                                            <\/li>\n\n                                        \n                                            <li class=\"cravan__product_related_item product type-product post-1234 status-publish instock product_cat-objects has-post-thumbnail shipping-taxable purchasable product-type-simple\">\n\n                                                <div class=\"cravan__product_related_content\">\n                                                    <a href=\"https:\/\/www.cravanparis.com\/en\/boutique\/objects\/varsity-jacket-3-paradis-x-cravan\/\" class=\"woocommerce-LoopProduct-link woocommerce-loop-product__link\"><div class=\"cravan__product_related_image\"><img decoding=\"async\" src=\"https:\/\/www.cravanparis.com\/app\/uploads\/2026\/02\/teddy.png.avif\" alt=\"\" class=\"img-fluid\" \/><\/div>                                                    <div class=\"cravan__product_related_title\">\n                                                        <h2 class=\"woocommerce-loop-product__title\">Varsity jacket 3.Paradis x Cravan<\/h2>\n\t<span class=\"price\"><span class=\"woocommerce-Price-amount amount\"><bdi><span class=\"woocommerce-Price-currencySymbol\">&euro;<\/span>690,00<\/bdi><\/span><\/span>\n                                                    <\/div>\n                                                    <\/a>                                                <\/div>\n\n                                            <\/li>\n\n                                        \n                                            <li class=\"cravan__product_related_item product type-product post-1241 status-publish instock product_cat-objects has-post-thumbnail shipping-taxable purchasable product-type-simple\">\n\n                                                <div class=\"cravan__product_related_content\">\n                                                    <a href=\"https:\/\/www.cravanparis.com\/en\/boutique\/objects\/t-shirt-drier-bitter-better\/\" class=\"woocommerce-LoopProduct-link woocommerce-loop-product__link\"><div class=\"cravan__product_related_image\"><img decoding=\"async\" src=\"https:\/\/www.cravanparis.com\/app\/uploads\/2026\/02\/Cravan-Packshots-Tshirt-Face.png.avif\" alt=\"\" class=\"img-fluid\" \/><\/div>                                                    <div class=\"cravan__product_related_title\">\n                                                        <h2 class=\"woocommerce-loop-product__title\">T-shirt Drier Bitter Better<\/h2>\n\t<span class=\"price\"><span class=\"woocommerce-Price-amount amount\"><bdi><span class=\"woocommerce-Price-currencySymbol\">&euro;<\/span>45,00<\/bdi><\/span><\/span>\n                                                    <\/div>\n                                                    <\/a>                                                <\/div>\n\n                                            <\/li>\n\n                                        \n                                            <li class=\"cravan__product_related_item product type-product post-1249 status-publish last instock product_cat-objects has-post-thumbnail shipping-taxable purchasable product-type-simple\">\n\n                                                <div class=\"cravan__product_related_content\">\n                                                    <a href=\"https:\/\/www.cravanparis.com\/en\/boutique\/objects\/t-shirt-006\/\" class=\"woocommerce-LoopProduct-link woocommerce-loop-product__link\"><div class=\"cravan__product_related_image\"><img decoding=\"async\" src=\"https:\/\/www.cravanparis.com\/app\/uploads\/2026\/02\/Cravan-Packshots-2-Tshirt-Face.png.avif\" alt=\"\" class=\"img-fluid\" \/><\/div>                                                    <div class=\"cravan__product_related_title\">\n                                                        <h2 class=\"woocommerce-loop-product__title\">T-Shirt 006<\/h2>\n\t<span class=\"price\"><span class=\"woocommerce-Price-amount amount\"><bdi><span class=\"woocommerce-Price-currencySymbol\">&euro;<\/span>45,00<\/bdi><\/span><\/span>\n                                                    <\/div>\n                                                    <\/a>                                                <\/div>\n\n                                            <\/li>\n\n                                        \n                                            <li class=\"cravan__product_related_item product type-product post-1256 status-publish first instock product_cat-objects has-post-thumbnail shipping-taxable purchasable product-type-simple\">\n\n                                                <div class=\"cravan__product_related_content\">\n                                                    <a href=\"https:\/\/www.cravanparis.com\/en\/boutique\/objects\/french-modern-cocktails-book\/\" class=\"woocommerce-LoopProduct-link woocommerce-loop-product__link\"><div class=\"cravan__product_related_image\"><img decoding=\"async\" src=\"https:\/\/www.cravanparis.com\/app\/uploads\/2026\/02\/Cravan-Packshots-Book_0.png.avif\" alt=\"\" class=\"img-fluid\" \/><\/div>                                                    <div class=\"cravan__product_related_title\">\n                                                        <h2 class=\"woocommerce-loop-product__title\">French Modern Cocktails Book<\/h2>\n\t<span class=\"price\"><span class=\"woocommerce-Price-amount amount\"><bdi><span class=\"woocommerce-Price-currencySymbol\">&euro;<\/span>30,00<\/bdi><\/span><\/span>\n                                                    <\/div>\n                                                    <\/a>                                                <\/div>\n\n                                            <\/li>\n\n                                                                            <\/ul>\n                                <\/section>\n\n\n                            <\/div>\n                        <\/div>\n                    <\/div>\n                <\/div>\n            <\/div>\n                            <div  class=\"cravan-bloc cravan-banner-cta-container \">\n            <a href=\"https:\/\/www.cravanparis.com\/en\/maison\/\" target=\"_self\" class=\"container-fluid cravan__banner_container h-100\" style=\"\">\n\n                <div class=\"row align-content-center justify-content-center h-100\">\n\n                    <div class=\"cravan__background_image\">\n                        <div class=\"cravan__image_container\">\n                            <div class=\"cravan-bloc cravan-image container-fluid\">\n                                <img decoding=\"async\" src=\"https:\/\/www.cravanparis.com\/app\/uploads\/2025\/12\/VLX5264-light.jpg.webp\" alt=\"\" class=\"img-fluid\"\/>\n                            <\/div>\n                        <\/div>\n                    <\/div>\n                    <div class=\"container\">\n\n                        <div class=\"cravan__banner_content row\">\n\n                            <div class=\"col-12\">\n\n                                <div class=\"row justify-content-center\">\n                                    <div class=\"col-12 text-center\">\n                                        <div class=\"cravan__title_container\">\n                                            <div class=\"cravan__title row\">\n                                                <div class=\"col\">\n                                                    Maison                                                <\/div>\n                                            <\/div>\n                                        <\/div>\n\n                                                                                    <div class=\"cravan__cta row justify-content-center\">\n                                                <div class=\"col-auto\">\n                                                    <div class=\"cravan-button-secondary\">\n                                                        Discover                                                    <\/div>\n                                                <\/div>\n                                            <\/div>\n                                        \n                                    <\/div>\n                                <\/div>\n\n                            <\/div>\n\n                        <\/div>\n\n                    <\/div>\n\n                <\/div>\n            <\/a>\n        <\/div>\n    ","protected":false},"excerpt":{"rendered":"","protected":false},"author":1,"featured_media":0,"parent":1017,"menu_order":0,"comment_status":"closed","ping_status":"closed","template":"page-shop.php","meta":{"_acf_changed":false,"inline_featured_image":false,"footnotes":""},"class_list":["post-1056","page","type-page","status-publish","hentry"],"acf":[],"yoast_head":"<!-- This site is optimized with the Yoast SEO plugin v27.3 - https:\/\/yoast.com\/product\/yoast-seo-wordpress\/ -->\n<title>SHOP | CRAVAN - Cocktail Bar - Paris 6<\/title>\n<meta name=\"description\" content=\"A unique selection of various objects from the CRAVAN universe.\" \/>\n<meta name=\"robots\" content=\"index, follow, max-snippet:-1, max-image-preview:large, max-video-preview:-1\" \/>\n<link rel=\"canonical\" href=\"https:\/\/www.cravanparis.com\/en\/shop\/objects\/\" \/>\n<meta property=\"og:locale\" content=\"en_US\" \/>\n<meta property=\"og:type\" content=\"article\" \/>\n<meta property=\"og:title\" content=\"SHOP | CRAVAN - Cocktail Bar - Paris 6\" \/>\n<meta property=\"og:description\" content=\"A unique selection of various objects from the CRAVAN universe.\" \/>\n<meta property=\"og:url\" content=\"https:\/\/www.cravanparis.com\/en\/shop\/objects\/\" \/>\n<meta property=\"og:site_name\" content=\"CRAVAN - Cocktail Bar - Paris 6\" \/>\n<meta property=\"article:modified_time\" content=\"2026-04-13T12:29:06+00:00\" \/>\n<meta name=\"twitter:card\" content=\"summary_large_image\" \/>\n<script type=\"application\/ld+json\" class=\"yoast-schema-graph\">{\"@context\":\"https:\\\/\\\/schema.org\",\"@graph\":[{\"@type\":\"WebPage\",\"@id\":\"https:\\\/\\\/www.cravanparis.com\\\/en\\\/shop\\\/objects\\\/\",\"url\":\"https:\\\/\\\/www.cravanparis.com\\\/en\\\/shop\\\/objects\\\/\",\"name\":\"SHOP | CRAVAN - Cocktail Bar - Paris 6\",\"isPartOf\":{\"@id\":\"https:\\\/\\\/www.cravanparis.com\\\/fr\\\/#website\"},\"datePublished\":\"2026-01-19T14:15:53+00:00\",\"dateModified\":\"2026-04-13T12:29:06+00:00\",\"description\":\"A unique selection of various objects from the CRAVAN universe.\",\"breadcrumb\":{\"@id\":\"https:\\\/\\\/www.cravanparis.com\\\/en\\\/shop\\\/objects\\\/#breadcrumb\"},\"inLanguage\":\"en-US\",\"potentialAction\":[{\"@type\":\"ReadAction\",\"target\":[\"https:\\\/\\\/www.cravanparis.com\\\/en\\\/shop\\\/objects\\\/\"]}]},{\"@type\":\"BreadcrumbList\",\"@id\":\"https:\\\/\\\/www.cravanparis.com\\\/en\\\/shop\\\/objects\\\/#breadcrumb\",\"itemListElement\":[{\"@type\":\"ListItem\",\"position\":1,\"name\":\"Home\",\"item\":\"https:\\\/\\\/www.cravanparis.com\\\/en\\\/\"},{\"@type\":\"ListItem\",\"position\":2,\"name\":\"Shop\",\"item\":\"https:\\\/\\\/www.cravanparis.com\\\/en\\\/shop\\\/\"},{\"@type\":\"ListItem\",\"position\":3,\"name\":\"Objects\"}]},{\"@type\":\"WebSite\",\"@id\":\"https:\\\/\\\/www.cravanparis.com\\\/fr\\\/#website\",\"url\":\"https:\\\/\\\/www.cravanparis.com\\\/fr\\\/\",\"name\":\"CRAVAN - Cocktail Bar - Paris 6\",\"description\":\"CRAVAN, bar \u00e0 cocktails dans le 6\u00e8 arrondissement de Paris, au c\u0153ur du quartier litt\u00e9raire de Saint-Germain-des-Pr\u00e9s. Suivez-nous sur @cravanparis.\",\"publisher\":{\"@id\":\"https:\\\/\\\/www.cravanparis.com\\\/fr\\\/#organization\"},\"potentialAction\":[{\"@type\":\"SearchAction\",\"target\":{\"@type\":\"EntryPoint\",\"urlTemplate\":\"https:\\\/\\\/www.cravanparis.com\\\/fr\\\/?s={search_term_string}\"},\"query-input\":{\"@type\":\"PropertyValueSpecification\",\"valueRequired\":true,\"valueName\":\"search_term_string\"}}],\"inLanguage\":\"en-US\"},{\"@type\":\"Organization\",\"@id\":\"https:\\\/\\\/www.cravanparis.com\\\/fr\\\/#organization\",\"name\":\"CRAVAN - Cocktail Bar - Paris 6\",\"url\":\"https:\\\/\\\/www.cravanparis.com\\\/fr\\\/\",\"logo\":{\"@type\":\"ImageObject\",\"inLanguage\":\"en-US\",\"@id\":\"https:\\\/\\\/www.cravanparis.com\\\/fr\\\/#\\\/schema\\\/logo\\\/image\\\/\",\"url\":\"https:\\\/\\\/www.cravanparis.com\\\/app\\\/uploads\\\/2026\\\/03\\\/cravan.svg\",\"contentUrl\":\"https:\\\/\\\/www.cravanparis.com\\\/app\\\/uploads\\\/2026\\\/03\\\/cravan.svg\",\"width\":1296,\"height\":357,\"caption\":\"CRAVAN - Cocktail Bar - Paris 6\"},\"image\":{\"@id\":\"https:\\\/\\\/www.cravanparis.com\\\/fr\\\/#\\\/schema\\\/logo\\\/image\\\/\"},\"sameAs\":[\"https:\\\/\\\/www.instagram.com\\\/cravanparis\\\/\"]}]}<\/script>\n<!-- \/ Yoast SEO plugin. -->","yoast_head_json":{"title":"SHOP | CRAVAN - Cocktail Bar - Paris 6","description":"A unique selection of various objects from the CRAVAN universe.","robots":{"index":"index","follow":"follow","max-snippet":"max-snippet:-1","max-image-preview":"max-image-preview:large","max-video-preview":"max-video-preview:-1"},"canonical":"https:\/\/www.cravanparis.com\/en\/shop\/objects\/","og_locale":"en_US","og_type":"article","og_title":"SHOP | CRAVAN - Cocktail Bar - Paris 6","og_description":"A unique selection of various objects from the CRAVAN universe.","og_url":"https:\/\/www.cravanparis.com\/en\/shop\/objects\/","og_site_name":"CRAVAN - Cocktail Bar - Paris 6","article_modified_time":"2026-04-13T12:29:06+00:00","twitter_card":"summary_large_image","schema":{"@context":"https:\/\/schema.org","@graph":[{"@type":"WebPage","@id":"https:\/\/www.cravanparis.com\/en\/shop\/objects\/","url":"https:\/\/www.cravanparis.com\/en\/shop\/objects\/","name":"SHOP | CRAVAN - Cocktail Bar - Paris 6","isPartOf":{"@id":"https:\/\/www.cravanparis.com\/fr\/#website"},"datePublished":"2026-01-19T14:15:53+00:00","dateModified":"2026-04-13T12:29:06+00:00","description":"A unique selection of various objects from the CRAVAN universe.","breadcrumb":{"@id":"https:\/\/www.cravanparis.com\/en\/shop\/objects\/#breadcrumb"},"inLanguage":"en-US","potentialAction":[{"@type":"ReadAction","target":["https:\/\/www.cravanparis.com\/en\/shop\/objects\/"]}]},{"@type":"BreadcrumbList","@id":"https:\/\/www.cravanparis.com\/en\/shop\/objects\/#breadcrumb","itemListElement":[{"@type":"ListItem","position":1,"name":"Home","item":"https:\/\/www.cravanparis.com\/en\/"},{"@type":"ListItem","position":2,"name":"Shop","item":"https:\/\/www.cravanparis.com\/en\/shop\/"},{"@type":"ListItem","position":3,"name":"Objects"}]},{"@type":"WebSite","@id":"https:\/\/www.cravanparis.com\/fr\/#website","url":"https:\/\/www.cravanparis.com\/fr\/","name":"CRAVAN - Cocktail Bar - Paris 6","description":"CRAVAN, bar \u00e0 cocktails dans le 6\u00e8 arrondissement de Paris, au c\u0153ur du quartier litt\u00e9raire de Saint-Germain-des-Pr\u00e9s. Suivez-nous sur @cravanparis.","publisher":{"@id":"https:\/\/www.cravanparis.com\/fr\/#organization"},"potentialAction":[{"@type":"SearchAction","target":{"@type":"EntryPoint","urlTemplate":"https:\/\/www.cravanparis.com\/fr\/?s={search_term_string}"},"query-input":{"@type":"PropertyValueSpecification","valueRequired":true,"valueName":"search_term_string"}}],"inLanguage":"en-US"},{"@type":"Organization","@id":"https:\/\/www.cravanparis.com\/fr\/#organization","name":"CRAVAN - Cocktail Bar - Paris 6","url":"https:\/\/www.cravanparis.com\/fr\/","logo":{"@type":"ImageObject","inLanguage":"en-US","@id":"https:\/\/www.cravanparis.com\/fr\/#\/schema\/logo\/image\/","url":"https:\/\/www.cravanparis.com\/app\/uploads\/2026\/03\/cravan.svg","contentUrl":"https:\/\/www.cravanparis.com\/app\/uploads\/2026\/03\/cravan.svg","width":1296,"height":357,"caption":"CRAVAN - Cocktail Bar - Paris 6"},"image":{"@id":"https:\/\/www.cravanparis.com\/fr\/#\/schema\/logo\/image\/"},"sameAs":["https:\/\/www.instagram.com\/cravanparis\/"]}]}},"_links":{"self":[{"href":"https:\/\/www.cravanparis.com\/en\/wp-json\/wp\/v2\/pages\/1056","targetHints":{"allow":["GET"]}}],"collection":[{"href":"https:\/\/www.cravanparis.com\/en\/wp-json\/wp\/v2\/pages"}],"about":[{"href":"https:\/\/www.cravanparis.com\/en\/wp-json\/wp\/v2\/types\/page"}],"author":[{"embeddable":true,"href":"https:\/\/www.cravanparis.com\/en\/wp-json\/wp\/v2\/users\/1"}],"replies":[{"embeddable":true,"href":"https:\/\/www.cravanparis.com\/en\/wp-json\/wp\/v2\/comments?post=1056"}],"version-history":[{"count":4,"href":"https:\/\/www.cravanparis.com\/en\/wp-json\/wp\/v2\/pages\/1056\/revisions"}],"predecessor-version":[{"id":1757,"href":"https:\/\/www.cravanparis.com\/en\/wp-json\/wp\/v2\/pages\/1056\/revisions\/1757"}],"up":[{"embeddable":true,"href":"https:\/\/www.cravanparis.com\/en\/wp-json\/wp\/v2\/pages\/1017"}],"wp:attachment":[{"href":"https:\/\/www.cravanparis.com\/en\/wp-json\/wp\/v2\/media?parent=1056"}],"curies":[{"name":"wp","href":"https:\/\/api.w.org\/{rel}","templated":true}]}}