{"id":1066,"date":"2025-12-09T12:22:49","date_gmt":"2025-12-09T11:22:49","guid":{"rendered":"https:\/\/www.cravanparis.com\/melange-des-genres-events\/"},"modified":"2026-04-13T14:27:29","modified_gmt":"2026-04-13T12:27:29","slug":"melange-des-genres-events","status":"publish","type":"page","link":"https:\/\/www.cravanparis.com\/en\/melange-des-genres-events\/","title":{"rendered":"M\u00e9lange des Genres events"},"content":{"rendered":"                <div  class=\"cravan-bloc cravan-hero cravan-hero-container height-50 has-no-marge-bottom\">\n            <div class=\"container-fluid cravan__hero_container h-100\">\n\n                <div class=\"row align-content-center justify-content-center h-100\">\n\n                                            <div class=\"cravan__hero_background_image\">\n                            <div class=\"cravan-bloc cravan-image container-fluid\">\n                                <img decoding=\"async\" src=\"https:\/\/www.cravanparis.com\/app\/uploads\/2025\/12\/CRAVAN-x-BIG-BANG-5249_cropped.jpg.avif\" alt=\"\" class=\"img-fluid\"\/>\n                            <\/div>\n                        <\/div>\n\n                    \n                    <div class=\"container\">\n\n                        <div class=\"cravan__hero_content row\">\n\n                            <div class=\"col-12\">\n\n                                <div class=\"row justify-content-center\">\n                                    <div class=\"col-12\">\n                                        <div class=\"cravan-bloc cravan-subtitle-title-text-cta\">\n\n                                            <div class=\"row justify-content-center\">\n                                                <div class=\"col-12 text-center\">\n                                                    <div class=\"cravan__title_container\">\n\n                                                        \n                                                        <div class=\"cravan__title row\">\n                                                            <h1 class=\"col\">\n                                                            Agenda                                                        <\/h1>\n                                                    <\/div>\n                                                <\/div>\n\n                                                <div class=\"cravan__text row justify-content-center\">\n                                                    <div class=\"col-12 col-lg-6\">\n                                                                                                            <\/div>\n                                                <\/div>\n                                                                                            <\/div>\n\n                                        <\/div>\n                                    <\/div>\n                                <\/div>\n                            <\/div>\n\n                        <\/div>\n\n                    <\/div>\n\n                <\/div>\n\n            <\/div>\n        <\/div>\n        <\/div>\n                    <div  class=\"cravan-bloc cravan-navigation-internal  \">\n            <div class=\"row\">\n                <div class=\"container\">\n                    <div class=\"row justify-content-center\">\n                        <div class=\"col-auto scroll-container\">\n                                <div class=\"menu-evenements-navigation-anglais-container\"><ul id=\"menu-evenements-navigation-anglais\" class=\"internal-navigation\"><li id=\"menu-item-1146\" class=\"menu-item menu-item-type-post_type menu-item-object-page menu-item-1146\"><a href=\"https:\/\/www.cravanparis.com\/en\/melange-des-genres-events\/\">M\u00e9lange des Genres events<\/a><\/li>\n<li id=\"menu-item-1147\" class=\"menu-item menu-item-type-post_type menu-item-object-page menu-item-1147\"><a href=\"https:\/\/www.cravanparis.com\/en\/agenda\/\">Other events<\/a><\/li>\n<li id=\"menu-item-1148\" class=\"menu-item menu-item-type-post_type menu-item-object-page menu-item-1148\"><a href=\"https:\/\/www.cravanparis.com\/en\/your-event-at-cravan\/\">Your event at CRAVAN<\/a><\/li>\n<\/ul><\/div>                        <\/div>\n                    <\/div>\n                <\/div>\n            <\/div>\n        <\/div>\n                    <div  class=\"cravan-bloc cravan-image-text cravan-two-columns \">\n\n            <div class=\"row\">\n                <div class=\"container\">\n                    <div class=\"row justify-content-center\">\n\n                        <div class=\"col-12 col-xl-10\">\n                            <div class=\"row justify-content-between\">\n                            <div class=\"col-12 col-lg-6 cravan__image_text_text_container align-self-start\">\n                                <p>M\u00e9lange des Genres events aggregates and multiplies, confronts and reinforces. From the margins to the mainstream, it offers. It glues, adds, and layers. The popular and the niche, the unknown and the famous, the enormous and the extraordinary, the uninitiated and the discerning. It is not an answer. It is a chemistry. It blends genres and people. It illuminates them in a new light.<\/p>\n<p>While it may sometimes be considered questionable, it is never in bad taste. Neither vulgar nor irrelevant, it disturbs because it questions and combines, creating a whole that is often unprecedented, greater than the sum of its parts.<\/p>\n<p><img loading=\"lazy\" decoding=\"async\" class=\"alignnone size-large wp-image-919\" src=\"https:\/\/www.cravanparis.com\/app\/uploads\/2026\/01\/melange_des_genres.png-1024x286.avif\" alt=\"\" width=\"1024\" height=\"286\" srcset=\"https:\/\/www.cravanparis.com\/app\/uploads\/2026\/01\/melange_des_genres.png-1024x286.avif 1024w, https:\/\/www.cravanparis.com\/app\/uploads\/2026\/01\/melange_des_genres.png-300x84.avif 300w, https:\/\/www.cravanparis.com\/app\/uploads\/2026\/01\/melange_des_genres.png-768x214.avif 768w, https:\/\/www.cravanparis.com\/app\/uploads\/2026\/01\/melange_des_genres.png-600x168.avif 600w, https:\/\/www.cravanparis.com\/app\/uploads\/2026\/01\/melange_des_genres.png.avif 1400w\" sizes=\"auto, (max-width: 1024px) 100vw, 1024px\" \/><\/p>\n                            <\/div>\n\n                            <div class=\"col-12 col-lg-6 cravan__image_text_text_container align-self-end\">\n                                <p>Throughout the year, Japanese samurai films, a pop star, a vampire, Italian photo novels, and a renowned wine cellar master all converge and mingle here. Tastemakers, meticulous craftspeople, scholars, ordinary people, and select artists cross paths and mingle.<\/p>\n<p>To take part, nothing could be simpler. Just take a stroll through the Latin Quarter as evening falls. Push open the doors of this house at 165 Boulevard Saint-Germain. With one foot in the future and the other in the past, experience a night of a new kind.<\/p>\n                            <\/div>\n                            <\/div>\n                        <\/div>\n                    <\/div>\n                <\/div>\n            <\/div>\n        <\/div>\n            \n        <div  class=\"cravan-bloc cravan-events-grid \">\n\n            <div class=\"container\">\n                <div class=\"row justify-content-center\">\n                    <div class=\"col-12\">\n\n                        <div id=\"bloc-events\" class=\"row bloc-grid-content\"\n                             data-category=\"14\"\n                             data-perpage=\"12\"\n                             data-pagination=\"yes\">\n                            <div class=\"col-12\">\n\n                                <div id=\"events-loader\" class=\"bloc-loader\">\n                                    <svg class=\"loader\" width=\"60\" height=\"60\" version=\"1.1\" xmlns=\"http:\/\/www.w3.org\/2000\/svg\">\n                                        <circle cx=\"20\" cy=\"20\" r=\"15\" fill=\"transparent\" stroke=\"#f00\" stroke-width=\"2\">\n                                            <animateTransform attributeName=\"transform\"\n                                                              type=\"rotate\"\n                                                              from=\"0 20 20\" to=\"360 20 20\"\n                                                              begin=\"0s\" dur=\"5s\"\n                                                              repeatCount=\"indefinite\"\n                                            \/>\n                                        <\/circle>\n                                    <\/svg>\n                                <\/div>\n\n                                <div class=\"grid-items row\" style=\"min-height: 550px\"><!--AJAX CALL--><\/div>\n\n                                                                    <div id=\"events-loadmore\" class=\"text-center\">\n                                        <div class=\"button-more-indicator\">\n                                            <div class=\"button-more-pages\">\n                                                <span class=\"page-indicator-actual\">0<\/span>\n                                                <span>on<\/span>\n                                                <span class=\"page-indicator-total\">0<\/span>\n                                            <\/div>\n                                            <div class=\"button-more-indicator-line\">\n                                                <span><\/span>\n                                            <\/div>\n                                        <\/div>\n                                        <button class=\"cravan-button-primary button-more disabled\">\n                                            <span>Show more<\/span>\n                                        <\/button>\n                                    <\/div>\n                                                            <\/div>\n                        <\/div>\n\n                    <\/div>\n                <\/div>\n            <\/div>\n\n        <\/div>\n                    <div  class=\"cravan-bloc cravan-banner-cta-container \">\n            <a href=\"https:\/\/www.cravanparis.com\/en\/maison\/\" target=\"_self\" class=\"container-fluid cravan__banner_container h-100\" style=\"\">\n\n                <div class=\"row align-content-center justify-content-center h-100\">\n\n                    <div class=\"cravan__background_image\">\n                        <div class=\"cravan__image_container\">\n                            <div class=\"cravan-bloc cravan-image container-fluid\">\n                                <img decoding=\"async\" src=\"https:\/\/www.cravanparis.com\/app\/uploads\/2025\/12\/VLX5264-light.jpg.webp\" alt=\"\" class=\"img-fluid\"\/>\n                            <\/div>\n                        <\/div>\n                    <\/div>\n                    <div class=\"container\">\n\n                        <div class=\"cravan__banner_content row\">\n\n                            <div class=\"col-12\">\n\n                                <div class=\"row justify-content-center\">\n                                    <div class=\"col-12 text-center\">\n                                        <div class=\"cravan__title_container\">\n                                            <div class=\"cravan__title row\">\n                                                <div class=\"col\">\n                                                    Maison                                                <\/div>\n                                            <\/div>\n                                        <\/div>\n\n                                                                                    <div class=\"cravan__cta row justify-content-center\">\n                                                <div class=\"col-auto\">\n                                                    <div class=\"cravan-button-secondary\">\n                                                        Discover                                                    <\/div>\n                                                <\/div>\n                                            <\/div>\n                                        \n                                    <\/div>\n                                <\/div>\n\n                            <\/div>\n\n                        <\/div>\n\n                    <\/div>\n\n                <\/div>\n            <\/a>\n        <\/div>\n    ","protected":false},"excerpt":{"rendered":"","protected":false},"author":1,"featured_media":0,"parent":0,"menu_order":0,"comment_status":"closed","ping_status":"closed","template":"page-default.php","meta":{"_acf_changed":false,"inline_featured_image":false,"footnotes":""},"class_list":["post-1066","page","type-page","status-publish","hentry"],"acf":[],"yoast_head":"<!-- This site is optimized with the Yoast SEO plugin v27.3 - https:\/\/yoast.com\/product\/yoast-seo-wordpress\/ -->\n<title>M\u00e9lange des Genres events - CRAVAN - Cocktail Bar - Paris 6<\/title>\n<meta name=\"description\" content=\"Discover M\u00e9lange des Genres at CRAVAN Paris: a unique cultural program in Saint-Germain-des-Pr\u00e9s blending cocktails, gastronomy, cinema and literature.\" \/>\n<meta name=\"robots\" content=\"index, follow, max-snippet:-1, max-image-preview:large, max-video-preview:-1\" \/>\n<link rel=\"canonical\" href=\"https:\/\/www.cravanparis.com\/en\/melange-des-genres-events\/\" \/>\n<meta property=\"og:locale\" content=\"en_US\" \/>\n<meta property=\"og:type\" content=\"article\" \/>\n<meta property=\"og:title\" content=\"M\u00e9lange des Genres events - CRAVAN - Cocktail Bar - Paris 6\" \/>\n<meta property=\"og:description\" content=\"Discover M\u00e9lange des Genres at CRAVAN Paris: a unique cultural program in Saint-Germain-des-Pr\u00e9s blending cocktails, gastronomy, cinema and literature.\" \/>\n<meta property=\"og:url\" content=\"https:\/\/www.cravanparis.com\/en\/melange-des-genres-events\/\" \/>\n<meta property=\"og:site_name\" content=\"CRAVAN - Cocktail Bar - Paris 6\" \/>\n<meta property=\"article:modified_time\" content=\"2026-04-13T12:27:29+00:00\" \/>\n<meta name=\"twitter:card\" content=\"summary_large_image\" \/>\n<script type=\"application\/ld+json\" class=\"yoast-schema-graph\">{\"@context\":\"https:\\\/\\\/schema.org\",\"@graph\":[{\"@type\":\"WebPage\",\"@id\":\"https:\\\/\\\/www.cravanparis.com\\\/en\\\/melange-des-genres-events\\\/\",\"url\":\"https:\\\/\\\/www.cravanparis.com\\\/en\\\/melange-des-genres-events\\\/\",\"name\":\"M\u00e9lange des Genres events - CRAVAN - Cocktail Bar - Paris 6\",\"isPartOf\":{\"@id\":\"https:\\\/\\\/www.cravanparis.com\\\/fr\\\/#website\"},\"datePublished\":\"2025-12-09T11:22:49+00:00\",\"dateModified\":\"2026-04-13T12:27:29+00:00\",\"description\":\"Discover M\u00e9lange des Genres at CRAVAN Paris: a unique cultural program in Saint-Germain-des-Pr\u00e9s blending cocktails, gastronomy, cinema and literature.\",\"breadcrumb\":{\"@id\":\"https:\\\/\\\/www.cravanparis.com\\\/en\\\/melange-des-genres-events\\\/#breadcrumb\"},\"inLanguage\":\"en-US\",\"potentialAction\":[{\"@type\":\"ReadAction\",\"target\":[\"https:\\\/\\\/www.cravanparis.com\\\/en\\\/melange-des-genres-events\\\/\"]}]},{\"@type\":\"BreadcrumbList\",\"@id\":\"https:\\\/\\\/www.cravanparis.com\\\/en\\\/melange-des-genres-events\\\/#breadcrumb\",\"itemListElement\":[{\"@type\":\"ListItem\",\"position\":1,\"name\":\"Home\",\"item\":\"https:\\\/\\\/www.cravanparis.com\\\/en\\\/\"},{\"@type\":\"ListItem\",\"position\":2,\"name\":\"M\u00e9lange des Genres events\"}]},{\"@type\":\"WebSite\",\"@id\":\"https:\\\/\\\/www.cravanparis.com\\\/fr\\\/#website\",\"url\":\"https:\\\/\\\/www.cravanparis.com\\\/fr\\\/\",\"name\":\"CRAVAN - Cocktail Bar - Paris 6\",\"description\":\"CRAVAN, bar \u00e0 cocktails dans le 6\u00e8 arrondissement de Paris, au c\u0153ur du quartier litt\u00e9raire de Saint-Germain-des-Pr\u00e9s. Suivez-nous sur @cravanparis.\",\"publisher\":{\"@id\":\"https:\\\/\\\/www.cravanparis.com\\\/fr\\\/#organization\"},\"potentialAction\":[{\"@type\":\"SearchAction\",\"target\":{\"@type\":\"EntryPoint\",\"urlTemplate\":\"https:\\\/\\\/www.cravanparis.com\\\/fr\\\/?s={search_term_string}\"},\"query-input\":{\"@type\":\"PropertyValueSpecification\",\"valueRequired\":true,\"valueName\":\"search_term_string\"}}],\"inLanguage\":\"en-US\"},{\"@type\":\"Organization\",\"@id\":\"https:\\\/\\\/www.cravanparis.com\\\/fr\\\/#organization\",\"name\":\"CRAVAN - Cocktail Bar - Paris 6\",\"url\":\"https:\\\/\\\/www.cravanparis.com\\\/fr\\\/\",\"logo\":{\"@type\":\"ImageObject\",\"inLanguage\":\"en-US\",\"@id\":\"https:\\\/\\\/www.cravanparis.com\\\/fr\\\/#\\\/schema\\\/logo\\\/image\\\/\",\"url\":\"https:\\\/\\\/www.cravanparis.com\\\/app\\\/uploads\\\/2026\\\/03\\\/cravan.svg\",\"contentUrl\":\"https:\\\/\\\/www.cravanparis.com\\\/app\\\/uploads\\\/2026\\\/03\\\/cravan.svg\",\"width\":1296,\"height\":357,\"caption\":\"CRAVAN - Cocktail Bar - Paris 6\"},\"image\":{\"@id\":\"https:\\\/\\\/www.cravanparis.com\\\/fr\\\/#\\\/schema\\\/logo\\\/image\\\/\"},\"sameAs\":[\"https:\\\/\\\/www.instagram.com\\\/cravanparis\\\/\"]}]}<\/script>\n<!-- \/ Yoast SEO plugin. -->","yoast_head_json":{"title":"M\u00e9lange des Genres events - CRAVAN - Cocktail Bar - Paris 6","description":"Discover M\u00e9lange des Genres at CRAVAN Paris: a unique cultural program in Saint-Germain-des-Pr\u00e9s blending cocktails, gastronomy, cinema and literature.","robots":{"index":"index","follow":"follow","max-snippet":"max-snippet:-1","max-image-preview":"max-image-preview:large","max-video-preview":"max-video-preview:-1"},"canonical":"https:\/\/www.cravanparis.com\/en\/melange-des-genres-events\/","og_locale":"en_US","og_type":"article","og_title":"M\u00e9lange des Genres events - CRAVAN - Cocktail Bar - Paris 6","og_description":"Discover M\u00e9lange des Genres at CRAVAN Paris: a unique cultural program in Saint-Germain-des-Pr\u00e9s blending cocktails, gastronomy, cinema and literature.","og_url":"https:\/\/www.cravanparis.com\/en\/melange-des-genres-events\/","og_site_name":"CRAVAN - Cocktail Bar - Paris 6","article_modified_time":"2026-04-13T12:27:29+00:00","twitter_card":"summary_large_image","schema":{"@context":"https:\/\/schema.org","@graph":[{"@type":"WebPage","@id":"https:\/\/www.cravanparis.com\/en\/melange-des-genres-events\/","url":"https:\/\/www.cravanparis.com\/en\/melange-des-genres-events\/","name":"M\u00e9lange des Genres events - CRAVAN - Cocktail Bar - Paris 6","isPartOf":{"@id":"https:\/\/www.cravanparis.com\/fr\/#website"},"datePublished":"2025-12-09T11:22:49+00:00","dateModified":"2026-04-13T12:27:29+00:00","description":"Discover M\u00e9lange des Genres at CRAVAN Paris: a unique cultural program in Saint-Germain-des-Pr\u00e9s blending cocktails, gastronomy, cinema and literature.","breadcrumb":{"@id":"https:\/\/www.cravanparis.com\/en\/melange-des-genres-events\/#breadcrumb"},"inLanguage":"en-US","potentialAction":[{"@type":"ReadAction","target":["https:\/\/www.cravanparis.com\/en\/melange-des-genres-events\/"]}]},{"@type":"BreadcrumbList","@id":"https:\/\/www.cravanparis.com\/en\/melange-des-genres-events\/#breadcrumb","itemListElement":[{"@type":"ListItem","position":1,"name":"Home","item":"https:\/\/www.cravanparis.com\/en\/"},{"@type":"ListItem","position":2,"name":"M\u00e9lange des Genres events"}]},{"@type":"WebSite","@id":"https:\/\/www.cravanparis.com\/fr\/#website","url":"https:\/\/www.cravanparis.com\/fr\/","name":"CRAVAN - Cocktail Bar - Paris 6","description":"CRAVAN, bar \u00e0 cocktails dans le 6\u00e8 arrondissement de Paris, au c\u0153ur du quartier litt\u00e9raire de Saint-Germain-des-Pr\u00e9s. Suivez-nous sur @cravanparis.","publisher":{"@id":"https:\/\/www.cravanparis.com\/fr\/#organization"},"potentialAction":[{"@type":"SearchAction","target":{"@type":"EntryPoint","urlTemplate":"https:\/\/www.cravanparis.com\/fr\/?s={search_term_string}"},"query-input":{"@type":"PropertyValueSpecification","valueRequired":true,"valueName":"search_term_string"}}],"inLanguage":"en-US"},{"@type":"Organization","@id":"https:\/\/www.cravanparis.com\/fr\/#organization","name":"CRAVAN - Cocktail Bar - Paris 6","url":"https:\/\/www.cravanparis.com\/fr\/","logo":{"@type":"ImageObject","inLanguage":"en-US","@id":"https:\/\/www.cravanparis.com\/fr\/#\/schema\/logo\/image\/","url":"https:\/\/www.cravanparis.com\/app\/uploads\/2026\/03\/cravan.svg","contentUrl":"https:\/\/www.cravanparis.com\/app\/uploads\/2026\/03\/cravan.svg","width":1296,"height":357,"caption":"CRAVAN - Cocktail Bar - Paris 6"},"image":{"@id":"https:\/\/www.cravanparis.com\/fr\/#\/schema\/logo\/image\/"},"sameAs":["https:\/\/www.instagram.com\/cravanparis\/"]}]}},"_links":{"self":[{"href":"https:\/\/www.cravanparis.com\/en\/wp-json\/wp\/v2\/pages\/1066","targetHints":{"allow":["GET"]}}],"collection":[{"href":"https:\/\/www.cravanparis.com\/en\/wp-json\/wp\/v2\/pages"}],"about":[{"href":"https:\/\/www.cravanparis.com\/en\/wp-json\/wp\/v2\/types\/page"}],"author":[{"embeddable":true,"href":"https:\/\/www.cravanparis.com\/en\/wp-json\/wp\/v2\/users\/1"}],"replies":[{"embeddable":true,"href":"https:\/\/www.cravanparis.com\/en\/wp-json\/wp\/v2\/comments?post=1066"}],"version-history":[{"count":6,"href":"https:\/\/www.cravanparis.com\/en\/wp-json\/wp\/v2\/pages\/1066\/revisions"}],"predecessor-version":[{"id":1753,"href":"https:\/\/www.cravanparis.com\/en\/wp-json\/wp\/v2\/pages\/1066\/revisions\/1753"}],"wp:attachment":[{"href":"https:\/\/www.cravanparis.com\/en\/wp-json\/wp\/v2\/media?parent=1066"}],"curies":[{"name":"wp","href":"https:\/\/api.w.org\/{rel}","templated":true}]}}