{"id":1111,"date":"2025-12-09T12:24:35","date_gmt":"2025-12-09T11:24:35","guid":{"rendered":"https:\/\/www.cravanparis.com\/join-us\/"},"modified":"2026-04-13T14:36:32","modified_gmt":"2026-04-13T12:36:32","slug":"join-us","status":"publish","type":"page","link":"https:\/\/www.cravanparis.com\/en\/join-us\/","title":{"rendered":"Join us"},"content":{"rendered":"                <div  class=\"cravan-bloc cravan-hero cravan-hero-container height-50 height-50\">\n            <div class=\"container-fluid cravan__hero_container h-100\">\n\n                <div class=\"row align-content-center justify-content-center h-100\">\n\n                                            <div class=\"cravan__hero_background_image\">\n                            <div class=\"cravan-bloc cravan-image container-fluid\">\n                                <img decoding=\"async\" src=\"https:\/\/www.cravanparis.com\/app\/uploads\/2026\/01\/Speaker-Petit-Cravan_0.png.avif\" alt=\"\" class=\"img-fluid\"\/>\n                            <\/div>\n                        <\/div>\n\n                    \n                    <div class=\"container\">\n\n                        <div class=\"cravan__hero_content row\">\n\n                            <div class=\"col-12\">\n\n                                <div class=\"row justify-content-center\">\n                                    <div class=\"col-12\">\n                                        <div class=\"cravan-bloc cravan-subtitle-title-text-cta\">\n\n                                            <div class=\"row justify-content-center\">\n                                                <div class=\"col-12 text-center\">\n                                                    <div class=\"cravan__title_container\">\n\n                                                        \n                                                        <div class=\"cravan__title row\">\n                                                            <h1 class=\"col\">\n                                                            Join us                                                        <\/h1>\n                                                    <\/div>\n                                                <\/div>\n\n                                                <div class=\"cravan__text row justify-content-center\">\n                                                    <div class=\"col-12 col-lg-6\">\n                                                                                                            <\/div>\n                                                <\/div>\n                                                                                            <\/div>\n\n                                        <\/div>\n                                    <\/div>\n                                <\/div>\n                            <\/div>\n\n                        <\/div>\n\n                    <\/div>\n\n                <\/div>\n\n            <\/div>\n        <\/div>\n        <\/div>\n                    <div  class=\"cravan-bloc cravan-image-text  \" data-scroll-sticky>\n\n            <div class=\"row\">\n                <div class=\"container\">\n                    <div class=\"row align-items-start\">\n\n                        \n                            <div class=\"col-12 col-lg-6 col-xl-5 offset-xl-1 cravan__image_text_image_container\">\n\n                                <div class=\"cravan-bloc cravan-image container-fluid\">\n                                    <img decoding=\"async\" src=\"https:\/\/www.cravanparis.com\/app\/uploads\/2026\/01\/cravan-image-resized_1.png-679x1024.avif\" alt=\"\" class=\"img-fluid\"\/>\n                                    \n                                    \n                                <\/div>\n\n                                \n                            <\/div>\n                            <div class=\"col-12 col-lg-5 offset-lg-1 col-xl-4 cravan__image_text_text_container\">\n                                <h2>Reinventing the codes<\/h2>\n<p>CRAVAN&#8217;s excellence does not stop at its products, but also applies to the management of its teams. CRAVAN aims to embody an exemplary business model that reveals the potential of its employees and fosters their personal development. This means encouraging diversity in career paths and reintegration, as well as promoting critical thinking and freedom of expression.  <\/p>\n                            <\/div>\n\n                        \n                    <\/div>\n\n                                    <\/div>\n            <\/div>\n\n        <\/div>\n                    <div  class=\"cravan-bloc cravan-subtitle-title-text-cta \">\n            <div class=\"row\">\n                <div class=\"container\">\n                    <div class=\"row justify-content-center\">\n                        <div class=\"col-12 text-center\">\n                            <div class=\"cravan__title_container\">\n\n                                \n                                <div class=\"cravan__title row\">\n                                    <h2 class=\"col\">\n                                                                            <\/h2>\n                                <\/div>\n                            <\/div>\n\n                            <div class=\"cravan__text row justify-content-center\">\n                                <div class=\"col-12 col-lg-6\">\n                                    <p>CRAVAN is looking for people who are passionate and curious, who are attentive to customer comfort, and have the entrepreneurial spirit needed to open a new location!<\/p>\n                                <\/div>\n                            <\/div>\n                                                            <div class=\"cravan__cta row justify-content-center\">\n                                                                            <div class=\"col-12 col-md-auto\">\n                                            <a href=\"https:\/\/www.cravanparis.com\/en\/contact\/?subject=application\" target=\"\" class=\"cravan-button-primary\">\n                                                Submit an open application                                            <\/a>\n                                        <\/div>\n                                                                    <\/div>\n                                                    <\/div>\n                    <\/div>\n                <\/div>\n            <\/div>\n        <\/div>\n                    <div  class=\"cravan-bloc cravan-banner-cta-container \">\n            <a href=\"https:\/\/www.cravanparis.com\/en\/stories\/\" target=\"_self\" class=\"container-fluid cravan__banner_container h-100\" style=\"\">\n\n                <div class=\"row align-content-center justify-content-center h-100\">\n\n                    <div class=\"cravan__background_image\">\n                        <div class=\"cravan__image_container\">\n                            <div class=\"cravan-bloc cravan-image container-fluid\">\n                                <img decoding=\"async\" src=\"https:\/\/www.cravanparis.com\/app\/uploads\/2025\/12\/image00115.jpeg.webp\" alt=\"\" class=\"img-fluid\"\/>\n                            <\/div>\n                        <\/div>\n                    <\/div>\n                    <div class=\"container\">\n\n                        <div class=\"cravan__banner_content row\">\n\n                            <div class=\"col-12\">\n\n                                <div class=\"row justify-content-center\">\n                                    <div class=\"col-12 text-center\">\n                                        <div class=\"cravan__title_container\">\n                                            <div class=\"cravan__title row\">\n                                                <div class=\"col\">\n                                                    Stories                                                <\/div>\n                                            <\/div>\n                                        <\/div>\n\n                                                                                    <div class=\"cravan__cta row justify-content-center\">\n                                                <div class=\"col-auto\">\n                                                    <div class=\"cravan-button-secondary\">\n                                                        Discover                                                    <\/div>\n                                                <\/div>\n                                            <\/div>\n                                        \n                                    <\/div>\n                                <\/div>\n\n                            <\/div>\n\n                        <\/div>\n\n                    <\/div>\n\n                <\/div>\n            <\/a>\n        <\/div>\n    ","protected":false},"excerpt":{"rendered":"","protected":false},"author":1,"featured_media":0,"parent":0,"menu_order":0,"comment_status":"closed","ping_status":"closed","template":"page-default.php","meta":{"_acf_changed":false,"inline_featured_image":false,"footnotes":""},"class_list":["post-1111","page","type-page","status-publish","hentry"],"acf":[],"yoast_head":"<!-- This site is optimized with the Yoast SEO plugin v27.3 - https:\/\/yoast.com\/product\/yoast-seo-wordpress\/ -->\n<title>Join us - CRAVAN - Cocktail Bar - Paris 6<\/title>\n<meta name=\"description\" content=\"Join the CRAVAN Paris team in Saint-Germain-des-Pr\u00e9s. Discover our career opportunities in a unique location that values \u200b\u200btalent and expertise.\" \/>\n<meta name=\"robots\" content=\"index, follow, max-snippet:-1, max-image-preview:large, max-video-preview:-1\" \/>\n<link rel=\"canonical\" href=\"https:\/\/www.cravanparis.com\/en\/join-us\/\" \/>\n<meta property=\"og:locale\" content=\"en_US\" \/>\n<meta property=\"og:type\" content=\"article\" \/>\n<meta property=\"og:title\" content=\"Join us - CRAVAN - Cocktail Bar - Paris 6\" \/>\n<meta property=\"og:description\" content=\"Join the CRAVAN Paris team in Saint-Germain-des-Pr\u00e9s. Discover our career opportunities in a unique location that values \u200b\u200btalent and expertise.\" \/>\n<meta property=\"og:url\" content=\"https:\/\/www.cravanparis.com\/en\/join-us\/\" \/>\n<meta property=\"og:site_name\" content=\"CRAVAN - Cocktail Bar - Paris 6\" \/>\n<meta property=\"article:modified_time\" content=\"2026-04-13T12:36:32+00:00\" \/>\n<meta name=\"twitter:card\" content=\"summary_large_image\" \/>\n<script type=\"application\/ld+json\" class=\"yoast-schema-graph\">{\"@context\":\"https:\\\/\\\/schema.org\",\"@graph\":[{\"@type\":\"WebPage\",\"@id\":\"https:\\\/\\\/www.cravanparis.com\\\/en\\\/join-us\\\/\",\"url\":\"https:\\\/\\\/www.cravanparis.com\\\/en\\\/join-us\\\/\",\"name\":\"Join us - CRAVAN - Cocktail Bar - Paris 6\",\"isPartOf\":{\"@id\":\"https:\\\/\\\/www.cravanparis.com\\\/fr\\\/#website\"},\"datePublished\":\"2025-12-09T11:24:35+00:00\",\"dateModified\":\"2026-04-13T12:36:32+00:00\",\"description\":\"Join the CRAVAN Paris team in Saint-Germain-des-Pr\u00e9s. Discover our career opportunities in a unique location that values \u200b\u200btalent and expertise.\",\"breadcrumb\":{\"@id\":\"https:\\\/\\\/www.cravanparis.com\\\/en\\\/join-us\\\/#breadcrumb\"},\"inLanguage\":\"en-US\",\"potentialAction\":[{\"@type\":\"ReadAction\",\"target\":[\"https:\\\/\\\/www.cravanparis.com\\\/en\\\/join-us\\\/\"]}]},{\"@type\":\"BreadcrumbList\",\"@id\":\"https:\\\/\\\/www.cravanparis.com\\\/en\\\/join-us\\\/#breadcrumb\",\"itemListElement\":[{\"@type\":\"ListItem\",\"position\":1,\"name\":\"Home\",\"item\":\"https:\\\/\\\/www.cravanparis.com\\\/en\\\/\"},{\"@type\":\"ListItem\",\"position\":2,\"name\":\"Join us\"}]},{\"@type\":\"WebSite\",\"@id\":\"https:\\\/\\\/www.cravanparis.com\\\/fr\\\/#website\",\"url\":\"https:\\\/\\\/www.cravanparis.com\\\/fr\\\/\",\"name\":\"CRAVAN - Cocktail Bar - Paris 6\",\"description\":\"CRAVAN, bar \u00e0 cocktails dans le 6\u00e8 arrondissement de Paris, au c\u0153ur du quartier litt\u00e9raire de Saint-Germain-des-Pr\u00e9s. Suivez-nous sur @cravanparis.\",\"publisher\":{\"@id\":\"https:\\\/\\\/www.cravanparis.com\\\/fr\\\/#organization\"},\"potentialAction\":[{\"@type\":\"SearchAction\",\"target\":{\"@type\":\"EntryPoint\",\"urlTemplate\":\"https:\\\/\\\/www.cravanparis.com\\\/fr\\\/?s={search_term_string}\"},\"query-input\":{\"@type\":\"PropertyValueSpecification\",\"valueRequired\":true,\"valueName\":\"search_term_string\"}}],\"inLanguage\":\"en-US\"},{\"@type\":\"Organization\",\"@id\":\"https:\\\/\\\/www.cravanparis.com\\\/fr\\\/#organization\",\"name\":\"CRAVAN - Cocktail Bar - Paris 6\",\"url\":\"https:\\\/\\\/www.cravanparis.com\\\/fr\\\/\",\"logo\":{\"@type\":\"ImageObject\",\"inLanguage\":\"en-US\",\"@id\":\"https:\\\/\\\/www.cravanparis.com\\\/fr\\\/#\\\/schema\\\/logo\\\/image\\\/\",\"url\":\"https:\\\/\\\/www.cravanparis.com\\\/app\\\/uploads\\\/2026\\\/03\\\/cravan.svg\",\"contentUrl\":\"https:\\\/\\\/www.cravanparis.com\\\/app\\\/uploads\\\/2026\\\/03\\\/cravan.svg\",\"width\":1296,\"height\":357,\"caption\":\"CRAVAN - Cocktail Bar - Paris 6\"},\"image\":{\"@id\":\"https:\\\/\\\/www.cravanparis.com\\\/fr\\\/#\\\/schema\\\/logo\\\/image\\\/\"},\"sameAs\":[\"https:\\\/\\\/www.instagram.com\\\/cravanparis\\\/\"]}]}<\/script>\n<!-- \/ Yoast SEO plugin. -->","yoast_head_json":{"title":"Join us - CRAVAN - Cocktail Bar - Paris 6","description":"Join the CRAVAN Paris team in Saint-Germain-des-Pr\u00e9s. Discover our career opportunities in a unique location that values \u200b\u200btalent and expertise.","robots":{"index":"index","follow":"follow","max-snippet":"max-snippet:-1","max-image-preview":"max-image-preview:large","max-video-preview":"max-video-preview:-1"},"canonical":"https:\/\/www.cravanparis.com\/en\/join-us\/","og_locale":"en_US","og_type":"article","og_title":"Join us - CRAVAN - Cocktail Bar - Paris 6","og_description":"Join the CRAVAN Paris team in Saint-Germain-des-Pr\u00e9s. Discover our career opportunities in a unique location that values \u200b\u200btalent and expertise.","og_url":"https:\/\/www.cravanparis.com\/en\/join-us\/","og_site_name":"CRAVAN - Cocktail Bar - Paris 6","article_modified_time":"2026-04-13T12:36:32+00:00","twitter_card":"summary_large_image","schema":{"@context":"https:\/\/schema.org","@graph":[{"@type":"WebPage","@id":"https:\/\/www.cravanparis.com\/en\/join-us\/","url":"https:\/\/www.cravanparis.com\/en\/join-us\/","name":"Join us - CRAVAN - Cocktail Bar - Paris 6","isPartOf":{"@id":"https:\/\/www.cravanparis.com\/fr\/#website"},"datePublished":"2025-12-09T11:24:35+00:00","dateModified":"2026-04-13T12:36:32+00:00","description":"Join the CRAVAN Paris team in Saint-Germain-des-Pr\u00e9s. Discover our career opportunities in a unique location that values \u200b\u200btalent and expertise.","breadcrumb":{"@id":"https:\/\/www.cravanparis.com\/en\/join-us\/#breadcrumb"},"inLanguage":"en-US","potentialAction":[{"@type":"ReadAction","target":["https:\/\/www.cravanparis.com\/en\/join-us\/"]}]},{"@type":"BreadcrumbList","@id":"https:\/\/www.cravanparis.com\/en\/join-us\/#breadcrumb","itemListElement":[{"@type":"ListItem","position":1,"name":"Home","item":"https:\/\/www.cravanparis.com\/en\/"},{"@type":"ListItem","position":2,"name":"Join us"}]},{"@type":"WebSite","@id":"https:\/\/www.cravanparis.com\/fr\/#website","url":"https:\/\/www.cravanparis.com\/fr\/","name":"CRAVAN - Cocktail Bar - Paris 6","description":"CRAVAN, bar \u00e0 cocktails dans le 6\u00e8 arrondissement de Paris, au c\u0153ur du quartier litt\u00e9raire de Saint-Germain-des-Pr\u00e9s. Suivez-nous sur @cravanparis.","publisher":{"@id":"https:\/\/www.cravanparis.com\/fr\/#organization"},"potentialAction":[{"@type":"SearchAction","target":{"@type":"EntryPoint","urlTemplate":"https:\/\/www.cravanparis.com\/fr\/?s={search_term_string}"},"query-input":{"@type":"PropertyValueSpecification","valueRequired":true,"valueName":"search_term_string"}}],"inLanguage":"en-US"},{"@type":"Organization","@id":"https:\/\/www.cravanparis.com\/fr\/#organization","name":"CRAVAN - Cocktail Bar - Paris 6","url":"https:\/\/www.cravanparis.com\/fr\/","logo":{"@type":"ImageObject","inLanguage":"en-US","@id":"https:\/\/www.cravanparis.com\/fr\/#\/schema\/logo\/image\/","url":"https:\/\/www.cravanparis.com\/app\/uploads\/2026\/03\/cravan.svg","contentUrl":"https:\/\/www.cravanparis.com\/app\/uploads\/2026\/03\/cravan.svg","width":1296,"height":357,"caption":"CRAVAN - Cocktail Bar - Paris 6"},"image":{"@id":"https:\/\/www.cravanparis.com\/fr\/#\/schema\/logo\/image\/"},"sameAs":["https:\/\/www.instagram.com\/cravanparis\/"]}]}},"_links":{"self":[{"href":"https:\/\/www.cravanparis.com\/en\/wp-json\/wp\/v2\/pages\/1111","targetHints":{"allow":["GET"]}}],"collection":[{"href":"https:\/\/www.cravanparis.com\/en\/wp-json\/wp\/v2\/pages"}],"about":[{"href":"https:\/\/www.cravanparis.com\/en\/wp-json\/wp\/v2\/types\/page"}],"author":[{"embeddable":true,"href":"https:\/\/www.cravanparis.com\/en\/wp-json\/wp\/v2\/users\/1"}],"replies":[{"embeddable":true,"href":"https:\/\/www.cravanparis.com\/en\/wp-json\/wp\/v2\/comments?post=1111"}],"version-history":[{"count":6,"href":"https:\/\/www.cravanparis.com\/en\/wp-json\/wp\/v2\/pages\/1111\/revisions"}],"predecessor-version":[{"id":1762,"href":"https:\/\/www.cravanparis.com\/en\/wp-json\/wp\/v2\/pages\/1111\/revisions\/1762"}],"wp:attachment":[{"href":"https:\/\/www.cravanparis.com\/en\/wp-json\/wp\/v2\/media?parent=1111"}],"curies":[{"name":"wp","href":"https:\/\/api.w.org\/{rel}","templated":true}]}}