{"id":1535,"date":"2025-12-09T12:26:08","date_gmt":"2025-12-09T11:26:08","guid":{"rendered":"https:\/\/www.cravanparis.com\/terms-and-conditions\/"},"modified":"2026-04-13T18:59:28","modified_gmt":"2026-04-13T16:59:28","slug":"terms-and-conditions","status":"publish","type":"page","link":"https:\/\/www.cravanparis.com\/en\/terms-and-conditions\/","title":{"rendered":"Terms and conditions"},"content":{"rendered":"                <div  class=\"cravan-bloc cravan-hero cravan-hero-container height-50 \">\n            <div class=\"container-fluid cravan__hero_container h-100\">\n\n                <div class=\"row align-content-center justify-content-center h-100\">\n\n                                            <div class=\"cravan__hero_background_image\">\n                            <div class=\"cravan-bloc cravan-image container-fluid\">\n                                <img decoding=\"async\" src=\"https:\/\/www.cravanparis.com\/app\/uploads\/2026\/01\/image00017.jpeg.avif\" alt=\"\" class=\"img-fluid\"\/>\n                            <\/div>\n                        <\/div>\n\n                    \n                    <div class=\"container\">\n\n                        <div class=\"cravan__hero_content row\">\n\n                            <div class=\"col-12\">\n\n                                <div class=\"row justify-content-center\">\n                                    <div class=\"col-12\">\n                                        <div class=\"cravan-bloc cravan-subtitle-title-text-cta\">\n\n                                            <div class=\"row justify-content-center\">\n                                                <div class=\"col-12 text-center\">\n                                                    <div class=\"cravan__title_container\">\n\n                                                                                                                    <div class=\"cravan__sub_title row\">\n                                                                <div class=\"col-12\">\n                                                                    Last updated: April 2023                                                                <\/div>\n                                                            <\/div>\n                                                        \n                                                        <div class=\"cravan__title row\">\n                                                            <h1 class=\"col\">\n                                                            Terms and conditions                                                        <\/h1>\n                                                    <\/div>\n                                                <\/div>\n\n                                                <div class=\"cravan__text row justify-content-center\">\n                                                    <div class=\"col-12 col-lg-6\">\n                                                                                                            <\/div>\n                                                <\/div>\n                                                                                            <\/div>\n\n                                        <\/div>\n                                    <\/div>\n                                <\/div>\n                            <\/div>\n\n                        <\/div>\n\n                    <\/div>\n\n                <\/div>\n\n            <\/div>\n        <\/div>\n        <\/div>\n                    <div  class=\"cravan-bloc cravan-title-single \">\n\n            \n                <div class=\"row\">\n                    <div class=\"container\">\n                        <div class=\"row justify-content-start\">\n                            <div class=\"col-12 col-lg-auto text-left\">\n                                <h2 class=\"cravan__title_container\">\n                                                                    <\/h2>\n                            <\/div>\n                        <\/div>\n                    <\/div>\n                <\/div>\n\n\n            \n        <\/div>\n\n                    <div  class=\"cravan-bloc cravan-wysiwyg \">\n            <div class=\"row\">\n                <div class=\"container\">\n                    <div class=\"row justify-content-center\">\n                        <div class=\"col-12 col-xl-8\">\n                            <div class=\"cravan__wysiwyg_text_container\">\n                                <h2 class=\"title-level-1\">LEGAL TERMS<\/h2>\n<h3><strong>1. Editor &#8211; Contact<\/strong><\/h3>\n<p>The <a href=\"https:\/\/uat.cravanparis.com\/en\">www.cravanparis.com<\/a> website (the &#8220;Site&#8221;) is edited by CRAVAN SAS, French limited company with: <\/p>\n<ul>\n<li>share capital: 7 200 000 euros<\/li>\n<li>registration number: 912 601 721 RCS Paris<\/li>\n<li>VAT number: FR 60912601721<\/li>\n<li>registered address: 142, rue du Bac &#8211; 75007 PARIS<\/li>\n<\/ul>\n<p>Chief Editor: Caroline Grenthe, General Manager.For any enquiry regarding the Site, please <a href=\"mailto:contact@cravanparis.com\">contact us<\/a>.<\/p>\n<h3><strong>2. Hosting<\/strong><\/h3>\n<p>The Site is hosted by the company GANDI SAS (Simplified Joint Stock Company) with capital of \u20ac630,000:<\/p>\n<p>Head office: 63-65 boulevard Mass\u00e9na Paris (75013) FRANCE.<br \/>\nSIREN 423 093 459 RCS PARIS.<br \/>\nPhone. : 01 70 37 76 61.<\/p>\n<h2>TERMS AND CONDITIONS OF USE<\/h2>\n<p>Any use of this Site by any person (&#8220;you&#8221; or the &#8220;user&#8221;) is governed by these terms &amp; conditions of use (Terms &amp; Conditions&#8221;). The purpose of these Terms &amp; Conditions is to define the conditions of access, navigation and use of the Site. <\/p>\n<p>By accessing and using this Site, you accept without restriction to apply these <a href=\"https:\/\/www.cravanparis.com\/en\/personal-data-cookies-notice\/\" data-entity-substitution=\"canonical\" data-entity-type=\"node\" data-entity-uuid=\"b5aa94f1-da1a-47c4-9827-7da75e513a8d\">Terms &amp; Conditions<\/a>. <\/p>\n<p>We may revise or update this Terms &amp; Conditions from time-to-time by posting a new version on our Site. You should check this page occasionally to ensure you are happy with any changes. We may also notify you of changes to our notice by email, and may seek your consent where required.  <\/p>\n<p>The Company provides this Site only for people who have reached the minimum age legally required to consume and\/or purchase alcoholic beverages (whichever is the higher) in their location of residence and provided that the consumption and\/or purchase of alcoholic beverages is legal.<\/p>\n<p>If no such laws exist in your location of residence, you must be over 21 to access the Site.<\/p>\n<h3>1. NAVIGATION ON THE SITE<\/h3>\n<h4><strong>1.1. Access to the Site<\/strong><\/h4>\n<p>Necessary hardware and software to access the Internet and this Site are under sole liability of the users.<\/p>\n<p>The Company reserves the right, in its absolute discretion, to suspend or terminate access or navigation to all or part of the Site and\/or its content and\/or the available services without prior notice and to the extent permitted by law, without entitling any user to claim any indemnity or compensation.<\/p>\n<p>In such a case, it is forbidden to obtain unauthorized access to the Site.<\/p>\n<h4><strong>1.2. Links<\/strong><\/h4>\n<p>The Site may include links to other websites or other internet sources. As the Company cannot control these other websites and external sources, the Company cannot be held responsible for the provision or display of these websites and external sources, and will not be held liable for the content, advertising, products, services or any other material available on or from these websites or external sources. Furthermore, the Company cannot be held responsible for any demonstrated or alleged harm or losses resulting to you from (directly or indirectly) or in relation to your use of, or the fact of having had confidence in, the content, goods or services available on these other websites or external sources.  <\/p>\n<h4><strong>1.3. User responsible behaviour<\/strong><\/h4>\n<p>Each user warrants:<\/p>\n<ul>\n<li>to be of minimum age legally required to consume and\/or purchase alcohol in accordance with the regulations of user\u2019s location of residence,<\/li>\n<li>to use the Site for user\u2019s lawful use only, excluding therefore any commercial use without the prior written consent of the Company,<\/li>\n<li>to provide, when relevant, personal data being true, up-to-date and accurate.<\/li>\n<\/ul>\n<p>Users may not in any way represent or purport to act on behalf of the Company, its subsidiaries, its affiliates and their respective shareholders, officers, directors, employees.<\/p>\n<p>When using the Site, users must behave responsibly, lawfully, with courtesy and respect towards other users, the Company, its subsidiaries, affiliates and third parties.<\/p>\n<p>User must notably refrain from:<\/p>\n<ul>\n<li>uploading, displaying, sending by e-mail or by any other mean any file containing viruses, codes, text files, software or similar items which could disrupt, interrupt, destroy, damage or limit functionalities of any software, hardware or telecommunication material,<\/li>\n<li>disrupting or interrupting the Site, its servers or networks connected to the Site, or infringing related requirements, procedures or rules,<\/li>\n<li>infringing (including any attempt to infringe) the Site\u2019s functioning, notably by exposing the Site to viruses, creating an overload of consultation of the Site or its servers, or sending &#8220;spams&#8221; or overloading the Site messaging system,<\/li>\n<li>consulting confidential, privileged or non public information of the Company or accessing a server or account operated by the Company for which the user is not expressly granted access to,<\/li>\n<li>trying to assess or test the Site\u2019s vulnerability, and breaching security or authentication measures of the Site without the prior written consent of the Company,c<\/li>\n<li>onducting any illegal activity or any other activity likely to infringe rights of the Company, its subsidiaries, affiliates, providers (including technical providers and contractors), customers and third parties, as well as encouraging third parties to conduct any such activity,<\/li>\n<li>uploading, displaying, posting, sending by e-mail or by any other mean any unsolicited or non-authorised commercial or promotional content, junk mail, spam, chains or any other solicitation,<\/li>\n<li>uploading, displaying, sending by e-mail or by any other mean any content which the Company reasonably determines in its sole discretion to be illegal, detrimental, defamatory, offensive, racist, vulgar, obscene, threatening, violent, indecent, infringing third parties rights, shocking or disparaging or any other like objectionable content,<\/li>\n<li>sending or forwarding by e-mail or by any other mean any content of the Site to people under the legal alcohol drinking and\/or purchasing age in their location of residence.<\/li>\n<\/ul>\n<p>Each user must comply with any and all applicable regulations, laws and rules related to behaviour on the Internet and transmission of technical data.<\/p>\n<p>When relevant, to the extent permitted by law, the Company reserves the right in its absolute discretion to terminate or withdraw any user\u2019s access to the Site without notice in case of breach of the user\u2019s obligations under these Terms &amp; Conditions and\/or ancillary documentation, without prejudice to claim damages to such defaulting user.<\/p>\n<h4>1.4. User generated content (when applicable)<\/h4>\n<p>Users are solely liable of any content they may post or upload onto the Site and the consequences of disclosing, broadcasting, forwarding or making available such content. The Company does not adhere to or approve any content, opinion, suggestion or notice generated by users and the Company holds no responsibility and liability in respect of any such content to the fullest extent permitted by applicable law and unless for gross negligence. <\/p>\n<p>However, the Company reserves the right to monitor use of the Site and to remove at any time, without notice, any content which condone excessive and\/or irresponsible drinking, and any content which would breach these Terms &amp; Conditions, and which the Company considers to be offensive, illegal or otherwise objectionable in any way.<\/p>\n<p>You accept that the Company may at its sole discretion freely and peacefully use, at no cost and without any restriction, any content posted onto the Site in order to be displayed on the Site as well as to be displayed, reproduced on any other medium whatsoever, in the entire world, for the promotion and advertising of the Company, its products and services, without acknowledgment or compensation to you. You hereby grant to us a perpetual, worldwide, irrevocable, non-exclusive, transferable, sub-licensable, royalty-free licence to use, copy, edit, modify, display, communicate or otherwise exploit such content. <\/p>\n<h4><strong>1.5. Report of inappropriate content<\/strong><\/h4>\n<p>Users can report to the Company any inappropriate content by <a href=\"mailto:contact@cravanparis.com\">contacting us<\/a>.<\/p>\n<h3>2. PROTECTION OF THE SITE CONTENT<\/h3>\n<p>The Site and each of its elements (including all text, images, web pages, sound, video, designs, trademarks, logos and other material on or accessible via the Site) as well as any software required to be used in relation to the former, data bases and newsletters (the &#8220;Content&#8221;), may contain confidential information and information that is protected by intellectual property rights or other law.<br \/>Unless otherwise expressly stated on the Site, the Company exclusively owns all intellectual property rights related to the Content and the Company does not grant any user with any license or other right other than a right to view the Site. <\/p>\n<p>Any reproduction or use or other exploitation of content (in whole or in part) for commercial purposes (whatever the manner or the kind) is expressly prohibited.<\/p>\n<p>Users must not copy, modify, create derivative pieces of work, assemble, decompile, assign, sub-licence or transfer in any way any content of the Site or any material (including software) related to the Site.<\/p>\n<h3>3-PERSONAL DATA<\/h3>\n<p>The Company ensures the protection of personal information disclosed by users of the Site.<br \/>The Company invites users to consult<u> <a href=\"https:\/\/www.cravanparis.com\/en\/personal-data-cookies-notice\/\" data-entity-substitution=\"canonical\" data-entity-type=\"node\" data-entity-uuid=\"b5aa94f1-da1a-47c4-9827-7da75e513a8d\">the Personal Data &amp; Cookies Notice<\/a><\/u> which indicates the provisions implemented to guarantee the treatment of personal data.<br \/>Collection, processing, use, transmission, keeping and protection of users\u2019 personal information are governed by the <a href=\"https:\/\/www.cravanparis.com\/en\/personal-data-cookies-notice\/\" data-entity-substitution=\"canonical\" data-entity-type=\"node\" data-entity-uuid=\"b5aa94f1-da1a-47c4-9827-7da75e513a8d\">Personal Data &amp; Cookies Notice<\/a>  <\/p>\n<h3>RESPONSIBILITY<\/h3>\n<p>The Company endeavours to ensure as far as possible, that the information provided on this Site is correct and up-to-date. However, the Company cannot guarantee the correctness, accuracy or exhaustiveness of the information provided on the Site. <\/p>\n<p>The Company allows free access to the Site and to the full extent permitted by law declines all responsibility and may not be held liable unless for gross negligence including the following cases :<\/p>\n<ul>\n<li>for any interruption in provision of the Site or services accessible via the Site,<\/li>\n<li>for the occurrence of bugs, viruses and similar technical issues adversely affecting your ability to access this Site,<\/li>\n<li>for any inaccuracy, isolated and unforeseen error or omission relating to information or Content available on the Site,<\/li>\n<li>for any damage resulting from a fraudulent intrusion by a third party,<\/li>\n<li>and more generally, for any direct or indirect or consequential harm, loss or damage, whatever the cause, origin, nature or consequences, which may occur as a result of any type of access to the Site or any inability to access it or the credit given to any piece of information coming directly or indirectly from the latter.<\/li>\n<\/ul>\n<p>Nothing in these Terms &amp; Conditions is intended to exclude, restrict or modify any right or remedy you have in statute or otherwise to the extent that right or remedy cannot be excluded, restricted or modified under law.<\/p>\n<h3>5. GOVERNING LAW AND JURISDICTION ATTRIBUTION<\/h3>\n<p>The General Conditions of Use, as well as the <u><a href=\"https:\/\/www.cravanparis.com\/en\/personal-data-cookies-notice\/\" data-entity-substitution=\"canonical\" data-entity-type=\"node\" data-entity-uuid=\"b5aa94f1-da1a-47c4-9827-7da75e513a8d\">Personal Data Charter &amp; The cookies<\/a><\/u> referred to are governed by French law. <\/p>\n<p>Unless imperative legal provision to the contrary, users and the Company hereby irrevocably submit to the exclusive jurisdiction of the competent courts of Paris (France) any claim or matter arising under or in connection with the Content or use of the Site, including in case of guarantee, plurality of defendants or summary proceedings.<\/p>\n                            <\/div>\n                        <\/div>\n                    <\/div>\n                <\/div>\n            <\/div>\n        <\/div>\n    ","protected":false},"excerpt":{"rendered":"","protected":false},"author":1,"featured_media":0,"parent":0,"menu_order":0,"comment_status":"closed","ping_status":"closed","template":"page-transversale.php","meta":{"_acf_changed":false,"inline_featured_image":false,"footnotes":""},"class_list":["post-1535","page","type-page","status-publish","hentry"],"acf":[],"yoast_head":"<!-- This site is optimized with the Yoast SEO plugin v27.3 - https:\/\/yoast.com\/product\/yoast-seo-wordpress\/ -->\n<title>Terms and conditions - CRAVAN - Cocktail Bar - Paris 6<\/title>\n<meta name=\"robots\" content=\"index, follow, max-snippet:-1, max-image-preview:large, max-video-preview:-1\" \/>\n<link rel=\"canonical\" href=\"https:\/\/www.cravanparis.com\/en\/terms-and-conditions\/\" \/>\n<meta property=\"og:locale\" content=\"en_US\" \/>\n<meta property=\"og:type\" content=\"article\" \/>\n<meta property=\"og:title\" content=\"Terms and conditions - CRAVAN - Cocktail Bar - Paris 6\" \/>\n<meta property=\"og:url\" content=\"https:\/\/www.cravanparis.com\/en\/terms-and-conditions\/\" \/>\n<meta property=\"og:site_name\" content=\"CRAVAN - Cocktail Bar - Paris 6\" \/>\n<meta property=\"article:modified_time\" content=\"2026-04-13T16:59:28+00:00\" \/>\n<meta name=\"twitter:card\" content=\"summary_large_image\" \/>\n<script type=\"application\/ld+json\" class=\"yoast-schema-graph\">{\"@context\":\"https:\\\/\\\/schema.org\",\"@graph\":[{\"@type\":\"WebPage\",\"@id\":\"https:\\\/\\\/www.cravanparis.com\\\/en\\\/terms-and-conditions\\\/\",\"url\":\"https:\\\/\\\/www.cravanparis.com\\\/en\\\/terms-and-conditions\\\/\",\"name\":\"Terms and conditions - CRAVAN - Cocktail Bar - Paris 6\",\"isPartOf\":{\"@id\":\"https:\\\/\\\/www.cravanparis.com\\\/fr\\\/#website\"},\"datePublished\":\"2025-12-09T11:26:08+00:00\",\"dateModified\":\"2026-04-13T16:59:28+00:00\",\"breadcrumb\":{\"@id\":\"https:\\\/\\\/www.cravanparis.com\\\/en\\\/terms-and-conditions\\\/#breadcrumb\"},\"inLanguage\":\"en-US\",\"potentialAction\":[{\"@type\":\"ReadAction\",\"target\":[\"https:\\\/\\\/www.cravanparis.com\\\/en\\\/terms-and-conditions\\\/\"]}]},{\"@type\":\"BreadcrumbList\",\"@id\":\"https:\\\/\\\/www.cravanparis.com\\\/en\\\/terms-and-conditions\\\/#breadcrumb\",\"itemListElement\":[{\"@type\":\"ListItem\",\"position\":1,\"name\":\"Home\",\"item\":\"https:\\\/\\\/www.cravanparis.com\\\/en\\\/\"},{\"@type\":\"ListItem\",\"position\":2,\"name\":\"Terms and conditions\"}]},{\"@type\":\"WebSite\",\"@id\":\"https:\\\/\\\/www.cravanparis.com\\\/fr\\\/#website\",\"url\":\"https:\\\/\\\/www.cravanparis.com\\\/fr\\\/\",\"name\":\"CRAVAN - Cocktail Bar - Paris 6\",\"description\":\"CRAVAN, bar \u00e0 cocktails dans le 6\u00e8 arrondissement de Paris, au c\u0153ur du quartier litt\u00e9raire de Saint-Germain-des-Pr\u00e9s. Suivez-nous sur @cravanparis.\",\"publisher\":{\"@id\":\"https:\\\/\\\/www.cravanparis.com\\\/fr\\\/#organization\"},\"potentialAction\":[{\"@type\":\"SearchAction\",\"target\":{\"@type\":\"EntryPoint\",\"urlTemplate\":\"https:\\\/\\\/www.cravanparis.com\\\/fr\\\/?s={search_term_string}\"},\"query-input\":{\"@type\":\"PropertyValueSpecification\",\"valueRequired\":true,\"valueName\":\"search_term_string\"}}],\"inLanguage\":\"en-US\"},{\"@type\":\"Organization\",\"@id\":\"https:\\\/\\\/www.cravanparis.com\\\/fr\\\/#organization\",\"name\":\"CRAVAN - Cocktail Bar - Paris 6\",\"url\":\"https:\\\/\\\/www.cravanparis.com\\\/fr\\\/\",\"logo\":{\"@type\":\"ImageObject\",\"inLanguage\":\"en-US\",\"@id\":\"https:\\\/\\\/www.cravanparis.com\\\/fr\\\/#\\\/schema\\\/logo\\\/image\\\/\",\"url\":\"https:\\\/\\\/www.cravanparis.com\\\/app\\\/uploads\\\/2026\\\/03\\\/cravan.svg\",\"contentUrl\":\"https:\\\/\\\/www.cravanparis.com\\\/app\\\/uploads\\\/2026\\\/03\\\/cravan.svg\",\"width\":1296,\"height\":357,\"caption\":\"CRAVAN - Cocktail Bar - Paris 6\"},\"image\":{\"@id\":\"https:\\\/\\\/www.cravanparis.com\\\/fr\\\/#\\\/schema\\\/logo\\\/image\\\/\"},\"sameAs\":[\"https:\\\/\\\/www.instagram.com\\\/cravanparis\\\/\"]}]}<\/script>\n<!-- \/ Yoast SEO plugin. -->","yoast_head_json":{"title":"Terms and conditions - CRAVAN - Cocktail Bar - Paris 6","robots":{"index":"index","follow":"follow","max-snippet":"max-snippet:-1","max-image-preview":"max-image-preview:large","max-video-preview":"max-video-preview:-1"},"canonical":"https:\/\/www.cravanparis.com\/en\/terms-and-conditions\/","og_locale":"en_US","og_type":"article","og_title":"Terms and conditions - CRAVAN - Cocktail Bar - Paris 6","og_url":"https:\/\/www.cravanparis.com\/en\/terms-and-conditions\/","og_site_name":"CRAVAN - Cocktail Bar - Paris 6","article_modified_time":"2026-04-13T16:59:28+00:00","twitter_card":"summary_large_image","schema":{"@context":"https:\/\/schema.org","@graph":[{"@type":"WebPage","@id":"https:\/\/www.cravanparis.com\/en\/terms-and-conditions\/","url":"https:\/\/www.cravanparis.com\/en\/terms-and-conditions\/","name":"Terms and conditions - CRAVAN - Cocktail Bar - Paris 6","isPartOf":{"@id":"https:\/\/www.cravanparis.com\/fr\/#website"},"datePublished":"2025-12-09T11:26:08+00:00","dateModified":"2026-04-13T16:59:28+00:00","breadcrumb":{"@id":"https:\/\/www.cravanparis.com\/en\/terms-and-conditions\/#breadcrumb"},"inLanguage":"en-US","potentialAction":[{"@type":"ReadAction","target":["https:\/\/www.cravanparis.com\/en\/terms-and-conditions\/"]}]},{"@type":"BreadcrumbList","@id":"https:\/\/www.cravanparis.com\/en\/terms-and-conditions\/#breadcrumb","itemListElement":[{"@type":"ListItem","position":1,"name":"Home","item":"https:\/\/www.cravanparis.com\/en\/"},{"@type":"ListItem","position":2,"name":"Terms and conditions"}]},{"@type":"WebSite","@id":"https:\/\/www.cravanparis.com\/fr\/#website","url":"https:\/\/www.cravanparis.com\/fr\/","name":"CRAVAN - Cocktail Bar - Paris 6","description":"CRAVAN, bar \u00e0 cocktails dans le 6\u00e8 arrondissement de Paris, au c\u0153ur du quartier litt\u00e9raire de Saint-Germain-des-Pr\u00e9s. Suivez-nous sur @cravanparis.","publisher":{"@id":"https:\/\/www.cravanparis.com\/fr\/#organization"},"potentialAction":[{"@type":"SearchAction","target":{"@type":"EntryPoint","urlTemplate":"https:\/\/www.cravanparis.com\/fr\/?s={search_term_string}"},"query-input":{"@type":"PropertyValueSpecification","valueRequired":true,"valueName":"search_term_string"}}],"inLanguage":"en-US"},{"@type":"Organization","@id":"https:\/\/www.cravanparis.com\/fr\/#organization","name":"CRAVAN - Cocktail Bar - Paris 6","url":"https:\/\/www.cravanparis.com\/fr\/","logo":{"@type":"ImageObject","inLanguage":"en-US","@id":"https:\/\/www.cravanparis.com\/fr\/#\/schema\/logo\/image\/","url":"https:\/\/www.cravanparis.com\/app\/uploads\/2026\/03\/cravan.svg","contentUrl":"https:\/\/www.cravanparis.com\/app\/uploads\/2026\/03\/cravan.svg","width":1296,"height":357,"caption":"CRAVAN - Cocktail Bar - Paris 6"},"image":{"@id":"https:\/\/www.cravanparis.com\/fr\/#\/schema\/logo\/image\/"},"sameAs":["https:\/\/www.instagram.com\/cravanparis\/"]}]}},"_links":{"self":[{"href":"https:\/\/www.cravanparis.com\/en\/wp-json\/wp\/v2\/pages\/1535","targetHints":{"allow":["GET"]}}],"collection":[{"href":"https:\/\/www.cravanparis.com\/en\/wp-json\/wp\/v2\/pages"}],"about":[{"href":"https:\/\/www.cravanparis.com\/en\/wp-json\/wp\/v2\/types\/page"}],"author":[{"embeddable":true,"href":"https:\/\/www.cravanparis.com\/en\/wp-json\/wp\/v2\/users\/1"}],"replies":[{"embeddable":true,"href":"https:\/\/www.cravanparis.com\/en\/wp-json\/wp\/v2\/comments?post=1535"}],"version-history":[{"count":4,"href":"https:\/\/www.cravanparis.com\/en\/wp-json\/wp\/v2\/pages\/1535\/revisions"}],"predecessor-version":[{"id":1768,"href":"https:\/\/www.cravanparis.com\/en\/wp-json\/wp\/v2\/pages\/1535\/revisions\/1768"}],"wp:attachment":[{"href":"https:\/\/www.cravanparis.com\/en\/wp-json\/wp\/v2\/media?parent=1535"}],"curies":[{"name":"wp","href":"https:\/\/api.w.org\/{rel}","templated":true}]}}