{"id":1190,"date":"2026-01-14T07:45:39","date_gmt":"2026-01-14T06:45:39","guid":{"rendered":"https:\/\/www.cravanparis.com\/boutique\/uncategorized\/ginger\/"},"modified":"2026-03-27T15:24:07","modified_gmt":"2026-03-27T14:24:07","slug":"ginger","status":"publish","type":"product","link":"https:\/\/www.cravanparis.com\/en\/boutique\/bottled-cocktails\/non-alcoholic\/ginger\/","title":{"rendered":"Ginger"},"content":{"rendered":"<p class=\"p1\"><strong>Sparkling ginger and lemon drink<\/strong><\/p>\n<p class=\"p1\"><strong>0% ABV<\/strong><\/p>\n<p class=\"p1\">Ginger showcases the aromatic power of ginger, balanced by the freshness of lemon and a lively effervescence.<\/p>\n<p class=\"p1\">No flavorings, no colorants, no preservatives, and no additives.<\/p>\n<p class=\"p1\">A CRAVAN signature cocktail since its opening in 2018.<\/p>\n<p class=\"p1\">Best-selling soft drink on the CRAVAN menu.<\/p>\n<p><strong>Formats : <\/strong>500ml<\/p>\n","protected":false},"excerpt":{"rendered":"<p>Sparkling ginger and lemon drink 0% ABV Ginger showcases the aromatic power of ginger, balanced by the freshness of lemon and a lively effervescence. No flavorings, no colorants, no preservatives, and no additives. A CRAVAN signature cocktail since its opening in 2018. Best-selling soft drink on the CRAVAN menu. Formats : 500ml<\/p>\n","protected":false},"featured_media":1712,"template":"","meta":{"_acf_changed":false,"inline_featured_image":false},"product_brand":[],"product_cat":[68,70],"product_tag":[],"class_list":{"0":"post-1190","1":"product","2":"type-product","3":"status-publish","4":"has-post-thumbnail","6":"product_cat-bottled-cocktails","7":"product_cat-non-alcoholic","9":"first","10":"instock","11":"shipping-taxable","12":"purchasable","13":"product-type-simple"},"acf":[],"yoast_head":"<!-- This site is optimized with the Yoast SEO plugin v27.3 - https:\/\/yoast.com\/product\/yoast-seo-wordpress\/ -->\n<title>Ginger - CRAVAN - Cocktail Bar - Paris 6<\/title>\n<meta name=\"robots\" content=\"index, follow, max-snippet:-1, max-image-preview:large, max-video-preview:-1\" \/>\n<link rel=\"canonical\" href=\"https:\/\/www.cravanparis.com\/en\/boutique\/bottled-cocktails\/non-alcoholic\/ginger\/\" \/>\n<meta property=\"og:locale\" content=\"en_US\" \/>\n<meta property=\"og:type\" content=\"article\" \/>\n<meta property=\"og:title\" content=\"Ginger - CRAVAN - Cocktail Bar - Paris 6\" \/>\n<meta property=\"og:description\" content=\"Sparkling ginger and lemon drink 0% ABV Ginger showcases the aromatic power of ginger, balanced by the freshness of lemon and a lively effervescence. No flavorings, no colorants, no preservatives, and no additives. A CRAVAN signature cocktail since its opening in 2018. Best-selling soft drink on the CRAVAN menu. Formats : 500ml\" \/>\n<meta property=\"og:url\" content=\"https:\/\/www.cravanparis.com\/en\/boutique\/bottled-cocktails\/non-alcoholic\/ginger\/\" \/>\n<meta property=\"og:site_name\" content=\"CRAVAN - Cocktail Bar - Paris 6\" \/>\n<meta property=\"article:modified_time\" content=\"2026-03-27T14:24:07+00:00\" \/>\n<meta property=\"og:image\" content=\"https:\/\/www.cravanparis.com\/app\/uploads\/2026\/01\/Cravan-AlcoholFree-Ginger-Front-Portrait.png\" \/>\n\t<meta property=\"og:image:width\" content=\"1080\" \/>\n\t<meta property=\"og:image:height\" content=\"1920\" \/>\n\t<meta property=\"og:image:type\" content=\"image\/png\" \/>\n<meta name=\"twitter:card\" content=\"summary_large_image\" \/>\n<meta name=\"twitter:label1\" content=\"Est. reading time\" \/>\n\t<meta name=\"twitter:data1\" content=\"1 minute\" \/>\n<script type=\"application\/ld+json\" class=\"yoast-schema-graph\">{\"@context\":\"https:\\\/\\\/schema.org\",\"@graph\":[{\"@type\":\"WebPage\",\"@id\":\"https:\\\/\\\/www.cravanparis.com\\\/en\\\/boutique\\\/bottled-cocktails\\\/non-alcoholic\\\/ginger\\\/\",\"url\":\"https:\\\/\\\/www.cravanparis.com\\\/en\\\/boutique\\\/bottled-cocktails\\\/non-alcoholic\\\/ginger\\\/\",\"name\":\"Ginger - CRAVAN - Cocktail Bar - Paris 6\",\"isPartOf\":{\"@id\":\"https:\\\/\\\/www.cravanparis.com\\\/fr\\\/#website\"},\"primaryImageOfPage\":{\"@id\":\"https:\\\/\\\/www.cravanparis.com\\\/en\\\/boutique\\\/bottled-cocktails\\\/non-alcoholic\\\/ginger\\\/#primaryimage\"},\"image\":{\"@id\":\"https:\\\/\\\/www.cravanparis.com\\\/en\\\/boutique\\\/bottled-cocktails\\\/non-alcoholic\\\/ginger\\\/#primaryimage\"},\"thumbnailUrl\":\"https:\\\/\\\/www.cravanparis.com\\\/app\\\/uploads\\\/2026\\\/01\\\/Cravan-AlcoholFree-Ginger-Front-Portrait.png\",\"datePublished\":\"2026-01-14T06:45:39+00:00\",\"dateModified\":\"2026-03-27T14:24:07+00:00\",\"breadcrumb\":{\"@id\":\"https:\\\/\\\/www.cravanparis.com\\\/en\\\/boutique\\\/bottled-cocktails\\\/non-alcoholic\\\/ginger\\\/#breadcrumb\"},\"inLanguage\":\"en-US\",\"potentialAction\":[{\"@type\":\"ReadAction\",\"target\":[\"https:\\\/\\\/www.cravanparis.com\\\/en\\\/boutique\\\/bottled-cocktails\\\/non-alcoholic\\\/ginger\\\/\"]}]},{\"@type\":\"ImageObject\",\"inLanguage\":\"en-US\",\"@id\":\"https:\\\/\\\/www.cravanparis.com\\\/en\\\/boutique\\\/bottled-cocktails\\\/non-alcoholic\\\/ginger\\\/#primaryimage\",\"url\":\"https:\\\/\\\/www.cravanparis.com\\\/app\\\/uploads\\\/2026\\\/01\\\/Cravan-AlcoholFree-Ginger-Front-Portrait.png\",\"contentUrl\":\"https:\\\/\\\/www.cravanparis.com\\\/app\\\/uploads\\\/2026\\\/01\\\/Cravan-AlcoholFree-Ginger-Front-Portrait.png\",\"width\":1080,\"height\":1920},{\"@type\":\"BreadcrumbList\",\"@id\":\"https:\\\/\\\/www.cravanparis.com\\\/en\\\/boutique\\\/bottled-cocktails\\\/non-alcoholic\\\/ginger\\\/#breadcrumb\",\"itemListElement\":[{\"@type\":\"ListItem\",\"position\":1,\"name\":\"Home\",\"item\":\"https:\\\/\\\/www.cravanparis.com\\\/en\\\/\"},{\"@type\":\"ListItem\",\"position\":2,\"name\":\"Ginger\"}]},{\"@type\":\"WebSite\",\"@id\":\"https:\\\/\\\/www.cravanparis.com\\\/fr\\\/#website\",\"url\":\"https:\\\/\\\/www.cravanparis.com\\\/fr\\\/\",\"name\":\"CRAVAN - Cocktail Bar - Paris 6\",\"description\":\"CRAVAN, bar \u00e0 cocktails dans le 6\u00e8 arrondissement de Paris, au c\u0153ur du quartier litt\u00e9raire de Saint-Germain-des-Pr\u00e9s. Suivez-nous sur @cravanparis.\",\"publisher\":{\"@id\":\"https:\\\/\\\/www.cravanparis.com\\\/fr\\\/#organization\"},\"potentialAction\":[{\"@type\":\"SearchAction\",\"target\":{\"@type\":\"EntryPoint\",\"urlTemplate\":\"https:\\\/\\\/www.cravanparis.com\\\/fr\\\/?s={search_term_string}\"},\"query-input\":{\"@type\":\"PropertyValueSpecification\",\"valueRequired\":true,\"valueName\":\"search_term_string\"}}],\"inLanguage\":\"en-US\"},{\"@type\":\"Organization\",\"@id\":\"https:\\\/\\\/www.cravanparis.com\\\/fr\\\/#organization\",\"name\":\"CRAVAN - Cocktail Bar - Paris 6\",\"url\":\"https:\\\/\\\/www.cravanparis.com\\\/fr\\\/\",\"logo\":{\"@type\":\"ImageObject\",\"inLanguage\":\"en-US\",\"@id\":\"https:\\\/\\\/www.cravanparis.com\\\/fr\\\/#\\\/schema\\\/logo\\\/image\\\/\",\"url\":\"https:\\\/\\\/www.cravanparis.com\\\/app\\\/uploads\\\/2026\\\/03\\\/cravan.svg\",\"contentUrl\":\"https:\\\/\\\/www.cravanparis.com\\\/app\\\/uploads\\\/2026\\\/03\\\/cravan.svg\",\"width\":1296,\"height\":357,\"caption\":\"CRAVAN - Cocktail Bar - Paris 6\"},\"image\":{\"@id\":\"https:\\\/\\\/www.cravanparis.com\\\/fr\\\/#\\\/schema\\\/logo\\\/image\\\/\"},\"sameAs\":[\"https:\\\/\\\/www.instagram.com\\\/cravanparis\\\/\"]}]}<\/script>\n<!-- \/ Yoast SEO plugin. -->","yoast_head_json":{"title":"Ginger - CRAVAN - Cocktail Bar - Paris 6","robots":{"index":"index","follow":"follow","max-snippet":"max-snippet:-1","max-image-preview":"max-image-preview:large","max-video-preview":"max-video-preview:-1"},"canonical":"https:\/\/www.cravanparis.com\/en\/boutique\/bottled-cocktails\/non-alcoholic\/ginger\/","og_locale":"en_US","og_type":"article","og_title":"Ginger - CRAVAN - Cocktail Bar - Paris 6","og_description":"Sparkling ginger and lemon drink 0% ABV Ginger showcases the aromatic power of ginger, balanced by the freshness of lemon and a lively effervescence. No flavorings, no colorants, no preservatives, and no additives. A CRAVAN signature cocktail since its opening in 2018. Best-selling soft drink on the CRAVAN menu. Formats : 500ml","og_url":"https:\/\/www.cravanparis.com\/en\/boutique\/bottled-cocktails\/non-alcoholic\/ginger\/","og_site_name":"CRAVAN - Cocktail Bar - Paris 6","article_modified_time":"2026-03-27T14:24:07+00:00","og_image":[{"width":1080,"height":1920,"url":"https:\/\/www.cravanparis.com\/app\/uploads\/2026\/01\/Cravan-AlcoholFree-Ginger-Front-Portrait.png","type":"image\/png"}],"twitter_card":"summary_large_image","twitter_misc":{"Est. reading time":"1 minute"},"schema":{"@context":"https:\/\/schema.org","@graph":[{"@type":"WebPage","@id":"https:\/\/www.cravanparis.com\/en\/boutique\/bottled-cocktails\/non-alcoholic\/ginger\/","url":"https:\/\/www.cravanparis.com\/en\/boutique\/bottled-cocktails\/non-alcoholic\/ginger\/","name":"Ginger - CRAVAN - Cocktail Bar - Paris 6","isPartOf":{"@id":"https:\/\/www.cravanparis.com\/fr\/#website"},"primaryImageOfPage":{"@id":"https:\/\/www.cravanparis.com\/en\/boutique\/bottled-cocktails\/non-alcoholic\/ginger\/#primaryimage"},"image":{"@id":"https:\/\/www.cravanparis.com\/en\/boutique\/bottled-cocktails\/non-alcoholic\/ginger\/#primaryimage"},"thumbnailUrl":"https:\/\/www.cravanparis.com\/app\/uploads\/2026\/01\/Cravan-AlcoholFree-Ginger-Front-Portrait.png","datePublished":"2026-01-14T06:45:39+00:00","dateModified":"2026-03-27T14:24:07+00:00","breadcrumb":{"@id":"https:\/\/www.cravanparis.com\/en\/boutique\/bottled-cocktails\/non-alcoholic\/ginger\/#breadcrumb"},"inLanguage":"en-US","potentialAction":[{"@type":"ReadAction","target":["https:\/\/www.cravanparis.com\/en\/boutique\/bottled-cocktails\/non-alcoholic\/ginger\/"]}]},{"@type":"ImageObject","inLanguage":"en-US","@id":"https:\/\/www.cravanparis.com\/en\/boutique\/bottled-cocktails\/non-alcoholic\/ginger\/#primaryimage","url":"https:\/\/www.cravanparis.com\/app\/uploads\/2026\/01\/Cravan-AlcoholFree-Ginger-Front-Portrait.png","contentUrl":"https:\/\/www.cravanparis.com\/app\/uploads\/2026\/01\/Cravan-AlcoholFree-Ginger-Front-Portrait.png","width":1080,"height":1920},{"@type":"BreadcrumbList","@id":"https:\/\/www.cravanparis.com\/en\/boutique\/bottled-cocktails\/non-alcoholic\/ginger\/#breadcrumb","itemListElement":[{"@type":"ListItem","position":1,"name":"Home","item":"https:\/\/www.cravanparis.com\/en\/"},{"@type":"ListItem","position":2,"name":"Ginger"}]},{"@type":"WebSite","@id":"https:\/\/www.cravanparis.com\/fr\/#website","url":"https:\/\/www.cravanparis.com\/fr\/","name":"CRAVAN - Cocktail Bar - Paris 6","description":"CRAVAN, bar \u00e0 cocktails dans le 6\u00e8 arrondissement de Paris, au c\u0153ur du quartier litt\u00e9raire de Saint-Germain-des-Pr\u00e9s. Suivez-nous sur @cravanparis.","publisher":{"@id":"https:\/\/www.cravanparis.com\/fr\/#organization"},"potentialAction":[{"@type":"SearchAction","target":{"@type":"EntryPoint","urlTemplate":"https:\/\/www.cravanparis.com\/fr\/?s={search_term_string}"},"query-input":{"@type":"PropertyValueSpecification","valueRequired":true,"valueName":"search_term_string"}}],"inLanguage":"en-US"},{"@type":"Organization","@id":"https:\/\/www.cravanparis.com\/fr\/#organization","name":"CRAVAN - Cocktail Bar - Paris 6","url":"https:\/\/www.cravanparis.com\/fr\/","logo":{"@type":"ImageObject","inLanguage":"en-US","@id":"https:\/\/www.cravanparis.com\/fr\/#\/schema\/logo\/image\/","url":"https:\/\/www.cravanparis.com\/app\/uploads\/2026\/03\/cravan.svg","contentUrl":"https:\/\/www.cravanparis.com\/app\/uploads\/2026\/03\/cravan.svg","width":1296,"height":357,"caption":"CRAVAN - Cocktail Bar - Paris 6"},"image":{"@id":"https:\/\/www.cravanparis.com\/fr\/#\/schema\/logo\/image\/"},"sameAs":["https:\/\/www.instagram.com\/cravanparis\/"]}]}},"_links":{"self":[{"href":"https:\/\/www.cravanparis.com\/en\/wp-json\/wp\/v2\/product\/1190","targetHints":{"allow":["GET"]}}],"collection":[{"href":"https:\/\/www.cravanparis.com\/en\/wp-json\/wp\/v2\/product"}],"about":[{"href":"https:\/\/www.cravanparis.com\/en\/wp-json\/wp\/v2\/types\/product"}],"wp:featuredmedia":[{"embeddable":true,"href":"https:\/\/www.cravanparis.com\/en\/wp-json\/wp\/v2\/media\/1712"}],"wp:attachment":[{"href":"https:\/\/www.cravanparis.com\/en\/wp-json\/wp\/v2\/media?parent=1190"}],"wp:term":[{"taxonomy":"product_brand","embeddable":true,"href":"https:\/\/www.cravanparis.com\/en\/wp-json\/wp\/v2\/product_brand?post=1190"},{"taxonomy":"product_cat","embeddable":true,"href":"https:\/\/www.cravanparis.com\/en\/wp-json\/wp\/v2\/product_cat?post=1190"},{"taxonomy":"product_tag","embeddable":true,"href":"https:\/\/www.cravanparis.com\/en\/wp-json\/wp\/v2\/product_tag?post=1190"}],"curies":[{"name":"wp","href":"https:\/\/api.w.org\/{rel}","templated":true}]}}