{"id":1228,"date":"2026-01-20T07:37:35","date_gmt":"2026-01-20T06:37:35","guid":{"rendered":"https:\/\/www.cravanparis.com\/boutique\/uncategorized\/archi\/"},"modified":"2026-01-20T07:37:35","modified_gmt":"2026-01-20T06:37:35","slug":"archi","status":"publish","type":"product","link":"https:\/\/www.cravanparis.com\/en\/boutique\/bottled-cocktails\/prestiges\/archi\/","title":{"rendered":"Archi"},"content":{"rendered":"<p><em><strong>Scotch Whisky Glenmorangie 18 years old, pear cordial <\/strong><\/em><\/p>\n<p><strong>17% vol.<\/strong><\/p>\n<p class=\"p1\">Developed in close collaboration with Dr Bill Lumsden, a world-renowned whisky expert and Director of Distilling and Whisky Creation at Glenmorangie and Ardbeg, Archi was conceived with the utmost respect for Glenmorangie 18 Year Old. Born from meticulous work, the creation of this recipe consisted of delicately shifting a slider, that of the pear, already inherently present in the Scotch whisky. The addition of a pear cider cordial complements the Glenmorangie 18 Year Old without ever distorting it.<span class=\"Apple-converted-space\"> <\/span><\/p>\n","protected":false},"excerpt":{"rendered":"<p>Scotch Whisky Glenmorangie 18 years old, pear cordial 17% vol. Developed in close collaboration with Dr Bill Lumsden, a world-renowned whisky expert and Director of Distilling and Whisky Creation at Glenmorangie and Ardbeg, Archi was conceived with the utmost respect for Glenmorangie 18 Year Old. Born from meticulous work, the creation of this recipe consisted [&hellip;]<\/p>\n","protected":false},"featured_media":1692,"template":"","meta":{"_acf_changed":false,"inline_featured_image":false},"product_brand":[],"product_cat":[68,69],"product_tag":[],"class_list":{"0":"post-1228","1":"product","2":"type-product","3":"status-publish","4":"has-post-thumbnail","6":"product_cat-bottled-cocktails","7":"product_cat-prestiges","9":"first","10":"instock","11":"shipping-taxable","12":"purchasable","13":"product-type-simple"},"acf":[],"yoast_head":"<!-- This site is optimized with the Yoast SEO plugin v27.3 - https:\/\/yoast.com\/product\/yoast-seo-wordpress\/ -->\n<title>Archi - CRAVAN - Cocktail Bar - Paris 6<\/title>\n<meta name=\"robots\" content=\"index, follow, max-snippet:-1, max-image-preview:large, max-video-preview:-1\" \/>\n<link rel=\"canonical\" href=\"https:\/\/www.cravanparis.com\/en\/boutique\/bottled-cocktails\/prestiges\/archi\/\" \/>\n<meta property=\"og:locale\" content=\"en_US\" \/>\n<meta property=\"og:type\" content=\"article\" \/>\n<meta property=\"og:title\" content=\"Archi - CRAVAN - Cocktail Bar - Paris 6\" \/>\n<meta property=\"og:description\" content=\"Scotch Whisky Glenmorangie 18 years old, pear cordial 17% vol. Developed in close collaboration with Dr Bill Lumsden, a world-renowned whisky expert and Director of Distilling and Whisky Creation at Glenmorangie and Ardbeg, Archi was conceived with the utmost respect for Glenmorangie 18 Year Old. Born from meticulous work, the creation of this recipe consisted [&hellip;]\" \/>\n<meta property=\"og:url\" content=\"https:\/\/www.cravanparis.com\/en\/boutique\/bottled-cocktails\/prestiges\/archi\/\" \/>\n<meta property=\"og:site_name\" content=\"CRAVAN - Cocktail Bar - Paris 6\" \/>\n<meta property=\"og:image\" content=\"https:\/\/www.cravanparis.com\/app\/uploads\/2026\/01\/Cravan-Bouteilles-NewDesign-Archi-Front.png\" \/>\n\t<meta property=\"og:image:width\" content=\"1080\" \/>\n\t<meta property=\"og:image:height\" content=\"1920\" \/>\n\t<meta property=\"og:image:type\" content=\"image\/png\" \/>\n<meta name=\"twitter:card\" content=\"summary_large_image\" \/>\n<script type=\"application\/ld+json\" class=\"yoast-schema-graph\">{\"@context\":\"https:\\\/\\\/schema.org\",\"@graph\":[{\"@type\":\"WebPage\",\"@id\":\"https:\\\/\\\/www.cravanparis.com\\\/en\\\/boutique\\\/bottled-cocktails\\\/prestiges\\\/archi\\\/\",\"url\":\"https:\\\/\\\/www.cravanparis.com\\\/en\\\/boutique\\\/bottled-cocktails\\\/prestiges\\\/archi\\\/\",\"name\":\"Archi - CRAVAN - Cocktail Bar - Paris 6\",\"isPartOf\":{\"@id\":\"https:\\\/\\\/www.cravanparis.com\\\/fr\\\/#website\"},\"primaryImageOfPage\":{\"@id\":\"https:\\\/\\\/www.cravanparis.com\\\/en\\\/boutique\\\/bottled-cocktails\\\/prestiges\\\/archi\\\/#primaryimage\"},\"image\":{\"@id\":\"https:\\\/\\\/www.cravanparis.com\\\/en\\\/boutique\\\/bottled-cocktails\\\/prestiges\\\/archi\\\/#primaryimage\"},\"thumbnailUrl\":\"https:\\\/\\\/www.cravanparis.com\\\/app\\\/uploads\\\/2026\\\/01\\\/Cravan-Bouteilles-NewDesign-Archi-Front.png\",\"datePublished\":\"2026-01-20T06:37:35+00:00\",\"breadcrumb\":{\"@id\":\"https:\\\/\\\/www.cravanparis.com\\\/en\\\/boutique\\\/bottled-cocktails\\\/prestiges\\\/archi\\\/#breadcrumb\"},\"inLanguage\":\"en-US\",\"potentialAction\":[{\"@type\":\"ReadAction\",\"target\":[\"https:\\\/\\\/www.cravanparis.com\\\/en\\\/boutique\\\/bottled-cocktails\\\/prestiges\\\/archi\\\/\"]}]},{\"@type\":\"ImageObject\",\"inLanguage\":\"en-US\",\"@id\":\"https:\\\/\\\/www.cravanparis.com\\\/en\\\/boutique\\\/bottled-cocktails\\\/prestiges\\\/archi\\\/#primaryimage\",\"url\":\"https:\\\/\\\/www.cravanparis.com\\\/app\\\/uploads\\\/2026\\\/01\\\/Cravan-Bouteilles-NewDesign-Archi-Front.png\",\"contentUrl\":\"https:\\\/\\\/www.cravanparis.com\\\/app\\\/uploads\\\/2026\\\/01\\\/Cravan-Bouteilles-NewDesign-Archi-Front.png\",\"width\":1080,\"height\":1920},{\"@type\":\"BreadcrumbList\",\"@id\":\"https:\\\/\\\/www.cravanparis.com\\\/en\\\/boutique\\\/bottled-cocktails\\\/prestiges\\\/archi\\\/#breadcrumb\",\"itemListElement\":[{\"@type\":\"ListItem\",\"position\":1,\"name\":\"Home\",\"item\":\"https:\\\/\\\/www.cravanparis.com\\\/en\\\/\"},{\"@type\":\"ListItem\",\"position\":2,\"name\":\"Archi\"}]},{\"@type\":\"WebSite\",\"@id\":\"https:\\\/\\\/www.cravanparis.com\\\/fr\\\/#website\",\"url\":\"https:\\\/\\\/www.cravanparis.com\\\/fr\\\/\",\"name\":\"CRAVAN - Cocktail Bar - Paris 6\",\"description\":\"CRAVAN, bar \u00e0 cocktails dans le 6\u00e8 arrondissement de Paris, au c\u0153ur du quartier litt\u00e9raire de Saint-Germain-des-Pr\u00e9s. Suivez-nous sur @cravanparis.\",\"publisher\":{\"@id\":\"https:\\\/\\\/www.cravanparis.com\\\/fr\\\/#organization\"},\"potentialAction\":[{\"@type\":\"SearchAction\",\"target\":{\"@type\":\"EntryPoint\",\"urlTemplate\":\"https:\\\/\\\/www.cravanparis.com\\\/fr\\\/?s={search_term_string}\"},\"query-input\":{\"@type\":\"PropertyValueSpecification\",\"valueRequired\":true,\"valueName\":\"search_term_string\"}}],\"inLanguage\":\"en-US\"},{\"@type\":\"Organization\",\"@id\":\"https:\\\/\\\/www.cravanparis.com\\\/fr\\\/#organization\",\"name\":\"CRAVAN - Cocktail Bar - Paris 6\",\"url\":\"https:\\\/\\\/www.cravanparis.com\\\/fr\\\/\",\"logo\":{\"@type\":\"ImageObject\",\"inLanguage\":\"en-US\",\"@id\":\"https:\\\/\\\/www.cravanparis.com\\\/fr\\\/#\\\/schema\\\/logo\\\/image\\\/\",\"url\":\"https:\\\/\\\/www.cravanparis.com\\\/app\\\/uploads\\\/2026\\\/03\\\/cravan.svg\",\"contentUrl\":\"https:\\\/\\\/www.cravanparis.com\\\/app\\\/uploads\\\/2026\\\/03\\\/cravan.svg\",\"width\":1296,\"height\":357,\"caption\":\"CRAVAN - Cocktail Bar - Paris 6\"},\"image\":{\"@id\":\"https:\\\/\\\/www.cravanparis.com\\\/fr\\\/#\\\/schema\\\/logo\\\/image\\\/\"},\"sameAs\":[\"https:\\\/\\\/www.instagram.com\\\/cravanparis\\\/\"]}]}<\/script>\n<!-- \/ Yoast SEO plugin. -->","yoast_head_json":{"title":"Archi - CRAVAN - Cocktail Bar - Paris 6","robots":{"index":"index","follow":"follow","max-snippet":"max-snippet:-1","max-image-preview":"max-image-preview:large","max-video-preview":"max-video-preview:-1"},"canonical":"https:\/\/www.cravanparis.com\/en\/boutique\/bottled-cocktails\/prestiges\/archi\/","og_locale":"en_US","og_type":"article","og_title":"Archi - CRAVAN - Cocktail Bar - Paris 6","og_description":"Scotch Whisky Glenmorangie 18 years old, pear cordial 17% vol. Developed in close collaboration with Dr Bill Lumsden, a world-renowned whisky expert and Director of Distilling and Whisky Creation at Glenmorangie and Ardbeg, Archi was conceived with the utmost respect for Glenmorangie 18 Year Old. Born from meticulous work, the creation of this recipe consisted [&hellip;]","og_url":"https:\/\/www.cravanparis.com\/en\/boutique\/bottled-cocktails\/prestiges\/archi\/","og_site_name":"CRAVAN - Cocktail Bar - Paris 6","og_image":[{"width":1080,"height":1920,"url":"https:\/\/www.cravanparis.com\/app\/uploads\/2026\/01\/Cravan-Bouteilles-NewDesign-Archi-Front.png","type":"image\/png"}],"twitter_card":"summary_large_image","schema":{"@context":"https:\/\/schema.org","@graph":[{"@type":"WebPage","@id":"https:\/\/www.cravanparis.com\/en\/boutique\/bottled-cocktails\/prestiges\/archi\/","url":"https:\/\/www.cravanparis.com\/en\/boutique\/bottled-cocktails\/prestiges\/archi\/","name":"Archi - CRAVAN - Cocktail Bar - Paris 6","isPartOf":{"@id":"https:\/\/www.cravanparis.com\/fr\/#website"},"primaryImageOfPage":{"@id":"https:\/\/www.cravanparis.com\/en\/boutique\/bottled-cocktails\/prestiges\/archi\/#primaryimage"},"image":{"@id":"https:\/\/www.cravanparis.com\/en\/boutique\/bottled-cocktails\/prestiges\/archi\/#primaryimage"},"thumbnailUrl":"https:\/\/www.cravanparis.com\/app\/uploads\/2026\/01\/Cravan-Bouteilles-NewDesign-Archi-Front.png","datePublished":"2026-01-20T06:37:35+00:00","breadcrumb":{"@id":"https:\/\/www.cravanparis.com\/en\/boutique\/bottled-cocktails\/prestiges\/archi\/#breadcrumb"},"inLanguage":"en-US","potentialAction":[{"@type":"ReadAction","target":["https:\/\/www.cravanparis.com\/en\/boutique\/bottled-cocktails\/prestiges\/archi\/"]}]},{"@type":"ImageObject","inLanguage":"en-US","@id":"https:\/\/www.cravanparis.com\/en\/boutique\/bottled-cocktails\/prestiges\/archi\/#primaryimage","url":"https:\/\/www.cravanparis.com\/app\/uploads\/2026\/01\/Cravan-Bouteilles-NewDesign-Archi-Front.png","contentUrl":"https:\/\/www.cravanparis.com\/app\/uploads\/2026\/01\/Cravan-Bouteilles-NewDesign-Archi-Front.png","width":1080,"height":1920},{"@type":"BreadcrumbList","@id":"https:\/\/www.cravanparis.com\/en\/boutique\/bottled-cocktails\/prestiges\/archi\/#breadcrumb","itemListElement":[{"@type":"ListItem","position":1,"name":"Home","item":"https:\/\/www.cravanparis.com\/en\/"},{"@type":"ListItem","position":2,"name":"Archi"}]},{"@type":"WebSite","@id":"https:\/\/www.cravanparis.com\/fr\/#website","url":"https:\/\/www.cravanparis.com\/fr\/","name":"CRAVAN - Cocktail Bar - Paris 6","description":"CRAVAN, bar \u00e0 cocktails dans le 6\u00e8 arrondissement de Paris, au c\u0153ur du quartier litt\u00e9raire de Saint-Germain-des-Pr\u00e9s. Suivez-nous sur @cravanparis.","publisher":{"@id":"https:\/\/www.cravanparis.com\/fr\/#organization"},"potentialAction":[{"@type":"SearchAction","target":{"@type":"EntryPoint","urlTemplate":"https:\/\/www.cravanparis.com\/fr\/?s={search_term_string}"},"query-input":{"@type":"PropertyValueSpecification","valueRequired":true,"valueName":"search_term_string"}}],"inLanguage":"en-US"},{"@type":"Organization","@id":"https:\/\/www.cravanparis.com\/fr\/#organization","name":"CRAVAN - Cocktail Bar - Paris 6","url":"https:\/\/www.cravanparis.com\/fr\/","logo":{"@type":"ImageObject","inLanguage":"en-US","@id":"https:\/\/www.cravanparis.com\/fr\/#\/schema\/logo\/image\/","url":"https:\/\/www.cravanparis.com\/app\/uploads\/2026\/03\/cravan.svg","contentUrl":"https:\/\/www.cravanparis.com\/app\/uploads\/2026\/03\/cravan.svg","width":1296,"height":357,"caption":"CRAVAN - Cocktail Bar - Paris 6"},"image":{"@id":"https:\/\/www.cravanparis.com\/fr\/#\/schema\/logo\/image\/"},"sameAs":["https:\/\/www.instagram.com\/cravanparis\/"]}]}},"_links":{"self":[{"href":"https:\/\/www.cravanparis.com\/en\/wp-json\/wp\/v2\/product\/1228","targetHints":{"allow":["GET"]}}],"collection":[{"href":"https:\/\/www.cravanparis.com\/en\/wp-json\/wp\/v2\/product"}],"about":[{"href":"https:\/\/www.cravanparis.com\/en\/wp-json\/wp\/v2\/types\/product"}],"wp:featuredmedia":[{"embeddable":true,"href":"https:\/\/www.cravanparis.com\/en\/wp-json\/wp\/v2\/media\/1692"}],"wp:attachment":[{"href":"https:\/\/www.cravanparis.com\/en\/wp-json\/wp\/v2\/media?parent=1228"}],"wp:term":[{"taxonomy":"product_brand","embeddable":true,"href":"https:\/\/www.cravanparis.com\/en\/wp-json\/wp\/v2\/product_brand?post=1228"},{"taxonomy":"product_cat","embeddable":true,"href":"https:\/\/www.cravanparis.com\/en\/wp-json\/wp\/v2\/product_cat?post=1228"},{"taxonomy":"product_tag","embeddable":true,"href":"https:\/\/www.cravanparis.com\/en\/wp-json\/wp\/v2\/product_tag?post=1228"}],"curies":[{"name":"wp","href":"https:\/\/api.w.org\/{rel}","templated":true}]}}