{"id":1234,"date":"2026-02-06T13:08:28","date_gmt":"2026-02-06T12:08:28","guid":{"rendered":"https:\/\/www.cravanparis.com\/boutique\/uncategorized\/varsity-jacket-3-paradis-x-cravan\/"},"modified":"2026-03-27T15:15:36","modified_gmt":"2026-03-27T14:15:36","slug":"varsity-jacket-3-paradis-x-cravan","status":"publish","type":"product","link":"https:\/\/www.cravanparis.com\/en\/boutique\/objects\/varsity-jacket-3-paradis-x-cravan\/","title":{"rendered":"Varsity jacket 3.Paradis x Cravan"},"content":{"rendered":"<p>CRAVAN is a place where currents and references mingle, where cocktail expertise coexists with literature, cinema, and cuisine.<\/p>\n<p>Opened by Franck Audoux at 165 boulevard Saint-Germain, CRAVAN 75006 is cooperating with 3.PARADIS, a contemporary ready-to-wear brand, and its founder-artistic director Emeric Tchatchoua to bring to life an exclusive Varsity jacket. Through this avant-garde alliance, we observe the meeting of two distinct but related universes, with know-how as the common thread. This cooperation aims to transcend the boundaries between fashion and living spaces, resonating with a new generation of creators.  <\/p>\n<p>100% wool from Nona Source, a supplier of fabrics from the dormant stocks of luxury fashion houses.<\/p>\n","protected":false},"excerpt":{"rendered":"<p>CRAVAN is a place where currents and references mingle, where cocktail expertise coexists with literature, cinema, and cuisine. Opened by Franck Audoux at 165 boulevard Saint-Germain, CRAVAN 75006 is cooperating with 3.PARADIS, a contemporary ready-to-wear brand, and its founder-artistic director Emeric Tchatchoua to bring to life an exclusive Varsity jacket. Through this avant-garde alliance, we [&hellip;]<\/p>\n","protected":false},"featured_media":1232,"template":"","meta":{"_acf_changed":false,"inline_featured_image":false},"product_brand":[],"product_cat":[72],"product_tag":[],"class_list":{"0":"post-1234","1":"product","2":"type-product","3":"status-publish","4":"has-post-thumbnail","6":"product_cat-objects","8":"first","9":"instock","10":"shipping-taxable","11":"purchasable","12":"product-type-simple"},"acf":[],"yoast_head":"<!-- This site is optimized with the Yoast SEO plugin v27.3 - https:\/\/yoast.com\/product\/yoast-seo-wordpress\/ -->\n<title>Varsity jacket 3.Paradis x Cravan - CRAVAN - Cocktail Bar - Paris 6<\/title>\n<meta name=\"robots\" content=\"index, follow, max-snippet:-1, max-image-preview:large, max-video-preview:-1\" \/>\n<link rel=\"canonical\" href=\"https:\/\/www.cravanparis.com\/en\/boutique\/objects\/varsity-jacket-3-paradis-x-cravan\/\" \/>\n<meta property=\"og:locale\" content=\"en_US\" \/>\n<meta property=\"og:type\" content=\"article\" \/>\n<meta property=\"og:title\" content=\"Varsity jacket 3.Paradis x Cravan - CRAVAN - Cocktail Bar - Paris 6\" \/>\n<meta property=\"og:description\" content=\"CRAVAN is a place where currents and references mingle, where cocktail expertise coexists with literature, cinema, and cuisine. Opened by Franck Audoux at 165 boulevard Saint-Germain, CRAVAN 75006 is cooperating with 3.PARADIS, a contemporary ready-to-wear brand, and its founder-artistic director Emeric Tchatchoua to bring to life an exclusive Varsity jacket. Through this avant-garde alliance, we [&hellip;]\" \/>\n<meta property=\"og:url\" content=\"https:\/\/www.cravanparis.com\/en\/boutique\/objects\/varsity-jacket-3-paradis-x-cravan\/\" \/>\n<meta property=\"og:site_name\" content=\"CRAVAN - Cocktail Bar - Paris 6\" \/>\n<meta property=\"article:modified_time\" content=\"2026-03-27T14:15:36+00:00\" \/>\n<meta name=\"twitter:card\" content=\"summary_large_image\" \/>\n<meta name=\"twitter:label1\" content=\"Est. reading time\" \/>\n\t<meta name=\"twitter:data1\" content=\"1 minute\" \/>\n<script type=\"application\/ld+json\" class=\"yoast-schema-graph\">{\"@context\":\"https:\\\/\\\/schema.org\",\"@graph\":[{\"@type\":\"WebPage\",\"@id\":\"https:\\\/\\\/www.cravanparis.com\\\/en\\\/boutique\\\/objects\\\/varsity-jacket-3-paradis-x-cravan\\\/\",\"url\":\"https:\\\/\\\/www.cravanparis.com\\\/en\\\/boutique\\\/objects\\\/varsity-jacket-3-paradis-x-cravan\\\/\",\"name\":\"Varsity jacket 3.Paradis x Cravan - CRAVAN - Cocktail Bar - Paris 6\",\"isPartOf\":{\"@id\":\"https:\\\/\\\/www.cravanparis.com\\\/fr\\\/#website\"},\"primaryImageOfPage\":{\"@id\":\"https:\\\/\\\/www.cravanparis.com\\\/en\\\/boutique\\\/objects\\\/varsity-jacket-3-paradis-x-cravan\\\/#primaryimage\"},\"image\":{\"@id\":\"https:\\\/\\\/www.cravanparis.com\\\/en\\\/boutique\\\/objects\\\/varsity-jacket-3-paradis-x-cravan\\\/#primaryimage\"},\"thumbnailUrl\":\"https:\\\/\\\/www.cravanparis.com\\\/app\\\/uploads\\\/2026\\\/02\\\/teddy.png.avif\",\"datePublished\":\"2026-02-06T12:08:28+00:00\",\"dateModified\":\"2026-03-27T14:15:36+00:00\",\"breadcrumb\":{\"@id\":\"https:\\\/\\\/www.cravanparis.com\\\/en\\\/boutique\\\/objects\\\/varsity-jacket-3-paradis-x-cravan\\\/#breadcrumb\"},\"inLanguage\":\"en-US\",\"potentialAction\":[{\"@type\":\"ReadAction\",\"target\":[\"https:\\\/\\\/www.cravanparis.com\\\/en\\\/boutique\\\/objects\\\/varsity-jacket-3-paradis-x-cravan\\\/\"]}]},{\"@type\":\"ImageObject\",\"inLanguage\":\"en-US\",\"@id\":\"https:\\\/\\\/www.cravanparis.com\\\/en\\\/boutique\\\/objects\\\/varsity-jacket-3-paradis-x-cravan\\\/#primaryimage\",\"url\":\"https:\\\/\\\/www.cravanparis.com\\\/app\\\/uploads\\\/2026\\\/02\\\/teddy.png.avif\",\"contentUrl\":\"https:\\\/\\\/www.cravanparis.com\\\/app\\\/uploads\\\/2026\\\/02\\\/teddy.png.avif\",\"width\":420,\"height\":566},{\"@type\":\"BreadcrumbList\",\"@id\":\"https:\\\/\\\/www.cravanparis.com\\\/en\\\/boutique\\\/objects\\\/varsity-jacket-3-paradis-x-cravan\\\/#breadcrumb\",\"itemListElement\":[{\"@type\":\"ListItem\",\"position\":1,\"name\":\"Home\",\"item\":\"https:\\\/\\\/www.cravanparis.com\\\/en\\\/\"},{\"@type\":\"ListItem\",\"position\":2,\"name\":\"Varsity jacket 3.Paradis x Cravan\"}]},{\"@type\":\"WebSite\",\"@id\":\"https:\\\/\\\/www.cravanparis.com\\\/fr\\\/#website\",\"url\":\"https:\\\/\\\/www.cravanparis.com\\\/fr\\\/\",\"name\":\"CRAVAN - Cocktail Bar - Paris 6\",\"description\":\"CRAVAN, bar \u00e0 cocktails dans le 6\u00e8 arrondissement de Paris, au c\u0153ur du quartier litt\u00e9raire de Saint-Germain-des-Pr\u00e9s. Suivez-nous sur @cravanparis.\",\"publisher\":{\"@id\":\"https:\\\/\\\/www.cravanparis.com\\\/fr\\\/#organization\"},\"potentialAction\":[{\"@type\":\"SearchAction\",\"target\":{\"@type\":\"EntryPoint\",\"urlTemplate\":\"https:\\\/\\\/www.cravanparis.com\\\/fr\\\/?s={search_term_string}\"},\"query-input\":{\"@type\":\"PropertyValueSpecification\",\"valueRequired\":true,\"valueName\":\"search_term_string\"}}],\"inLanguage\":\"en-US\"},{\"@type\":\"Organization\",\"@id\":\"https:\\\/\\\/www.cravanparis.com\\\/fr\\\/#organization\",\"name\":\"CRAVAN - Cocktail Bar - Paris 6\",\"url\":\"https:\\\/\\\/www.cravanparis.com\\\/fr\\\/\",\"logo\":{\"@type\":\"ImageObject\",\"inLanguage\":\"en-US\",\"@id\":\"https:\\\/\\\/www.cravanparis.com\\\/fr\\\/#\\\/schema\\\/logo\\\/image\\\/\",\"url\":\"https:\\\/\\\/www.cravanparis.com\\\/app\\\/uploads\\\/2026\\\/03\\\/cravan.svg\",\"contentUrl\":\"https:\\\/\\\/www.cravanparis.com\\\/app\\\/uploads\\\/2026\\\/03\\\/cravan.svg\",\"width\":1296,\"height\":357,\"caption\":\"CRAVAN - Cocktail Bar - Paris 6\"},\"image\":{\"@id\":\"https:\\\/\\\/www.cravanparis.com\\\/fr\\\/#\\\/schema\\\/logo\\\/image\\\/\"},\"sameAs\":[\"https:\\\/\\\/www.instagram.com\\\/cravanparis\\\/\"]}]}<\/script>\n<!-- \/ Yoast SEO plugin. -->","yoast_head_json":{"title":"Varsity jacket 3.Paradis x Cravan - CRAVAN - Cocktail Bar - Paris 6","robots":{"index":"index","follow":"follow","max-snippet":"max-snippet:-1","max-image-preview":"max-image-preview:large","max-video-preview":"max-video-preview:-1"},"canonical":"https:\/\/www.cravanparis.com\/en\/boutique\/objects\/varsity-jacket-3-paradis-x-cravan\/","og_locale":"en_US","og_type":"article","og_title":"Varsity jacket 3.Paradis x Cravan - CRAVAN - Cocktail Bar - Paris 6","og_description":"CRAVAN is a place where currents and references mingle, where cocktail expertise coexists with literature, cinema, and cuisine. Opened by Franck Audoux at 165 boulevard Saint-Germain, CRAVAN 75006 is cooperating with 3.PARADIS, a contemporary ready-to-wear brand, and its founder-artistic director Emeric Tchatchoua to bring to life an exclusive Varsity jacket. Through this avant-garde alliance, we [&hellip;]","og_url":"https:\/\/www.cravanparis.com\/en\/boutique\/objects\/varsity-jacket-3-paradis-x-cravan\/","og_site_name":"CRAVAN - Cocktail Bar - Paris 6","article_modified_time":"2026-03-27T14:15:36+00:00","twitter_card":"summary_large_image","twitter_misc":{"Est. reading time":"1 minute"},"schema":{"@context":"https:\/\/schema.org","@graph":[{"@type":"WebPage","@id":"https:\/\/www.cravanparis.com\/en\/boutique\/objects\/varsity-jacket-3-paradis-x-cravan\/","url":"https:\/\/www.cravanparis.com\/en\/boutique\/objects\/varsity-jacket-3-paradis-x-cravan\/","name":"Varsity jacket 3.Paradis x Cravan - CRAVAN - Cocktail Bar - Paris 6","isPartOf":{"@id":"https:\/\/www.cravanparis.com\/fr\/#website"},"primaryImageOfPage":{"@id":"https:\/\/www.cravanparis.com\/en\/boutique\/objects\/varsity-jacket-3-paradis-x-cravan\/#primaryimage"},"image":{"@id":"https:\/\/www.cravanparis.com\/en\/boutique\/objects\/varsity-jacket-3-paradis-x-cravan\/#primaryimage"},"thumbnailUrl":"https:\/\/www.cravanparis.com\/app\/uploads\/2026\/02\/teddy.png.avif","datePublished":"2026-02-06T12:08:28+00:00","dateModified":"2026-03-27T14:15:36+00:00","breadcrumb":{"@id":"https:\/\/www.cravanparis.com\/en\/boutique\/objects\/varsity-jacket-3-paradis-x-cravan\/#breadcrumb"},"inLanguage":"en-US","potentialAction":[{"@type":"ReadAction","target":["https:\/\/www.cravanparis.com\/en\/boutique\/objects\/varsity-jacket-3-paradis-x-cravan\/"]}]},{"@type":"ImageObject","inLanguage":"en-US","@id":"https:\/\/www.cravanparis.com\/en\/boutique\/objects\/varsity-jacket-3-paradis-x-cravan\/#primaryimage","url":"https:\/\/www.cravanparis.com\/app\/uploads\/2026\/02\/teddy.png.avif","contentUrl":"https:\/\/www.cravanparis.com\/app\/uploads\/2026\/02\/teddy.png.avif","width":420,"height":566},{"@type":"BreadcrumbList","@id":"https:\/\/www.cravanparis.com\/en\/boutique\/objects\/varsity-jacket-3-paradis-x-cravan\/#breadcrumb","itemListElement":[{"@type":"ListItem","position":1,"name":"Home","item":"https:\/\/www.cravanparis.com\/en\/"},{"@type":"ListItem","position":2,"name":"Varsity jacket 3.Paradis x Cravan"}]},{"@type":"WebSite","@id":"https:\/\/www.cravanparis.com\/fr\/#website","url":"https:\/\/www.cravanparis.com\/fr\/","name":"CRAVAN - Cocktail Bar - Paris 6","description":"CRAVAN, bar \u00e0 cocktails dans le 6\u00e8 arrondissement de Paris, au c\u0153ur du quartier litt\u00e9raire de Saint-Germain-des-Pr\u00e9s. Suivez-nous sur @cravanparis.","publisher":{"@id":"https:\/\/www.cravanparis.com\/fr\/#organization"},"potentialAction":[{"@type":"SearchAction","target":{"@type":"EntryPoint","urlTemplate":"https:\/\/www.cravanparis.com\/fr\/?s={search_term_string}"},"query-input":{"@type":"PropertyValueSpecification","valueRequired":true,"valueName":"search_term_string"}}],"inLanguage":"en-US"},{"@type":"Organization","@id":"https:\/\/www.cravanparis.com\/fr\/#organization","name":"CRAVAN - Cocktail Bar - Paris 6","url":"https:\/\/www.cravanparis.com\/fr\/","logo":{"@type":"ImageObject","inLanguage":"en-US","@id":"https:\/\/www.cravanparis.com\/fr\/#\/schema\/logo\/image\/","url":"https:\/\/www.cravanparis.com\/app\/uploads\/2026\/03\/cravan.svg","contentUrl":"https:\/\/www.cravanparis.com\/app\/uploads\/2026\/03\/cravan.svg","width":1296,"height":357,"caption":"CRAVAN - Cocktail Bar - Paris 6"},"image":{"@id":"https:\/\/www.cravanparis.com\/fr\/#\/schema\/logo\/image\/"},"sameAs":["https:\/\/www.instagram.com\/cravanparis\/"]}]}},"_links":{"self":[{"href":"https:\/\/www.cravanparis.com\/en\/wp-json\/wp\/v2\/product\/1234","targetHints":{"allow":["GET"]}}],"collection":[{"href":"https:\/\/www.cravanparis.com\/en\/wp-json\/wp\/v2\/product"}],"about":[{"href":"https:\/\/www.cravanparis.com\/en\/wp-json\/wp\/v2\/types\/product"}],"wp:featuredmedia":[{"embeddable":true,"href":"https:\/\/www.cravanparis.com\/en\/wp-json\/wp\/v2\/media\/1232"}],"wp:attachment":[{"href":"https:\/\/www.cravanparis.com\/en\/wp-json\/wp\/v2\/media?parent=1234"}],"wp:term":[{"taxonomy":"product_brand","embeddable":true,"href":"https:\/\/www.cravanparis.com\/en\/wp-json\/wp\/v2\/product_brand?post=1234"},{"taxonomy":"product_cat","embeddable":true,"href":"https:\/\/www.cravanparis.com\/en\/wp-json\/wp\/v2\/product_cat?post=1234"},{"taxonomy":"product_tag","embeddable":true,"href":"https:\/\/www.cravanparis.com\/en\/wp-json\/wp\/v2\/product_tag?post=1234"}],"curies":[{"name":"wp","href":"https:\/\/api.w.org\/{rel}","templated":true}]}}