{"id":16,"date":"2025-12-09T12:19:19","date_gmt":"2025-12-09T11:19:19","guid":{"rendered":"https:\/\/www.cravanparis.com\/?page_id=16"},"modified":"2026-04-27T17:56:49","modified_gmt":"2026-04-27T15:56:49","slug":"masterclass-cocktails","status":"publish","type":"page","link":"https:\/\/www.cravanparis.com\/fr\/masterclass-cocktails\/","title":{"rendered":"Masterclass cocktails"},"content":{"rendered":"                <div  class=\"cravan-bloc cravan-hero cravan-hero-container height-50 \">\n            <div class=\"container-fluid cravan__hero_container h-100\">\n\n                <div class=\"row align-content-center justify-content-center h-100\">\n\n                                            <div class=\"cravan__hero_background_image\">\n                            <div class=\"cravan-bloc cravan-image container-fluid\">\n                                <img decoding=\"async\" src=\"https:\/\/www.cravanparis.com\/app\/uploads\/2025\/12\/masterclasses_carte_cadeau.jpg.webp\" alt=\"\" class=\"img-fluid\"\/>\n                            <\/div>\n                        <\/div>\n\n                    \n                    <div class=\"container\">\n\n                        <div class=\"cravan__hero_content row\">\n\n                            <div class=\"col-12\">\n\n                                <div class=\"row justify-content-center\">\n                                    <div class=\"col-12\">\n                                        <div class=\"cravan-bloc cravan-subtitle-title-text-cta\">\n\n                                            <div class=\"row justify-content-center\">\n                                                <div class=\"col-12 text-center\">\n                                                    <div class=\"cravan__title_container\">\n\n                                                        \n                                                        <div class=\"cravan__title row\">\n                                                            <h1 class=\"col\">\n                                                            Masterclass cocktails                                                        <\/h1>\n                                                    <\/div>\n                                                <\/div>\n\n                                                <div class=\"cravan__text row justify-content-center\">\n                                                    <div class=\"col-12 col-lg-6\">\n                                                                                                            <\/div>\n                                                <\/div>\n                                                                                            <\/div>\n\n                                        <\/div>\n                                    <\/div>\n                                <\/div>\n                            <\/div>\n\n                        <\/div>\n\n                    <\/div>\n\n                <\/div>\n\n            <\/div>\n        <\/div>\n        <\/div>\n    \n\n                <div  class=\"cravan-bloc cravan-wysiwyg \">\n            <div class=\"row\">\n                <div class=\"container\">\n                    <div class=\"row justify-content-center\">\n                        <div class=\"col-12 col-xl-8\">\n                            <div class=\"cravan__wysiwyg_text_container\">\n                                <p>Tous les\u00a0<strong>samedis, de 14h \u00e0 15h30 en anglais, et de 16h \u00e0 17h30 en fran\u00e7ais<\/strong>, participez \u00e0 une masterclass cocktails au premier \u00e9tage du bar CRAVAN.<\/p>\n<p>Ma\u00eetrisez l&#8217;art du cocktail selon la m\u00e9thode CRAVAN. Apprenez des recettes, d\u00e9couvrez le mat\u00e9riel de bar et explorez l&#8217;histoire de ces cocktails, \u00e0 travers quatre th\u00e8mes au choix :<\/p>\n<ul>\n<li>\n<p class=\"p1\"><a href=\"https:\/\/www.sevenrooms.com\/events\/ahNzfnNldmVucm9vbXMtc2VjdXJlchwLEg9uaWdodGxvb3BfVmVudWUYgICCz5WVzwsM?event_id=ahNzfnNldmVucm9vbXMtc2VjdXJlcjkLEg9uaWdodGxvb3BfVmVudWUYgICCz5WVzwsMCxIQc3JfR2VuVmVudWVFdmVudBiAgNOYz4X2CAw\">Cocktails au champagne &#8211; 02\/05<\/a><\/p>\n<\/li>\n<li>\n<p class=\"p1\"><a href=\"https:\/\/sevn.ly\/xhQr6lE6\">Cocktails classiques (1) &#8211; 09\/05<\/a><\/p>\n<\/li>\n<li><a href=\"https:\/\/www.sevenrooms.com\/events\/ahNzfnNldmVucm9vbXMtc2VjdXJlchwLEg9uaWdodGxvb3BfVmVudWUYgICCz5WVzwsM?event_id=ahNzfnNldmVucm9vbXMtc2VjdXJlcjkLEg9uaWdodGxvb3BfVmVudWUYgICCz5WVzwsMCxIQc3JfR2VuVmVudWVFdmVudBiAgNO44oblCQw\">Cocktails classiques (2) &#8211; 16\/05<\/a><\/li>\n<li><a href=\"https:\/\/sevn.ly\/xUBKRXV6\">Cocktails Sours &#8211; 23\/05<\/a><\/li>\n<\/ul>\n<p>Inscrivez-vous d\u00e8s maintenant pour r\u00e9server votre place, ou bien offrez une carte cadeau \u00e0 la personne de votre choix afin de vivre un moment singulier chez CRAVAN.<\/p>\n<p><strong>Horaires:<\/strong>\u00a0tous les samedis,\u00a0<strong>de 14h \u00e0 15h30 en anglais, et de 16h \u00e0 17h30 en fran\u00e7ais<br \/>\n<\/strong><strong>Lieu:<\/strong>1<sup>er<\/sup>\u00a0\u00e9tage de CRAVAN au 165, boulevard Saint-Germain, 75006<br \/>\n<strong>Tarif:<\/strong> 85\u20ac\/ personne<br \/>\n<strong>Capacit\u00e9:<\/strong> 10 participants maximum<\/p>\n                            <\/div>\n                        <\/div>\n                    <\/div>\n                <\/div>\n            <\/div>\n        <\/div>\n    \n\n                <div  class=\"cravan-bloc cravan-subtitle-title-text-cta has-no-padding-bottom\">\n            <div class=\"row\">\n                <div class=\"container\">\n                    <div class=\"row justify-content-center\">\n                        <div class=\"col-12 text-center\">\n                            <div class=\"cravan__title_container\">\n\n                                \n                                <div class=\"cravan__title row\">\n                                    <h2 class=\"col\">\n                                        Les masterclass<br \/>\r\ncocktails                                    <\/h2>\n                                <\/div>\n                            <\/div>\n\n                            <div class=\"cravan__text row justify-content-center\">\n                                <div class=\"col-12 col-lg-6\">\n                                                                    <\/div>\n                            <\/div>\n                                                    <\/div>\n                    <\/div>\n                <\/div>\n            <\/div>\n        <\/div>\n    \n\n        \n        <div  class=\"cravan-bloc cravan-events-grid \">\n\n            <div class=\"container\">\n                <div class=\"row justify-content-center\">\n                    <div class=\"col-12\">\n\n                        <div id=\"bloc-events\" class=\"row bloc-grid-content\"\n                             data-category=\"17\"\n                             data-perpage=\"-1\"\n                             data-pagination=\"no\">\n                            <div class=\"col-12\">\n\n                                <div id=\"events-loader\" class=\"bloc-loader\">\n                                    <svg class=\"loader\" width=\"60\" height=\"60\" version=\"1.1\" xmlns=\"http:\/\/www.w3.org\/2000\/svg\">\n                                        <circle cx=\"20\" cy=\"20\" r=\"15\" fill=\"transparent\" stroke=\"#f00\" stroke-width=\"2\">\n                                            <animateTransform attributeName=\"transform\"\n                                                              type=\"rotate\"\n                                                              from=\"0 20 20\" to=\"360 20 20\"\n                                                              begin=\"0s\" dur=\"5s\"\n                                                              repeatCount=\"indefinite\"\n                                            \/>\n                                        <\/circle>\n                                    <\/svg>\n                                <\/div>\n\n                                <div class=\"grid-items row\" style=\"min-height: 550px\"><!--AJAX CALL--><\/div>\n\n                                                            <\/div>\n                        <\/div>\n\n                    <\/div>\n                <\/div>\n            <\/div>\n\n        <\/div>\n    ","protected":false},"excerpt":{"rendered":"","protected":false},"author":1,"featured_media":0,"parent":0,"menu_order":0,"comment_status":"closed","ping_status":"closed","template":"page-default.php","meta":{"_acf_changed":false,"inline_featured_image":false,"footnotes":""},"class_list":["post-16","page","type-page","status-publish","hentry"],"acf":[],"yoast_head":"<!-- This site is optimized with the Yoast SEO plugin v27.3 - https:\/\/yoast.com\/product\/yoast-seo-wordpress\/ -->\n<title>Masterclass cocktails - CRAVAN - Cocktail Bar - Paris 6<\/title>\n<meta name=\"description\" content=\"Participez aux masterclasses cocktails de CRAVAN Paris \u00e0 Saint-Germain-des-Pr\u00e9s. Apprenez l&#039;art de la mixologie et les secrets de nos cr\u00e9ations avec nos experts.\" \/>\n<meta name=\"robots\" content=\"index, follow, max-snippet:-1, max-image-preview:large, max-video-preview:-1\" \/>\n<link rel=\"canonical\" href=\"https:\/\/www.cravanparis.com\/fr\/masterclass-cocktails\/\" \/>\n<meta property=\"og:locale\" content=\"fr_FR\" \/>\n<meta property=\"og:type\" content=\"article\" \/>\n<meta property=\"og:title\" content=\"Masterclass cocktails - CRAVAN - Cocktail Bar - Paris 6\" \/>\n<meta property=\"og:description\" content=\"Participez aux masterclasses cocktails de CRAVAN Paris \u00e0 Saint-Germain-des-Pr\u00e9s. Apprenez l&#039;art de la mixologie et les secrets de nos cr\u00e9ations avec nos experts.\" \/>\n<meta property=\"og:url\" content=\"https:\/\/www.cravanparis.com\/fr\/masterclass-cocktails\/\" \/>\n<meta property=\"og:site_name\" content=\"CRAVAN - Cocktail Bar - Paris 6\" \/>\n<meta property=\"article:modified_time\" content=\"2026-04-27T15:56:49+00:00\" \/>\n<meta name=\"twitter:card\" content=\"summary_large_image\" \/>\n<script type=\"application\/ld+json\" class=\"yoast-schema-graph\">{\"@context\":\"https:\\\/\\\/schema.org\",\"@graph\":[{\"@type\":\"WebPage\",\"@id\":\"https:\\\/\\\/www.cravanparis.com\\\/fr\\\/masterclass-cocktails\\\/\",\"url\":\"https:\\\/\\\/www.cravanparis.com\\\/fr\\\/masterclass-cocktails\\\/\",\"name\":\"Masterclass cocktails - CRAVAN - Cocktail Bar - Paris 6\",\"isPartOf\":{\"@id\":\"https:\\\/\\\/www.cravanparis.com\\\/fr\\\/#website\"},\"datePublished\":\"2025-12-09T11:19:19+00:00\",\"dateModified\":\"2026-04-27T15:56:49+00:00\",\"description\":\"Participez aux masterclasses cocktails de CRAVAN Paris \u00e0 Saint-Germain-des-Pr\u00e9s. Apprenez l'art de la mixologie et les secrets de nos cr\u00e9ations avec nos experts.\",\"breadcrumb\":{\"@id\":\"https:\\\/\\\/www.cravanparis.com\\\/fr\\\/masterclass-cocktails\\\/#breadcrumb\"},\"inLanguage\":\"fr-FR\",\"potentialAction\":[{\"@type\":\"ReadAction\",\"target\":[\"https:\\\/\\\/www.cravanparis.com\\\/fr\\\/masterclass-cocktails\\\/\"]}]},{\"@type\":\"BreadcrumbList\",\"@id\":\"https:\\\/\\\/www.cravanparis.com\\\/fr\\\/masterclass-cocktails\\\/#breadcrumb\",\"itemListElement\":[{\"@type\":\"ListItem\",\"position\":1,\"name\":\"Home\",\"item\":\"https:\\\/\\\/www.cravanparis.com\\\/fr\\\/\"},{\"@type\":\"ListItem\",\"position\":2,\"name\":\"Masterclass cocktails\"}]},{\"@type\":\"WebSite\",\"@id\":\"https:\\\/\\\/www.cravanparis.com\\\/fr\\\/#website\",\"url\":\"https:\\\/\\\/www.cravanparis.com\\\/fr\\\/\",\"name\":\"CRAVAN - Cocktail Bar - Paris 6\",\"description\":\"CRAVAN, bar \u00e0 cocktails dans le 6\u00e8 arrondissement de Paris, au c\u0153ur du quartier litt\u00e9raire de Saint-Germain-des-Pr\u00e9s. Suivez-nous sur @cravanparis.\",\"publisher\":{\"@id\":\"https:\\\/\\\/www.cravanparis.com\\\/fr\\\/#organization\"},\"potentialAction\":[{\"@type\":\"SearchAction\",\"target\":{\"@type\":\"EntryPoint\",\"urlTemplate\":\"https:\\\/\\\/www.cravanparis.com\\\/fr\\\/?s={search_term_string}\"},\"query-input\":{\"@type\":\"PropertyValueSpecification\",\"valueRequired\":true,\"valueName\":\"search_term_string\"}}],\"inLanguage\":\"fr-FR\"},{\"@type\":\"Organization\",\"@id\":\"https:\\\/\\\/www.cravanparis.com\\\/fr\\\/#organization\",\"name\":\"CRAVAN - Cocktail Bar - Paris 6\",\"url\":\"https:\\\/\\\/www.cravanparis.com\\\/fr\\\/\",\"logo\":{\"@type\":\"ImageObject\",\"inLanguage\":\"fr-FR\",\"@id\":\"https:\\\/\\\/www.cravanparis.com\\\/fr\\\/#\\\/schema\\\/logo\\\/image\\\/\",\"url\":\"https:\\\/\\\/www.cravanparis.com\\\/app\\\/uploads\\\/2026\\\/03\\\/cravan.svg\",\"contentUrl\":\"https:\\\/\\\/www.cravanparis.com\\\/app\\\/uploads\\\/2026\\\/03\\\/cravan.svg\",\"width\":1296,\"height\":357,\"caption\":\"CRAVAN - Cocktail Bar - Paris 6\"},\"image\":{\"@id\":\"https:\\\/\\\/www.cravanparis.com\\\/fr\\\/#\\\/schema\\\/logo\\\/image\\\/\"},\"sameAs\":[\"https:\\\/\\\/www.instagram.com\\\/cravanparis\\\/\"]}]}<\/script>\n<!-- \/ Yoast SEO plugin. -->","yoast_head_json":{"title":"Masterclass cocktails - CRAVAN - Cocktail Bar - Paris 6","description":"Participez aux masterclasses cocktails de CRAVAN Paris \u00e0 Saint-Germain-des-Pr\u00e9s. Apprenez l'art de la mixologie et les secrets de nos cr\u00e9ations avec nos experts.","robots":{"index":"index","follow":"follow","max-snippet":"max-snippet:-1","max-image-preview":"max-image-preview:large","max-video-preview":"max-video-preview:-1"},"canonical":"https:\/\/www.cravanparis.com\/fr\/masterclass-cocktails\/","og_locale":"fr_FR","og_type":"article","og_title":"Masterclass cocktails - CRAVAN - Cocktail Bar - Paris 6","og_description":"Participez aux masterclasses cocktails de CRAVAN Paris \u00e0 Saint-Germain-des-Pr\u00e9s. Apprenez l'art de la mixologie et les secrets de nos cr\u00e9ations avec nos experts.","og_url":"https:\/\/www.cravanparis.com\/fr\/masterclass-cocktails\/","og_site_name":"CRAVAN - Cocktail Bar - Paris 6","article_modified_time":"2026-04-27T15:56:49+00:00","twitter_card":"summary_large_image","schema":{"@context":"https:\/\/schema.org","@graph":[{"@type":"WebPage","@id":"https:\/\/www.cravanparis.com\/fr\/masterclass-cocktails\/","url":"https:\/\/www.cravanparis.com\/fr\/masterclass-cocktails\/","name":"Masterclass cocktails - CRAVAN - Cocktail Bar - Paris 6","isPartOf":{"@id":"https:\/\/www.cravanparis.com\/fr\/#website"},"datePublished":"2025-12-09T11:19:19+00:00","dateModified":"2026-04-27T15:56:49+00:00","description":"Participez aux masterclasses cocktails de CRAVAN Paris \u00e0 Saint-Germain-des-Pr\u00e9s. Apprenez l'art de la mixologie et les secrets de nos cr\u00e9ations avec nos experts.","breadcrumb":{"@id":"https:\/\/www.cravanparis.com\/fr\/masterclass-cocktails\/#breadcrumb"},"inLanguage":"fr-FR","potentialAction":[{"@type":"ReadAction","target":["https:\/\/www.cravanparis.com\/fr\/masterclass-cocktails\/"]}]},{"@type":"BreadcrumbList","@id":"https:\/\/www.cravanparis.com\/fr\/masterclass-cocktails\/#breadcrumb","itemListElement":[{"@type":"ListItem","position":1,"name":"Home","item":"https:\/\/www.cravanparis.com\/fr\/"},{"@type":"ListItem","position":2,"name":"Masterclass cocktails"}]},{"@type":"WebSite","@id":"https:\/\/www.cravanparis.com\/fr\/#website","url":"https:\/\/www.cravanparis.com\/fr\/","name":"CRAVAN - Cocktail Bar - Paris 6","description":"CRAVAN, bar \u00e0 cocktails dans le 6\u00e8 arrondissement de Paris, au c\u0153ur du quartier litt\u00e9raire de Saint-Germain-des-Pr\u00e9s. Suivez-nous sur @cravanparis.","publisher":{"@id":"https:\/\/www.cravanparis.com\/fr\/#organization"},"potentialAction":[{"@type":"SearchAction","target":{"@type":"EntryPoint","urlTemplate":"https:\/\/www.cravanparis.com\/fr\/?s={search_term_string}"},"query-input":{"@type":"PropertyValueSpecification","valueRequired":true,"valueName":"search_term_string"}}],"inLanguage":"fr-FR"},{"@type":"Organization","@id":"https:\/\/www.cravanparis.com\/fr\/#organization","name":"CRAVAN - Cocktail Bar - Paris 6","url":"https:\/\/www.cravanparis.com\/fr\/","logo":{"@type":"ImageObject","inLanguage":"fr-FR","@id":"https:\/\/www.cravanparis.com\/fr\/#\/schema\/logo\/image\/","url":"https:\/\/www.cravanparis.com\/app\/uploads\/2026\/03\/cravan.svg","contentUrl":"https:\/\/www.cravanparis.com\/app\/uploads\/2026\/03\/cravan.svg","width":1296,"height":357,"caption":"CRAVAN - Cocktail Bar - Paris 6"},"image":{"@id":"https:\/\/www.cravanparis.com\/fr\/#\/schema\/logo\/image\/"},"sameAs":["https:\/\/www.instagram.com\/cravanparis\/"]}]}},"_links":{"self":[{"href":"https:\/\/www.cravanparis.com\/fr\/wp-json\/wp\/v2\/pages\/16","targetHints":{"allow":["GET"]}}],"collection":[{"href":"https:\/\/www.cravanparis.com\/fr\/wp-json\/wp\/v2\/pages"}],"about":[{"href":"https:\/\/www.cravanparis.com\/fr\/wp-json\/wp\/v2\/types\/page"}],"author":[{"embeddable":true,"href":"https:\/\/www.cravanparis.com\/fr\/wp-json\/wp\/v2\/users\/1"}],"replies":[{"embeddable":true,"href":"https:\/\/www.cravanparis.com\/fr\/wp-json\/wp\/v2\/comments?post=16"}],"version-history":[{"count":18,"href":"https:\/\/www.cravanparis.com\/fr\/wp-json\/wp\/v2\/pages\/16\/revisions"}],"predecessor-version":[{"id":1832,"href":"https:\/\/www.cravanparis.com\/fr\/wp-json\/wp\/v2\/pages\/16\/revisions\/1832"}],"wp:attachment":[{"href":"https:\/\/www.cravanparis.com\/fr\/wp-json\/wp\/v2\/media?parent=16"}],"curies":[{"name":"wp","href":"https:\/\/api.w.org\/{rel}","templated":true}]}}