{"id":31,"date":"2025-12-09T12:22:49","date_gmt":"2025-12-09T11:22:49","guid":{"rendered":"https:\/\/www.cravanparis.com\/?page_id=31"},"modified":"2026-04-13T13:02:56","modified_gmt":"2026-04-13T11:02:56","slug":"evenements-melange-des-genres","status":"publish","type":"page","link":"https:\/\/www.cravanparis.com\/fr\/evenements-melange-des-genres\/","title":{"rendered":"\u00c9v\u00e9nements M\u00e9lange des Genres"},"content":{"rendered":"                <div  class=\"cravan-bloc cravan-hero cravan-hero-container height-50 has-no-marge-bottom\">\n            <div class=\"container-fluid cravan__hero_container h-100\">\n\n                <div class=\"row align-content-center justify-content-center h-100\">\n\n                                            <div class=\"cravan__hero_background_image\">\n                            <div class=\"cravan-bloc cravan-image container-fluid\">\n                                <img decoding=\"async\" src=\"https:\/\/www.cravanparis.com\/app\/uploads\/2025\/12\/CRAVAN-x-BIG-BANG-5249_cropped.jpg.avif\" alt=\"\" class=\"img-fluid\"\/>\n                            <\/div>\n                        <\/div>\n\n                    \n                    <div class=\"container\">\n\n                        <div class=\"cravan__hero_content row\">\n\n                            <div class=\"col-12\">\n\n                                <div class=\"row justify-content-center\">\n                                    <div class=\"col-12\">\n                                        <div class=\"cravan-bloc cravan-subtitle-title-text-cta\">\n\n                                            <div class=\"row justify-content-center\">\n                                                <div class=\"col-12 text-center\">\n                                                    <div class=\"cravan__title_container\">\n\n                                                        \n                                                        <div class=\"cravan__title row\">\n                                                            <h1 class=\"col\">\n                                                            \u00c9v\u00e9nements                                                        <\/h1>\n                                                    <\/div>\n                                                <\/div>\n\n                                                <div class=\"cravan__text row justify-content-center\">\n                                                    <div class=\"col-12 col-lg-6\">\n                                                                                                            <\/div>\n                                                <\/div>\n                                                                                            <\/div>\n\n                                        <\/div>\n                                    <\/div>\n                                <\/div>\n                            <\/div>\n\n                        <\/div>\n\n                    <\/div>\n\n                <\/div>\n\n            <\/div>\n        <\/div>\n        <\/div>\n    \n\n                <div  class=\"cravan-bloc cravan-navigation-internal  \">\n            <div class=\"row\">\n                <div class=\"container\">\n                    <div class=\"row justify-content-center\">\n                        <div class=\"col-auto scroll-container\">\n                                <div class=\"menu-evenements-navigation-container\"><ul id=\"menu-evenements-navigation\" class=\"internal-navigation\"><li id=\"menu-item-515\" class=\"menu-item menu-item-type-post_type menu-item-object-page menu-item-515\"><a href=\"https:\/\/www.cravanparis.com\/fr\/evenements-melange-des-genres\/\">\u00c9v\u00e9nements M\u00e9lange des Genres<\/a><\/li>\n<li id=\"menu-item-514\" class=\"menu-item menu-item-type-post_type menu-item-object-page menu-item-514\"><a href=\"https:\/\/www.cravanparis.com\/fr\/evenements\/\">\u00c9v\u00e9nements autres<\/a><\/li>\n<li id=\"menu-item-512\" class=\"menu-item menu-item-type-post_type menu-item-object-page menu-item-512\"><a href=\"https:\/\/www.cravanparis.com\/fr\/votre-evenement-chez-cravan\/\">Votre \u00e9v\u00e9nement chez CRAVAN<\/a><\/li>\n<\/ul><\/div>                        <\/div>\n                    <\/div>\n                <\/div>\n            <\/div>\n        <\/div>\n    \n\n                <div  class=\"cravan-bloc cravan-image-text cravan-two-columns \">\n\n            <div class=\"row\">\n                <div class=\"container\">\n                    <div class=\"row justify-content-center\">\n\n                        <div class=\"col-12 col-xl-10\">\n                            <div class=\"row justify-content-between\">\n                            <div class=\"col-12 col-lg-6 cravan__image_text_text_container align-self-start\">\n                                <p>M\u00e9lange des Genres agr\u00e8ge et multiplie, confronte et conforte. De la marge \u00e0 la norme, il propose. Il colle, ajoute et superpose. Le populaire et la niche, le m\u00e9connu et le c\u00e9l\u00e8bre, l\u2019\u00e9norme et le hors-norme, le profane et l\u2019averti. Il n\u2019est pas une r\u00e9ponse. Il est une chimie. Il m\u00e9lange les genres et les gens. Il les \u00e9claire d\u2019un nouveau jour.<\/p>\n<p>S\u2019il peut \u00eatre parfois mauvais genre, il n\u2019est jamais mauvais go\u00fbt. Ni vulgaire, ni hors propos, il trouble parce qu\u2019il questionne et qu\u2019il allie, qu\u2019il cr\u00e9e un tout souvent in\u00e9dit, plus important que la simple somme de ses parties.<\/p>\n<p><img loading=\"lazy\" decoding=\"async\" class=\"alignnone size-large wp-image-919\" src=\"https:\/\/www.cravanparis.com\/app\/uploads\/2026\/01\/melange_des_genres.png-1024x286.avif\" alt=\"\" width=\"1024\" height=\"286\" srcset=\"https:\/\/www.cravanparis.com\/app\/uploads\/2026\/01\/melange_des_genres.png-1024x286.avif 1024w, https:\/\/www.cravanparis.com\/app\/uploads\/2026\/01\/melange_des_genres.png-300x84.avif 300w, https:\/\/www.cravanparis.com\/app\/uploads\/2026\/01\/melange_des_genres.png-768x214.avif 768w, https:\/\/www.cravanparis.com\/app\/uploads\/2026\/01\/melange_des_genres.png-600x168.avif 600w, https:\/\/www.cravanparis.com\/app\/uploads\/2026\/01\/melange_des_genres.png.avif 1400w\" sizes=\"auto, (max-width: 1024px) 100vw, 1024px\" \/><\/p>\n                            <\/div>\n\n                            <div class=\"col-12 col-lg-6 cravan__image_text_text_container align-self-end\">\n                                <p>S\u2019y rencontrent et s\u2019y m\u00e9langent, tout au long de l\u2019ann\u00e9e, des films de sabre japonais, une star de la pop, un vampire, du roman-photo italien, un chef de cave renomm\u00e9. S\u2019y croisent et s\u2019y m\u00ealent des cr\u00e9atrices de go\u00fbt, des faiseurs appliqu\u00e9s, des \u00e9rudits, des anonymes, des artistes choisis.<\/p>\n<p>Pour y prendre part, rien de plus simple. Il suffit de marcher, quand vient le soir, dans le quartier latin. Pousser les portes de cette maison du 165 boulevard Saint-Germain. Un pied dans le futur et l\u2019autre dans le pass\u00e9, vivre une nuit d\u2019un nouveau genre.<\/p>\n                            <\/div>\n                            <\/div>\n                        <\/div>\n                    <\/div>\n                <\/div>\n            <\/div>\n        <\/div>\n    \n\n        \n        <div  class=\"cravan-bloc cravan-events-grid \">\n\n            <div class=\"container\">\n                <div class=\"row justify-content-center\">\n                    <div class=\"col-12\">\n\n                        <div id=\"bloc-events\" class=\"row bloc-grid-content\"\n                             data-category=\"14\"\n                             data-perpage=\"12\"\n                             data-pagination=\"yes\">\n                            <div class=\"col-12\">\n\n                                <div id=\"events-loader\" class=\"bloc-loader\">\n                                    <svg class=\"loader\" width=\"60\" height=\"60\" version=\"1.1\" xmlns=\"http:\/\/www.w3.org\/2000\/svg\">\n                                        <circle cx=\"20\" cy=\"20\" r=\"15\" fill=\"transparent\" stroke=\"#f00\" stroke-width=\"2\">\n                                            <animateTransform attributeName=\"transform\"\n                                                              type=\"rotate\"\n                                                              from=\"0 20 20\" to=\"360 20 20\"\n                                                              begin=\"0s\" dur=\"5s\"\n                                                              repeatCount=\"indefinite\"\n                                            \/>\n                                        <\/circle>\n                                    <\/svg>\n                                <\/div>\n\n                                <div class=\"grid-items row\" style=\"min-height: 550px\"><!--AJAX CALL--><\/div>\n\n                                                                    <div id=\"events-loadmore\" class=\"text-center\">\n                                        <div class=\"button-more-indicator\">\n                                            <div class=\"button-more-pages\">\n                                                <span class=\"page-indicator-actual\">0<\/span>\n                                                <span>sur<\/span>\n                                                <span class=\"page-indicator-total\">0<\/span>\n                                            <\/div>\n                                            <div class=\"button-more-indicator-line\">\n                                                <span><\/span>\n                                            <\/div>\n                                        <\/div>\n                                        <button class=\"cravan-button-primary button-more disabled\">\n                                            <span>Voir plus<\/span>\n                                        <\/button>\n                                    <\/div>\n                                                            <\/div>\n                        <\/div>\n\n                    <\/div>\n                <\/div>\n            <\/div>\n\n        <\/div>\n    \n\n                <div  class=\"cravan-bloc cravan-banner-cta-container \">\n            <a href=\"https:\/\/www.cravanparis.com\/fr\/maison\/\" target=\"_self\" class=\"container-fluid cravan__banner_container h-100\" style=\"\">\n\n                <div class=\"row align-content-center justify-content-center h-100\">\n\n                    <div class=\"cravan__background_image\">\n                        <div class=\"cravan__image_container\">\n                            <div class=\"cravan-bloc cravan-image container-fluid\">\n                                <img decoding=\"async\" src=\"https:\/\/www.cravanparis.com\/app\/uploads\/2025\/12\/VLX5264-light.jpg.webp\" alt=\"\" class=\"img-fluid\"\/>\n                            <\/div>\n                        <\/div>\n                    <\/div>\n                    <div class=\"container\">\n\n                        <div class=\"cravan__banner_content row\">\n\n                            <div class=\"col-12\">\n\n                                <div class=\"row justify-content-center\">\n                                    <div class=\"col-12 text-center\">\n                                        <div class=\"cravan__title_container\">\n                                            <div class=\"cravan__title row\">\n                                                <div class=\"col\">\n                                                    Maison                                                <\/div>\n                                            <\/div>\n                                        <\/div>\n\n                                                                                    <div class=\"cravan__cta row justify-content-center\">\n                                                <div class=\"col-auto\">\n                                                    <div class=\"cravan-button-secondary\">\n                                                        D\u00e9couvrir                                                    <\/div>\n                                                <\/div>\n                                            <\/div>\n                                        \n                                    <\/div>\n                                <\/div>\n\n                            <\/div>\n\n                        <\/div>\n\n                    <\/div>\n\n                <\/div>\n            <\/a>\n        <\/div>\n    ","protected":false},"excerpt":{"rendered":"","protected":false},"author":1,"featured_media":0,"parent":0,"menu_order":0,"comment_status":"closed","ping_status":"closed","template":"page-default.php","meta":{"_acf_changed":false,"inline_featured_image":false,"footnotes":""},"class_list":["post-31","page","type-page","status-publish","hentry"],"acf":[],"yoast_head":"<!-- This site is optimized with the Yoast SEO plugin v27.3 - https:\/\/yoast.com\/product\/yoast-seo-wordpress\/ -->\n<title>\u00c9v\u00e9nements M\u00e9lange des Genres - CRAVAN - Cocktail Bar - Paris 6<\/title>\n<meta name=\"description\" content=\"D\u00e9couvrez M\u00e9lange des Genres chez CRAVAN Paris : une programmation culturelle unique \u00e0 Saint-Germain-des-Pr\u00e9s m\u00ealant cocktails, gastronomie, cin\u00e9ma et litt\u00e9rature.\" \/>\n<meta name=\"robots\" content=\"index, follow, max-snippet:-1, max-image-preview:large, max-video-preview:-1\" \/>\n<link rel=\"canonical\" href=\"https:\/\/www.cravanparis.com\/fr\/evenements-melange-des-genres\/\" \/>\n<meta property=\"og:locale\" content=\"fr_FR\" \/>\n<meta property=\"og:type\" content=\"article\" \/>\n<meta property=\"og:title\" content=\"\u00c9v\u00e9nements M\u00e9lange des Genres - CRAVAN - Cocktail Bar - Paris 6\" \/>\n<meta property=\"og:description\" content=\"D\u00e9couvrez M\u00e9lange des Genres chez CRAVAN Paris : une programmation culturelle unique \u00e0 Saint-Germain-des-Pr\u00e9s m\u00ealant cocktails, gastronomie, cin\u00e9ma et litt\u00e9rature.\" \/>\n<meta property=\"og:url\" content=\"https:\/\/www.cravanparis.com\/fr\/evenements-melange-des-genres\/\" \/>\n<meta property=\"og:site_name\" content=\"CRAVAN - Cocktail Bar - Paris 6\" \/>\n<meta property=\"article:modified_time\" content=\"2026-04-13T11:02:56+00:00\" \/>\n<meta name=\"twitter:card\" content=\"summary_large_image\" \/>\n<script type=\"application\/ld+json\" class=\"yoast-schema-graph\">{\"@context\":\"https:\\\/\\\/schema.org\",\"@graph\":[{\"@type\":\"WebPage\",\"@id\":\"https:\\\/\\\/www.cravanparis.com\\\/fr\\\/evenements-melange-des-genres\\\/\",\"url\":\"https:\\\/\\\/www.cravanparis.com\\\/fr\\\/evenements-melange-des-genres\\\/\",\"name\":\"\u00c9v\u00e9nements M\u00e9lange des Genres - CRAVAN - Cocktail Bar - Paris 6\",\"isPartOf\":{\"@id\":\"https:\\\/\\\/www.cravanparis.com\\\/fr\\\/#website\"},\"datePublished\":\"2025-12-09T11:22:49+00:00\",\"dateModified\":\"2026-04-13T11:02:56+00:00\",\"description\":\"D\u00e9couvrez M\u00e9lange des Genres chez CRAVAN Paris : une programmation culturelle unique \u00e0 Saint-Germain-des-Pr\u00e9s m\u00ealant cocktails, gastronomie, cin\u00e9ma et litt\u00e9rature.\",\"breadcrumb\":{\"@id\":\"https:\\\/\\\/www.cravanparis.com\\\/fr\\\/evenements-melange-des-genres\\\/#breadcrumb\"},\"inLanguage\":\"fr-FR\",\"potentialAction\":[{\"@type\":\"ReadAction\",\"target\":[\"https:\\\/\\\/www.cravanparis.com\\\/fr\\\/evenements-melange-des-genres\\\/\"]}]},{\"@type\":\"BreadcrumbList\",\"@id\":\"https:\\\/\\\/www.cravanparis.com\\\/fr\\\/evenements-melange-des-genres\\\/#breadcrumb\",\"itemListElement\":[{\"@type\":\"ListItem\",\"position\":1,\"name\":\"Home\",\"item\":\"https:\\\/\\\/www.cravanparis.com\\\/fr\\\/\"},{\"@type\":\"ListItem\",\"position\":2,\"name\":\"\u00c9v\u00e9nements M\u00e9lange des Genres\"}]},{\"@type\":\"WebSite\",\"@id\":\"https:\\\/\\\/www.cravanparis.com\\\/fr\\\/#website\",\"url\":\"https:\\\/\\\/www.cravanparis.com\\\/fr\\\/\",\"name\":\"CRAVAN - Cocktail Bar - Paris 6\",\"description\":\"CRAVAN, bar \u00e0 cocktails dans le 6\u00e8 arrondissement de Paris, au c\u0153ur du quartier litt\u00e9raire de Saint-Germain-des-Pr\u00e9s. Suivez-nous sur @cravanparis.\",\"publisher\":{\"@id\":\"https:\\\/\\\/www.cravanparis.com\\\/fr\\\/#organization\"},\"potentialAction\":[{\"@type\":\"SearchAction\",\"target\":{\"@type\":\"EntryPoint\",\"urlTemplate\":\"https:\\\/\\\/www.cravanparis.com\\\/fr\\\/?s={search_term_string}\"},\"query-input\":{\"@type\":\"PropertyValueSpecification\",\"valueRequired\":true,\"valueName\":\"search_term_string\"}}],\"inLanguage\":\"fr-FR\"},{\"@type\":\"Organization\",\"@id\":\"https:\\\/\\\/www.cravanparis.com\\\/fr\\\/#organization\",\"name\":\"CRAVAN - Cocktail Bar - Paris 6\",\"url\":\"https:\\\/\\\/www.cravanparis.com\\\/fr\\\/\",\"logo\":{\"@type\":\"ImageObject\",\"inLanguage\":\"fr-FR\",\"@id\":\"https:\\\/\\\/www.cravanparis.com\\\/fr\\\/#\\\/schema\\\/logo\\\/image\\\/\",\"url\":\"https:\\\/\\\/www.cravanparis.com\\\/app\\\/uploads\\\/2026\\\/03\\\/cravan.svg\",\"contentUrl\":\"https:\\\/\\\/www.cravanparis.com\\\/app\\\/uploads\\\/2026\\\/03\\\/cravan.svg\",\"width\":1296,\"height\":357,\"caption\":\"CRAVAN - Cocktail Bar - Paris 6\"},\"image\":{\"@id\":\"https:\\\/\\\/www.cravanparis.com\\\/fr\\\/#\\\/schema\\\/logo\\\/image\\\/\"},\"sameAs\":[\"https:\\\/\\\/www.instagram.com\\\/cravanparis\\\/\"]}]}<\/script>\n<!-- \/ Yoast SEO plugin. -->","yoast_head_json":{"title":"\u00c9v\u00e9nements M\u00e9lange des Genres - CRAVAN - Cocktail Bar - Paris 6","description":"D\u00e9couvrez M\u00e9lange des Genres chez CRAVAN Paris : une programmation culturelle unique \u00e0 Saint-Germain-des-Pr\u00e9s m\u00ealant cocktails, gastronomie, cin\u00e9ma et litt\u00e9rature.","robots":{"index":"index","follow":"follow","max-snippet":"max-snippet:-1","max-image-preview":"max-image-preview:large","max-video-preview":"max-video-preview:-1"},"canonical":"https:\/\/www.cravanparis.com\/fr\/evenements-melange-des-genres\/","og_locale":"fr_FR","og_type":"article","og_title":"\u00c9v\u00e9nements M\u00e9lange des Genres - CRAVAN - Cocktail Bar - Paris 6","og_description":"D\u00e9couvrez M\u00e9lange des Genres chez CRAVAN Paris : une programmation culturelle unique \u00e0 Saint-Germain-des-Pr\u00e9s m\u00ealant cocktails, gastronomie, cin\u00e9ma et litt\u00e9rature.","og_url":"https:\/\/www.cravanparis.com\/fr\/evenements-melange-des-genres\/","og_site_name":"CRAVAN - Cocktail Bar - Paris 6","article_modified_time":"2026-04-13T11:02:56+00:00","twitter_card":"summary_large_image","schema":{"@context":"https:\/\/schema.org","@graph":[{"@type":"WebPage","@id":"https:\/\/www.cravanparis.com\/fr\/evenements-melange-des-genres\/","url":"https:\/\/www.cravanparis.com\/fr\/evenements-melange-des-genres\/","name":"\u00c9v\u00e9nements M\u00e9lange des Genres - CRAVAN - Cocktail Bar - Paris 6","isPartOf":{"@id":"https:\/\/www.cravanparis.com\/fr\/#website"},"datePublished":"2025-12-09T11:22:49+00:00","dateModified":"2026-04-13T11:02:56+00:00","description":"D\u00e9couvrez M\u00e9lange des Genres chez CRAVAN Paris : une programmation culturelle unique \u00e0 Saint-Germain-des-Pr\u00e9s m\u00ealant cocktails, gastronomie, cin\u00e9ma et litt\u00e9rature.","breadcrumb":{"@id":"https:\/\/www.cravanparis.com\/fr\/evenements-melange-des-genres\/#breadcrumb"},"inLanguage":"fr-FR","potentialAction":[{"@type":"ReadAction","target":["https:\/\/www.cravanparis.com\/fr\/evenements-melange-des-genres\/"]}]},{"@type":"BreadcrumbList","@id":"https:\/\/www.cravanparis.com\/fr\/evenements-melange-des-genres\/#breadcrumb","itemListElement":[{"@type":"ListItem","position":1,"name":"Home","item":"https:\/\/www.cravanparis.com\/fr\/"},{"@type":"ListItem","position":2,"name":"\u00c9v\u00e9nements M\u00e9lange des Genres"}]},{"@type":"WebSite","@id":"https:\/\/www.cravanparis.com\/fr\/#website","url":"https:\/\/www.cravanparis.com\/fr\/","name":"CRAVAN - Cocktail Bar - Paris 6","description":"CRAVAN, bar \u00e0 cocktails dans le 6\u00e8 arrondissement de Paris, au c\u0153ur du quartier litt\u00e9raire de Saint-Germain-des-Pr\u00e9s. Suivez-nous sur @cravanparis.","publisher":{"@id":"https:\/\/www.cravanparis.com\/fr\/#organization"},"potentialAction":[{"@type":"SearchAction","target":{"@type":"EntryPoint","urlTemplate":"https:\/\/www.cravanparis.com\/fr\/?s={search_term_string}"},"query-input":{"@type":"PropertyValueSpecification","valueRequired":true,"valueName":"search_term_string"}}],"inLanguage":"fr-FR"},{"@type":"Organization","@id":"https:\/\/www.cravanparis.com\/fr\/#organization","name":"CRAVAN - Cocktail Bar - Paris 6","url":"https:\/\/www.cravanparis.com\/fr\/","logo":{"@type":"ImageObject","inLanguage":"fr-FR","@id":"https:\/\/www.cravanparis.com\/fr\/#\/schema\/logo\/image\/","url":"https:\/\/www.cravanparis.com\/app\/uploads\/2026\/03\/cravan.svg","contentUrl":"https:\/\/www.cravanparis.com\/app\/uploads\/2026\/03\/cravan.svg","width":1296,"height":357,"caption":"CRAVAN - Cocktail Bar - Paris 6"},"image":{"@id":"https:\/\/www.cravanparis.com\/fr\/#\/schema\/logo\/image\/"},"sameAs":["https:\/\/www.instagram.com\/cravanparis\/"]}]}},"_links":{"self":[{"href":"https:\/\/www.cravanparis.com\/fr\/wp-json\/wp\/v2\/pages\/31","targetHints":{"allow":["GET"]}}],"collection":[{"href":"https:\/\/www.cravanparis.com\/fr\/wp-json\/wp\/v2\/pages"}],"about":[{"href":"https:\/\/www.cravanparis.com\/fr\/wp-json\/wp\/v2\/types\/page"}],"author":[{"embeddable":true,"href":"https:\/\/www.cravanparis.com\/fr\/wp-json\/wp\/v2\/users\/1"}],"replies":[{"embeddable":true,"href":"https:\/\/www.cravanparis.com\/fr\/wp-json\/wp\/v2\/comments?post=31"}],"version-history":[{"count":17,"href":"https:\/\/www.cravanparis.com\/fr\/wp-json\/wp\/v2\/pages\/31\/revisions"}],"predecessor-version":[{"id":1331,"href":"https:\/\/www.cravanparis.com\/fr\/wp-json\/wp\/v2\/pages\/31\/revisions\/1331"}],"wp:attachment":[{"href":"https:\/\/www.cravanparis.com\/fr\/wp-json\/wp\/v2\/media?parent=31"}],"curies":[{"name":"wp","href":"https:\/\/api.w.org\/{rel}","templated":true}]}}