{"id":39,"date":"2025-12-09T12:24:35","date_gmt":"2025-12-09T11:24:35","guid":{"rendered":"https:\/\/www.cravanparis.com\/?page_id=39"},"modified":"2026-04-13T14:25:04","modified_gmt":"2026-04-13T12:25:04","slug":"nous-rejoindre","status":"publish","type":"page","link":"https:\/\/www.cravanparis.com\/fr\/nous-rejoindre\/","title":{"rendered":"Nous rejoindre"},"content":{"rendered":"                <div  class=\"cravan-bloc cravan-hero cravan-hero-container height-50 height-50\">\n            <div class=\"container-fluid cravan__hero_container h-100\">\n\n                <div class=\"row align-content-center justify-content-center h-100\">\n\n                                            <div class=\"cravan__hero_background_image\">\n                            <div class=\"cravan-bloc cravan-image container-fluid\">\n                                <img decoding=\"async\" src=\"https:\/\/www.cravanparis.com\/app\/uploads\/2026\/01\/Speaker-Petit-Cravan_0.png.avif\" alt=\"\" class=\"img-fluid\"\/>\n                            <\/div>\n                        <\/div>\n\n                    \n                    <div class=\"container\">\n\n                        <div class=\"cravan__hero_content row\">\n\n                            <div class=\"col-12\">\n\n                                <div class=\"row justify-content-center\">\n                                    <div class=\"col-12\">\n                                        <div class=\"cravan-bloc cravan-subtitle-title-text-cta\">\n\n                                            <div class=\"row justify-content-center\">\n                                                <div class=\"col-12 text-center\">\n                                                    <div class=\"cravan__title_container\">\n\n                                                        \n                                                        <div class=\"cravan__title row\">\n                                                            <h1 class=\"col\">\n                                                            Rejoignez-nous                                                        <\/h1>\n                                                    <\/div>\n                                                <\/div>\n\n                                                <div class=\"cravan__text row justify-content-center\">\n                                                    <div class=\"col-12 col-lg-6\">\n                                                                                                            <\/div>\n                                                <\/div>\n                                                                                            <\/div>\n\n                                        <\/div>\n                                    <\/div>\n                                <\/div>\n                            <\/div>\n\n                        <\/div>\n\n                    <\/div>\n\n                <\/div>\n\n            <\/div>\n        <\/div>\n        <\/div>\n    \n\n                <div  class=\"cravan-bloc cravan-image-text  \" data-scroll-sticky>\n\n            <div class=\"row\">\n                <div class=\"container\">\n                    <div class=\"row align-items-start\">\n\n                        \n                            <div class=\"col-12 col-lg-6 col-xl-5 offset-xl-1 cravan__image_text_image_container\">\n\n                                <div class=\"cravan-bloc cravan-image container-fluid\">\n                                    <img decoding=\"async\" src=\"https:\/\/www.cravanparis.com\/app\/uploads\/2026\/01\/cravan-image-resized_1.png-679x1024.avif\" alt=\"\" class=\"img-fluid\"\/>\n                                    \n                                    \n                                <\/div>\n\n                                \n                            <\/div>\n                            <div class=\"col-12 col-lg-5 offset-lg-1 col-xl-4 cravan__image_text_text_container\">\n                                <h2>Renouveler les codes traditionnels<\/h2>\n<p>L\u2019exp\u00e9rience CRAVAN ne s\u2019arr\u00eate pas \u00e0 ses produits mais s\u2019applique \u00e9galement au management de ses \u00e9quipes. CRAVAN souhaite incarner un mod\u00e8le d\u2019entreprise exemplaire qui permette de r\u00e9v\u00e9ler le potentiel de ses collaborateurs et de favoriser leur \u00e9panouissement. Cela implique notamment d\u2019encourager la diversit\u00e9 des parcours professionnels, la r\u00e9insertion et de promouvoir l\u2019esprit critique et la libert\u00e9 d\u2019expression de chacun.<\/p>\n                            <\/div>\n\n                        \n                    <\/div>\n\n                                    <\/div>\n            <\/div>\n\n        <\/div>\n    \n\n                <div  class=\"cravan-bloc cravan-subtitle-title-text-cta \">\n            <div class=\"row\">\n                <div class=\"container\">\n                    <div class=\"row justify-content-center\">\n                        <div class=\"col-12 text-center\">\n                            <div class=\"cravan__title_container\">\n\n                                \n                                <div class=\"cravan__title row\">\n                                    <h2 class=\"col\">\n                                                                            <\/h2>\n                                <\/div>\n                            <\/div>\n\n                            <div class=\"cravan__text row justify-content-center\">\n                                <div class=\"col-12 col-lg-6\">\n                                    <p>CRAVAN recherche des personnes passionn\u00e9es, curieuses, qui portent une attention toute particuli\u00e8re au confort de ses clients et dot\u00e9s d\u2019un esprit entrepreneurial n\u00e9cessaire pour l\u2019ouverture d\u2019un nouvel \u00e9tablissement !<\/p>\n                                <\/div>\n                            <\/div>\n                                                            <div class=\"cravan__cta row justify-content-center\">\n                                                                            <div class=\"col-12 col-md-auto\">\n                                            <a href=\"https:\/\/www.cravanparis.com\/fr\/contact\/?subject=application\" target=\"\" class=\"cravan-button-primary\">\n                                                Candidature spontan\u00e9e                                            <\/a>\n                                        <\/div>\n                                                                    <\/div>\n                                                    <\/div>\n                    <\/div>\n                <\/div>\n            <\/div>\n        <\/div>\n    \n\n                <div  class=\"cravan-bloc cravan-banner-cta-container \">\n            <a href=\"https:\/\/www.cravanparis.com\/fr\/histoires\/\" target=\"_self\" class=\"container-fluid cravan__banner_container h-100\" style=\"\">\n\n                <div class=\"row align-content-center justify-content-center h-100\">\n\n                    <div class=\"cravan__background_image\">\n                        <div class=\"cravan__image_container\">\n                            <div class=\"cravan-bloc cravan-image container-fluid\">\n                                <img decoding=\"async\" src=\"https:\/\/www.cravanparis.com\/app\/uploads\/2025\/12\/image00115.jpeg.webp\" alt=\"\" class=\"img-fluid\"\/>\n                            <\/div>\n                        <\/div>\n                    <\/div>\n                    <div class=\"container\">\n\n                        <div class=\"cravan__banner_content row\">\n\n                            <div class=\"col-12\">\n\n                                <div class=\"row justify-content-center\">\n                                    <div class=\"col-12 text-center\">\n                                        <div class=\"cravan__title_container\">\n                                            <div class=\"cravan__title row\">\n                                                <div class=\"col\">\n                                                    Histoire(s)                                                <\/div>\n                                            <\/div>\n                                        <\/div>\n\n                                                                                    <div class=\"cravan__cta row justify-content-center\">\n                                                <div class=\"col-auto\">\n                                                    <div class=\"cravan-button-secondary\">\n                                                        D\u00e9couvrir                                                    <\/div>\n                                                <\/div>\n                                            <\/div>\n                                        \n                                    <\/div>\n                                <\/div>\n\n                            <\/div>\n\n                        <\/div>\n\n                    <\/div>\n\n                <\/div>\n            <\/a>\n        <\/div>\n    ","protected":false},"excerpt":{"rendered":"","protected":false},"author":1,"featured_media":0,"parent":0,"menu_order":0,"comment_status":"closed","ping_status":"closed","template":"page-default.php","meta":{"_acf_changed":false,"inline_featured_image":false,"footnotes":""},"class_list":["post-39","page","type-page","status-publish","hentry"],"acf":[],"yoast_head":"<!-- This site is optimized with the Yoast SEO plugin v27.3 - https:\/\/yoast.com\/product\/yoast-seo-wordpress\/ -->\n<title>Nous rejoindre - CRAVAN - Cocktail Bar - Paris 6<\/title>\n<meta name=\"description\" content=\"Rejoignez l\u2019\u00e9quipe de CRAVAN Paris \u00e0 Saint-Germain-des-Pr\u00e9s. D\u00e9couvrez nos opportunit\u00e9s de carri\u00e8re dans un lieu unique valorisant le talent et le savoir-faire.\" \/>\n<meta name=\"robots\" content=\"index, follow, max-snippet:-1, max-image-preview:large, max-video-preview:-1\" \/>\n<link rel=\"canonical\" href=\"https:\/\/www.cravanparis.com\/fr\/nous-rejoindre\/\" \/>\n<meta property=\"og:locale\" content=\"fr_FR\" \/>\n<meta property=\"og:type\" content=\"article\" \/>\n<meta property=\"og:title\" content=\"Nous rejoindre - CRAVAN - Cocktail Bar - Paris 6\" \/>\n<meta property=\"og:description\" content=\"Rejoignez l\u2019\u00e9quipe de CRAVAN Paris \u00e0 Saint-Germain-des-Pr\u00e9s. D\u00e9couvrez nos opportunit\u00e9s de carri\u00e8re dans un lieu unique valorisant le talent et le savoir-faire.\" \/>\n<meta property=\"og:url\" content=\"https:\/\/www.cravanparis.com\/fr\/nous-rejoindre\/\" \/>\n<meta property=\"og:site_name\" content=\"CRAVAN - Cocktail Bar - Paris 6\" \/>\n<meta property=\"article:modified_time\" content=\"2026-04-13T12:25:04+00:00\" \/>\n<meta name=\"twitter:card\" content=\"summary_large_image\" \/>\n<script type=\"application\/ld+json\" class=\"yoast-schema-graph\">{\"@context\":\"https:\\\/\\\/schema.org\",\"@graph\":[{\"@type\":\"WebPage\",\"@id\":\"https:\\\/\\\/www.cravanparis.com\\\/fr\\\/nous-rejoindre\\\/\",\"url\":\"https:\\\/\\\/www.cravanparis.com\\\/fr\\\/nous-rejoindre\\\/\",\"name\":\"Nous rejoindre - CRAVAN - Cocktail Bar - Paris 6\",\"isPartOf\":{\"@id\":\"https:\\\/\\\/www.cravanparis.com\\\/fr\\\/#website\"},\"datePublished\":\"2025-12-09T11:24:35+00:00\",\"dateModified\":\"2026-04-13T12:25:04+00:00\",\"description\":\"Rejoignez l\u2019\u00e9quipe de CRAVAN Paris \u00e0 Saint-Germain-des-Pr\u00e9s. D\u00e9couvrez nos opportunit\u00e9s de carri\u00e8re dans un lieu unique valorisant le talent et le savoir-faire.\",\"breadcrumb\":{\"@id\":\"https:\\\/\\\/www.cravanparis.com\\\/fr\\\/nous-rejoindre\\\/#breadcrumb\"},\"inLanguage\":\"fr-FR\",\"potentialAction\":[{\"@type\":\"ReadAction\",\"target\":[\"https:\\\/\\\/www.cravanparis.com\\\/fr\\\/nous-rejoindre\\\/\"]}]},{\"@type\":\"BreadcrumbList\",\"@id\":\"https:\\\/\\\/www.cravanparis.com\\\/fr\\\/nous-rejoindre\\\/#breadcrumb\",\"itemListElement\":[{\"@type\":\"ListItem\",\"position\":1,\"name\":\"Home\",\"item\":\"https:\\\/\\\/www.cravanparis.com\\\/fr\\\/\"},{\"@type\":\"ListItem\",\"position\":2,\"name\":\"Nous rejoindre\"}]},{\"@type\":\"WebSite\",\"@id\":\"https:\\\/\\\/www.cravanparis.com\\\/fr\\\/#website\",\"url\":\"https:\\\/\\\/www.cravanparis.com\\\/fr\\\/\",\"name\":\"CRAVAN - Cocktail Bar - Paris 6\",\"description\":\"CRAVAN, bar \u00e0 cocktails dans le 6\u00e8 arrondissement de Paris, au c\u0153ur du quartier litt\u00e9raire de Saint-Germain-des-Pr\u00e9s. Suivez-nous sur @cravanparis.\",\"publisher\":{\"@id\":\"https:\\\/\\\/www.cravanparis.com\\\/fr\\\/#organization\"},\"potentialAction\":[{\"@type\":\"SearchAction\",\"target\":{\"@type\":\"EntryPoint\",\"urlTemplate\":\"https:\\\/\\\/www.cravanparis.com\\\/fr\\\/?s={search_term_string}\"},\"query-input\":{\"@type\":\"PropertyValueSpecification\",\"valueRequired\":true,\"valueName\":\"search_term_string\"}}],\"inLanguage\":\"fr-FR\"},{\"@type\":\"Organization\",\"@id\":\"https:\\\/\\\/www.cravanparis.com\\\/fr\\\/#organization\",\"name\":\"CRAVAN - Cocktail Bar - Paris 6\",\"url\":\"https:\\\/\\\/www.cravanparis.com\\\/fr\\\/\",\"logo\":{\"@type\":\"ImageObject\",\"inLanguage\":\"fr-FR\",\"@id\":\"https:\\\/\\\/www.cravanparis.com\\\/fr\\\/#\\\/schema\\\/logo\\\/image\\\/\",\"url\":\"https:\\\/\\\/www.cravanparis.com\\\/app\\\/uploads\\\/2026\\\/03\\\/cravan.svg\",\"contentUrl\":\"https:\\\/\\\/www.cravanparis.com\\\/app\\\/uploads\\\/2026\\\/03\\\/cravan.svg\",\"width\":1296,\"height\":357,\"caption\":\"CRAVAN - Cocktail Bar - Paris 6\"},\"image\":{\"@id\":\"https:\\\/\\\/www.cravanparis.com\\\/fr\\\/#\\\/schema\\\/logo\\\/image\\\/\"},\"sameAs\":[\"https:\\\/\\\/www.instagram.com\\\/cravanparis\\\/\"]}]}<\/script>\n<!-- \/ Yoast SEO plugin. -->","yoast_head_json":{"title":"Nous rejoindre - CRAVAN - Cocktail Bar - Paris 6","description":"Rejoignez l\u2019\u00e9quipe de CRAVAN Paris \u00e0 Saint-Germain-des-Pr\u00e9s. D\u00e9couvrez nos opportunit\u00e9s de carri\u00e8re dans un lieu unique valorisant le talent et le savoir-faire.","robots":{"index":"index","follow":"follow","max-snippet":"max-snippet:-1","max-image-preview":"max-image-preview:large","max-video-preview":"max-video-preview:-1"},"canonical":"https:\/\/www.cravanparis.com\/fr\/nous-rejoindre\/","og_locale":"fr_FR","og_type":"article","og_title":"Nous rejoindre - CRAVAN - Cocktail Bar - Paris 6","og_description":"Rejoignez l\u2019\u00e9quipe de CRAVAN Paris \u00e0 Saint-Germain-des-Pr\u00e9s. D\u00e9couvrez nos opportunit\u00e9s de carri\u00e8re dans un lieu unique valorisant le talent et le savoir-faire.","og_url":"https:\/\/www.cravanparis.com\/fr\/nous-rejoindre\/","og_site_name":"CRAVAN - Cocktail Bar - Paris 6","article_modified_time":"2026-04-13T12:25:04+00:00","twitter_card":"summary_large_image","schema":{"@context":"https:\/\/schema.org","@graph":[{"@type":"WebPage","@id":"https:\/\/www.cravanparis.com\/fr\/nous-rejoindre\/","url":"https:\/\/www.cravanparis.com\/fr\/nous-rejoindre\/","name":"Nous rejoindre - CRAVAN - Cocktail Bar - Paris 6","isPartOf":{"@id":"https:\/\/www.cravanparis.com\/fr\/#website"},"datePublished":"2025-12-09T11:24:35+00:00","dateModified":"2026-04-13T12:25:04+00:00","description":"Rejoignez l\u2019\u00e9quipe de CRAVAN Paris \u00e0 Saint-Germain-des-Pr\u00e9s. D\u00e9couvrez nos opportunit\u00e9s de carri\u00e8re dans un lieu unique valorisant le talent et le savoir-faire.","breadcrumb":{"@id":"https:\/\/www.cravanparis.com\/fr\/nous-rejoindre\/#breadcrumb"},"inLanguage":"fr-FR","potentialAction":[{"@type":"ReadAction","target":["https:\/\/www.cravanparis.com\/fr\/nous-rejoindre\/"]}]},{"@type":"BreadcrumbList","@id":"https:\/\/www.cravanparis.com\/fr\/nous-rejoindre\/#breadcrumb","itemListElement":[{"@type":"ListItem","position":1,"name":"Home","item":"https:\/\/www.cravanparis.com\/fr\/"},{"@type":"ListItem","position":2,"name":"Nous rejoindre"}]},{"@type":"WebSite","@id":"https:\/\/www.cravanparis.com\/fr\/#website","url":"https:\/\/www.cravanparis.com\/fr\/","name":"CRAVAN - Cocktail Bar - Paris 6","description":"CRAVAN, bar \u00e0 cocktails dans le 6\u00e8 arrondissement de Paris, au c\u0153ur du quartier litt\u00e9raire de Saint-Germain-des-Pr\u00e9s. Suivez-nous sur @cravanparis.","publisher":{"@id":"https:\/\/www.cravanparis.com\/fr\/#organization"},"potentialAction":[{"@type":"SearchAction","target":{"@type":"EntryPoint","urlTemplate":"https:\/\/www.cravanparis.com\/fr\/?s={search_term_string}"},"query-input":{"@type":"PropertyValueSpecification","valueRequired":true,"valueName":"search_term_string"}}],"inLanguage":"fr-FR"},{"@type":"Organization","@id":"https:\/\/www.cravanparis.com\/fr\/#organization","name":"CRAVAN - Cocktail Bar - Paris 6","url":"https:\/\/www.cravanparis.com\/fr\/","logo":{"@type":"ImageObject","inLanguage":"fr-FR","@id":"https:\/\/www.cravanparis.com\/fr\/#\/schema\/logo\/image\/","url":"https:\/\/www.cravanparis.com\/app\/uploads\/2026\/03\/cravan.svg","contentUrl":"https:\/\/www.cravanparis.com\/app\/uploads\/2026\/03\/cravan.svg","width":1296,"height":357,"caption":"CRAVAN - Cocktail Bar - Paris 6"},"image":{"@id":"https:\/\/www.cravanparis.com\/fr\/#\/schema\/logo\/image\/"},"sameAs":["https:\/\/www.instagram.com\/cravanparis\/"]}]}},"_links":{"self":[{"href":"https:\/\/www.cravanparis.com\/fr\/wp-json\/wp\/v2\/pages\/39","targetHints":{"allow":["GET"]}}],"collection":[{"href":"https:\/\/www.cravanparis.com\/fr\/wp-json\/wp\/v2\/pages"}],"about":[{"href":"https:\/\/www.cravanparis.com\/fr\/wp-json\/wp\/v2\/types\/page"}],"author":[{"embeddable":true,"href":"https:\/\/www.cravanparis.com\/fr\/wp-json\/wp\/v2\/users\/1"}],"replies":[{"embeddable":true,"href":"https:\/\/www.cravanparis.com\/fr\/wp-json\/wp\/v2\/comments?post=39"}],"version-history":[{"count":9,"href":"https:\/\/www.cravanparis.com\/fr\/wp-json\/wp\/v2\/pages\/39\/revisions"}],"predecessor-version":[{"id":1570,"href":"https:\/\/www.cravanparis.com\/fr\/wp-json\/wp\/v2\/pages\/39\/revisions\/1570"}],"wp:attachment":[{"href":"https:\/\/www.cravanparis.com\/fr\/wp-json\/wp\/v2\/media?parent=39"}],"curies":[{"name":"wp","href":"https:\/\/api.w.org\/{rel}","templated":true}]}}