{"id":53,"date":"2025-12-09T13:09:01","date_gmt":"2025-12-09T12:09:01","guid":{"rendered":"https:\/\/www.cravanparis.com\/?page_id=53"},"modified":"2026-03-26T10:06:28","modified_gmt":"2026-03-26T09:06:28","slug":"accueil","status":"publish","type":"page","link":"https:\/\/www.cravanparis.com\/fr\/","title":{"rendered":"Accueil"},"content":{"rendered":"                <div  class=\"cravan-bloc cravan-video-text-anim-container \">\n            <div class=\"cravan__video_text_anim_container h-100\">\n                <div class=\"h-100\">\n                    <div class=\"cravan__background\">\n                        <div class=\"bg-video-placeholder\"><\/div>\n                        <video class=\"bg-video\" width=\"100%\" autoplay=\"autoplay\"  muted loop ><\/video>\n                        <div id=\"lottifiles-container\"><\/div>\n                    <\/div>\n                <\/div>\n            <\/div>\n        <\/div>\n    \n\n                <div  class=\"cravan-bloc cravan-subtitle-title-text-cta \">\n            <div class=\"row\">\n                <div class=\"container\">\n                    <div class=\"row justify-content-center\">\n                        <div class=\"col-12 text-center\">\n                            <div class=\"cravan__title_container\">\n\n                                \n                                <div class=\"cravan__title row\">\n                                    <h1 class=\"col\">\n                                        L\u2019art de vivre selon CRAVAN                                    <\/h1>\n                                <\/div>\n                            <\/div>\n\n                            <div class=\"cravan__text row justify-content-center\">\n                                <div class=\"col-12 col-lg-6\">\n                                    <p>La recherche de l\u2019exception \u00e0 travers une connaissance profonde de l\u2019histoire du cocktail pour offrir une proposition innovante, telle est la philosophie de CRAVAN incarn\u00e9e dans un lieu \u00e9l\u00e9gant qui se veut aussi culturel. Les cocktails en bouteille CRAVAN refl\u00e8tent \u00e9galement tout l&#8217;ADN de la Maison: le choix de spiritueux d&#8217;exception et l&#8217;obsession d&#8217;un \u00e9quilibre parfait, pr\u00eat \u00e0 servir chez soi.<\/p>\n                                <\/div>\n                            <\/div>\n                                                            <div class=\"cravan__cta row justify-content-center\">\n                                                                            <div class=\"col-12 col-md-auto\">\n                                            <a href=\"https:\/\/www.cravanparis.com\/histoires\" target=\"\" class=\"cravan-button-primary\">\n                                                Histoire(s)                                            <\/a>\n                                        <\/div>\n                                                                            <div class=\"col-12 col-md-auto\">\n                                            <a href=\"https:\/\/www.cravanparis.com\/boutique\/cocktails-en-bouteille\" target=\"\" class=\"cravan-button-primary\">\n                                                Cocktails en bouteille                                            <\/a>\n                                        <\/div>\n                                                                    <\/div>\n                                                    <\/div>\n                    <\/div>\n                <\/div>\n            <\/div>\n        <\/div>\n    \n\n                <div  class=\"cravan-bloc cravan-video cravan-video-fullwidth  cravan--video-fullwidth\">\n                            <div class=\"cravan__video_container\">\n                    <video id=\"video-fullwidth-6446\" class=\"video-js\" preload=\"auto\"\n                           poster=\"https:\/\/www.cravanparis.com\/app\/uploads\/2025\/12\/Capture-film-EVIN-Homepage.avif\" dataautoplay=\"autoplay\" muted loop>\n                        <source src=\"https:\/\/www.cravanparis.com\/app\/uploads\/2025\/12\/home_page_06_2023_0.mp4\" type=\"video\/mp4\">\n                    <\/video>\n                <\/div>\n            \n        <\/div>\n    \n\n                <div  class=\"cravan-bloc cravan-image-text  \" data-scroll-sticky>\n\n            <div class=\"row\">\n                <div class=\"container\">\n                    <div class=\"row align-items-start\">\n\n                        \n                            <div class=\"col-12 col-lg-6 col-xl-5 offset-xl-1 cravan__image_text_image_container\">\n\n                                <div class=\"cravan-bloc cravan-image container-fluid\">\n                                    <img decoding=\"async\" src=\"https:\/\/www.cravanparis.com\/app\/uploads\/2025\/12\/CRAVAN-GAMME-1-V1.jpg-1024x683.avif\" alt=\"\" class=\"img-fluid\"\/>\n                                    \n                                    \n                                <\/div>\n\n                                \n                            <\/div>\n                            <div class=\"col-12 col-lg-5 offset-lg-1 col-xl-4 cravan__image_text_text_container\">\n                                <h2><span style=\"color: #c8102e;\">Cocktails en bouteille<\/span><\/h2>\n<p>Les cocktails que nous vous proposons sont exclusifs et in\u00e9dits. Ils sont tout L\u2019ADN de CRAVAN mis en bouteille.<br \/>\nCe nouveau rituel de d\u00e9gustation, cocktails en bouteille, vous permet de retrouver toute l\u2019attention aux d\u00e9tails propre \u00e0 CRAVAN: l\u2019obsession d\u2019un \u00e9quilibre parfait, d\u2019une justesse des ingr\u00e9dients, d\u2019une complexit\u00e9 aromatique\u2026 \u00e0 d\u00e9guster chez soi. Ce sont des recettes que nous avons pens\u00e9es et cr\u00e9\u00e9es sp\u00e9cifiquement pour ce mode de consommation.<\/p>\n<p>Ce que nous vous proposons de d\u00e9couvrir est plus qu\u2019un cocktail en bouteille: c\u2019est un \u00e9change de savoir-faire. Entre CRAVAN et les Maisons de spiritueux repr\u00e9sent\u00e9es par leurs Maitres Distillateurs et Assembleurs qui ont travaill\u00e9 \u00e0 l\u2019\u00e9laboration de chacune de ces recettes. Entre CRAVAN et la Distillerie alsacienne Nusbaumer qui, forte de ses 75 ans d\u2019exp\u00e9rience, participe au d\u00e9veloppement technique de chacune de ces bouteilles.<\/p>\n<p>Ces cocktails en bouteille contiennent ces recherches, pr\u00eats \u00e0 \u00eatre servis chez vous.<\/p>\n                            <\/div>\n\n                        \n                    <\/div>\n\n                                    <\/div>\n            <\/div>\n\n        <\/div>\n    \n\n                <div  class=\"cravan-bloc cravan-subtitle-title-text-cta \">\n            <div class=\"row\">\n                <div class=\"container\">\n                    <div class=\"row justify-content-center\">\n                        <div class=\"col-12 text-center\">\n                            <div class=\"cravan__title_container\">\n\n                                                                    <div class=\"cravan__sub_title row\">\n                                        <div class=\"col-12\">\n                                            165, Boulevard Saint-Germain                                        <\/div>\n                                    <\/div>\n                                \n                                <div class=\"cravan__title row\">\n                                    <h2 class=\"col\">\n                                        La Maison CRAVAN                                    <\/h2>\n                                <\/div>\n                            <\/div>\n\n                            <div class=\"cravan__text row justify-content-center\">\n                                <div class=\"col-12 col-lg-6\">\n                                    <p>CRAVAN s\u2019installe au c\u0153ur du quartier historique et litt\u00e9raire de Saint-Germain-des-Pr\u00e9s, dans un b\u00e2timent datant du 17\u00e8me si\u00e8cle. Cette Maison se d\u00e9ploie sur 4 niveaux : 3 bars \u00e0 cocktail o\u00f9 s\u2019exprimeront tout le savoir-faire et l\u2019art de vivre CRAVAN et une librairie co-sign\u00e9e Rizzoli NY. Au dernier \u00e9tage, un atelier ouvrant l\u2019acc\u00e8s sur un mini-kiosque pos\u00e9 sur le toit seront accessibles sur invitation.<\/p>\n                                <\/div>\n                            <\/div>\n                                                    <\/div>\n                    <\/div>\n                <\/div>\n            <\/div>\n        <\/div>\n    \n\n                <div  class=\"cravan-bloc cravan-video cravan-video-fullwidth  cravan-video-fullwidth-portrait-fullwidth\">\n                            <div class=\"cravan__video_container\">\n                    <video id=\"video-fullwidth-806\" class=\"video-js\" preload=\"auto\"\n                           poster=\"https:\/\/www.cravanparis.com\/app\/uploads\/2025\/12\/home_anim_placeholder.avif\" dataautoplay=\"autoplay\" muted loop>\n                        <source src=\"https:\/\/www.cravanparis.com\/app\/uploads\/2025\/12\/Home_Anim.mp4\" type=\"video\/mp4\">\n                    <\/video>\n                <\/div>\n            \n        <\/div>\n    \n\n                <div  class=\"cravan-bloc cravan-cta-list \">\n            <div class=\"row\">\n                <div class=\"container\">\n                    <div class=\"row justify-content-center\">\n                        <div class=\"col-12 text-center\">\n                                                            <div class=\"cravan__cta row justify-content-center\">\n                                                                            <div class=\"col-12 col-md-auto\">\n                                            <a href=\"https:\/\/www.cravanparis.com\/maison\/#architecture-et-design\/\" target=\"\" class=\"cravan-button-primary\">\n                                                Architecture &amp; Design                                             <\/a>\n                                        <\/div>\n                                                                            <div class=\"col-12 col-md-auto\">\n                                            <a href=\"https:\/\/www.cravanparis.com\/librairie-rizzoli-ny\" target=\"\" class=\"cravan-button-primary\">\n                                                Librairie Rizzoli                                             <\/a>\n                                        <\/div>\n                                                                    <\/div>\n                                                    <\/div>\n                    <\/div>\n                <\/div>\n            <\/div>\n        <\/div>\n    \n\n                <div  class=\"cravan-bloc cravan-image-fullwidth \">\n\n                            <div class=\"cravan__image_container\">\n                    <div class=\"cravan-bloc cravan-image container-fluid\">\n                        <img decoding=\"async\" src=\"https:\/\/www.cravanparis.com\/app\/uploads\/2025\/12\/FA_Teddy-CRAVAN.jpeg.avif\" alt=\"\" class=\"img-fluid\"\/>\n                    <\/div>\n                <\/div>\n                    <\/div>\n    \n\n                <div  class=\"cravan-bloc cravan-text-two-columns \">\n\n            <div class=\"row\">\n                <div class=\"container\">\n                    <div class=\"row \">\n                        <div class=\"cravan__text columns-left col-12 col-lg-5 col-xl-4 offset-xl-1\">\n                            <p>CRAVAN, une proposition contemporaine qui renouvelle les codes traditionnels du cocktail.<\/p>\n                        <\/div>\n\n                        <div class=\"cravan__text columns-right col-12 col-lg-6 offset-lg-1 col-xl-5 offset-xl-1\">\n                            <p>Situ\u00e9 au c\u0153ur du quartier historique et litt\u00e9raire\u00a0de Saint-Germain-des-Pr\u00e9s, le bar \u00e0 cocktail CRAVAN s\u2019installe dans un b\u00e2timent datant du 17\u00e8me si\u00e8cle. Enti\u00e8rement pens\u00e9 par le designer Ramy Fischler, ce lieu d\u2019\u00e9changes incarne\u00a0<s>\u00a0<\/s>une adresse parisienne incontournable. Un espace o\u00f9 se m\u00e9langent les courants et les r\u00e9f\u00e9rences architecturaux pour cr\u00e9er une proposition minimaliste et contemporaine m\u00ealant culture et hospitalit\u00e9 autour du cocktail<\/p>\n                        <\/div>\n                        <div class=\"cravan__text columns-right col-12 col-xl-1\">&nbsp;<\/div>\n                    <\/div>\n                <\/div>\n            <\/div>\n\n        <\/div>\n    ","protected":false},"excerpt":{"rendered":"","protected":false},"author":1,"featured_media":0,"parent":0,"menu_order":0,"comment_status":"closed","ping_status":"closed","template":"page.php","meta":{"_acf_changed":false,"inline_featured_image":false,"footnotes":""},"class_list":["post-53","page","type-page","status-publish","hentry"],"acf":[],"yoast_head":"<!-- This site is optimized with the Yoast SEO plugin v27.3 - https:\/\/yoast.com\/product\/yoast-seo-wordpress\/ -->\n<title>CRAVAN - Cocktail Bar - Paris 6<\/title>\n<meta name=\"description\" content=\"CRAVAN, bar \u00e0 cocktails dans le 6\u00e8 arrondissement de Paris, au c\u0153ur du quartier litt\u00e9raire de Saint-Germain-des-Pr\u00e9s. Suivez nous sur @cravanparis.\" \/>\n<meta name=\"robots\" content=\"index, follow, max-snippet:-1, max-image-preview:large, max-video-preview:-1\" \/>\n<link rel=\"canonical\" href=\"https:\/\/www.cravanparis.com\/fr\/\" \/>\n<meta property=\"og:locale\" content=\"fr_FR\" \/>\n<meta property=\"og:type\" content=\"article\" \/>\n<meta property=\"og:title\" content=\"CRAVAN - Cocktail Bar - Paris 6\" \/>\n<meta property=\"og:description\" content=\"CRAVAN, bar \u00e0 cocktails dans le 6\u00e8 arrondissement de Paris, au c\u0153ur du quartier litt\u00e9raire de Saint-Germain-des-Pr\u00e9s. Suivez nous sur @cravanparis.\" \/>\n<meta property=\"og:url\" content=\"https:\/\/www.cravanparis.com\/fr\/\" \/>\n<meta property=\"og:site_name\" content=\"CRAVAN - Cocktail Bar - Paris 6\" \/>\n<meta property=\"article:modified_time\" content=\"2026-03-26T09:06:28+00:00\" \/>\n<meta name=\"twitter:card\" content=\"summary_large_image\" \/>\n<script type=\"application\/ld+json\" class=\"yoast-schema-graph\">{\"@context\":\"https:\\\/\\\/schema.org\",\"@graph\":[{\"@type\":\"WebPage\",\"@id\":\"https:\\\/\\\/www.cravanparis.com\\\/fr\\\/\",\"url\":\"https:\\\/\\\/www.cravanparis.com\\\/fr\\\/\",\"name\":\"CRAVAN - Cocktail Bar - Paris 6\",\"isPartOf\":{\"@id\":\"https:\\\/\\\/www.cravanparis.com\\\/fr\\\/#website\"},\"datePublished\":\"2025-12-09T12:09:01+00:00\",\"dateModified\":\"2026-03-26T09:06:28+00:00\",\"description\":\"CRAVAN, bar \u00e0 cocktails dans le 6\u00e8 arrondissement de Paris, au c\u0153ur du quartier litt\u00e9raire de Saint-Germain-des-Pr\u00e9s. Suivez nous sur @cravanparis.\",\"breadcrumb\":{\"@id\":\"https:\\\/\\\/www.cravanparis.com\\\/fr\\\/#breadcrumb\"},\"inLanguage\":\"fr-FR\",\"potentialAction\":[{\"@type\":\"ReadAction\",\"target\":[\"https:\\\/\\\/www.cravanparis.com\\\/fr\\\/\"]}]},{\"@type\":\"BreadcrumbList\",\"@id\":\"https:\\\/\\\/www.cravanparis.com\\\/fr\\\/#breadcrumb\",\"itemListElement\":[{\"@type\":\"ListItem\",\"position\":1,\"name\":\"Home\",\"item\":\"https:\\\/\\\/www.cravanparis.com\\\/fr\\\/\"},{\"@type\":\"ListItem\",\"position\":2,\"name\":\"Accueil\"}]},{\"@type\":\"WebSite\",\"@id\":\"https:\\\/\\\/www.cravanparis.com\\\/fr\\\/#website\",\"url\":\"https:\\\/\\\/www.cravanparis.com\\\/fr\\\/\",\"name\":\"CRAVAN - Cocktail Bar - Paris 6\",\"description\":\"CRAVAN, bar \u00e0 cocktails dans le 6\u00e8 arrondissement de Paris, au c\u0153ur du quartier litt\u00e9raire de Saint-Germain-des-Pr\u00e9s. Suivez-nous sur @cravanparis.\",\"publisher\":{\"@id\":\"https:\\\/\\\/www.cravanparis.com\\\/fr\\\/#organization\"},\"potentialAction\":[{\"@type\":\"SearchAction\",\"target\":{\"@type\":\"EntryPoint\",\"urlTemplate\":\"https:\\\/\\\/www.cravanparis.com\\\/fr\\\/?s={search_term_string}\"},\"query-input\":{\"@type\":\"PropertyValueSpecification\",\"valueRequired\":true,\"valueName\":\"search_term_string\"}}],\"inLanguage\":\"fr-FR\"},{\"@type\":\"Organization\",\"@id\":\"https:\\\/\\\/www.cravanparis.com\\\/fr\\\/#organization\",\"name\":\"CRAVAN - Cocktail Bar - Paris 6\",\"url\":\"https:\\\/\\\/www.cravanparis.com\\\/fr\\\/\",\"logo\":{\"@type\":\"ImageObject\",\"inLanguage\":\"fr-FR\",\"@id\":\"https:\\\/\\\/www.cravanparis.com\\\/fr\\\/#\\\/schema\\\/logo\\\/image\\\/\",\"url\":\"https:\\\/\\\/www.cravanparis.com\\\/app\\\/uploads\\\/2026\\\/03\\\/cravan.svg\",\"contentUrl\":\"https:\\\/\\\/www.cravanparis.com\\\/app\\\/uploads\\\/2026\\\/03\\\/cravan.svg\",\"width\":1296,\"height\":357,\"caption\":\"CRAVAN - Cocktail Bar - Paris 6\"},\"image\":{\"@id\":\"https:\\\/\\\/www.cravanparis.com\\\/fr\\\/#\\\/schema\\\/logo\\\/image\\\/\"},\"sameAs\":[\"https:\\\/\\\/www.instagram.com\\\/cravanparis\\\/\"]}]}<\/script>\n<!-- \/ Yoast SEO plugin. -->","yoast_head_json":{"title":"CRAVAN - Cocktail Bar - Paris 6","description":"CRAVAN, bar \u00e0 cocktails dans le 6\u00e8 arrondissement de Paris, au c\u0153ur du quartier litt\u00e9raire de Saint-Germain-des-Pr\u00e9s. Suivez nous sur @cravanparis.","robots":{"index":"index","follow":"follow","max-snippet":"max-snippet:-1","max-image-preview":"max-image-preview:large","max-video-preview":"max-video-preview:-1"},"canonical":"https:\/\/www.cravanparis.com\/fr\/","og_locale":"fr_FR","og_type":"article","og_title":"CRAVAN - Cocktail Bar - Paris 6","og_description":"CRAVAN, bar \u00e0 cocktails dans le 6\u00e8 arrondissement de Paris, au c\u0153ur du quartier litt\u00e9raire de Saint-Germain-des-Pr\u00e9s. Suivez nous sur @cravanparis.","og_url":"https:\/\/www.cravanparis.com\/fr\/","og_site_name":"CRAVAN - Cocktail Bar - Paris 6","article_modified_time":"2026-03-26T09:06:28+00:00","twitter_card":"summary_large_image","schema":{"@context":"https:\/\/schema.org","@graph":[{"@type":"WebPage","@id":"https:\/\/www.cravanparis.com\/fr\/","url":"https:\/\/www.cravanparis.com\/fr\/","name":"CRAVAN - Cocktail Bar - Paris 6","isPartOf":{"@id":"https:\/\/www.cravanparis.com\/fr\/#website"},"datePublished":"2025-12-09T12:09:01+00:00","dateModified":"2026-03-26T09:06:28+00:00","description":"CRAVAN, bar \u00e0 cocktails dans le 6\u00e8 arrondissement de Paris, au c\u0153ur du quartier litt\u00e9raire de Saint-Germain-des-Pr\u00e9s. Suivez nous sur @cravanparis.","breadcrumb":{"@id":"https:\/\/www.cravanparis.com\/fr\/#breadcrumb"},"inLanguage":"fr-FR","potentialAction":[{"@type":"ReadAction","target":["https:\/\/www.cravanparis.com\/fr\/"]}]},{"@type":"BreadcrumbList","@id":"https:\/\/www.cravanparis.com\/fr\/#breadcrumb","itemListElement":[{"@type":"ListItem","position":1,"name":"Home","item":"https:\/\/www.cravanparis.com\/fr\/"},{"@type":"ListItem","position":2,"name":"Accueil"}]},{"@type":"WebSite","@id":"https:\/\/www.cravanparis.com\/fr\/#website","url":"https:\/\/www.cravanparis.com\/fr\/","name":"CRAVAN - Cocktail Bar - Paris 6","description":"CRAVAN, bar \u00e0 cocktails dans le 6\u00e8 arrondissement de Paris, au c\u0153ur du quartier litt\u00e9raire de Saint-Germain-des-Pr\u00e9s. Suivez-nous sur @cravanparis.","publisher":{"@id":"https:\/\/www.cravanparis.com\/fr\/#organization"},"potentialAction":[{"@type":"SearchAction","target":{"@type":"EntryPoint","urlTemplate":"https:\/\/www.cravanparis.com\/fr\/?s={search_term_string}"},"query-input":{"@type":"PropertyValueSpecification","valueRequired":true,"valueName":"search_term_string"}}],"inLanguage":"fr-FR"},{"@type":"Organization","@id":"https:\/\/www.cravanparis.com\/fr\/#organization","name":"CRAVAN - Cocktail Bar - Paris 6","url":"https:\/\/www.cravanparis.com\/fr\/","logo":{"@type":"ImageObject","inLanguage":"fr-FR","@id":"https:\/\/www.cravanparis.com\/fr\/#\/schema\/logo\/image\/","url":"https:\/\/www.cravanparis.com\/app\/uploads\/2026\/03\/cravan.svg","contentUrl":"https:\/\/www.cravanparis.com\/app\/uploads\/2026\/03\/cravan.svg","width":1296,"height":357,"caption":"CRAVAN - Cocktail Bar - Paris 6"},"image":{"@id":"https:\/\/www.cravanparis.com\/fr\/#\/schema\/logo\/image\/"},"sameAs":["https:\/\/www.instagram.com\/cravanparis\/"]}]}},"_links":{"self":[{"href":"https:\/\/www.cravanparis.com\/fr\/wp-json\/wp\/v2\/pages\/53","targetHints":{"allow":["GET"]}}],"collection":[{"href":"https:\/\/www.cravanparis.com\/fr\/wp-json\/wp\/v2\/pages"}],"about":[{"href":"https:\/\/www.cravanparis.com\/fr\/wp-json\/wp\/v2\/types\/page"}],"author":[{"embeddable":true,"href":"https:\/\/www.cravanparis.com\/fr\/wp-json\/wp\/v2\/users\/1"}],"replies":[{"embeddable":true,"href":"https:\/\/www.cravanparis.com\/fr\/wp-json\/wp\/v2\/comments?post=53"}],"version-history":[{"count":43,"href":"https:\/\/www.cravanparis.com\/fr\/wp-json\/wp\/v2\/pages\/53\/revisions"}],"predecessor-version":[{"id":1601,"href":"https:\/\/www.cravanparis.com\/fr\/wp-json\/wp\/v2\/pages\/53\/revisions\/1601"}],"wp:attachment":[{"href":"https:\/\/www.cravanparis.com\/fr\/wp-json\/wp\/v2\/media?parent=53"}],"curies":[{"name":"wp","href":"https:\/\/api.w.org\/{rel}","templated":true}]}}