{"id":888,"date":"2026-01-19T15:15:53","date_gmt":"2026-01-19T14:15:53","guid":{"rendered":"https:\/\/www.cravanparis.com\/?page_id=888"},"modified":"2026-04-13T12:20:59","modified_gmt":"2026-04-13T10:20:59","slug":"objets","status":"publish","type":"page","link":"https:\/\/www.cravanparis.com\/fr\/boutique\/objets\/","title":{"rendered":"Objets"},"content":{"rendered":"                <div  class=\"cravan-bloc cravan-hero cravan-hero-container height-50 height-50 has-no-marge-bottom\">\n            <div class=\"container-fluid cravan__hero_container h-100\">\n\n                <div class=\"row align-content-center justify-content-center h-100\">\n\n                                            <div class=\"cravan__hero_background_image\">\n                            <div class=\"cravan-bloc cravan-image container-fluid\">\n                                <img decoding=\"async\" src=\"https:\/\/www.cravanparis.com\/app\/uploads\/2026\/01\/cravan_boutique.jpg.avif\" alt=\"\" class=\"img-fluid\"\/>\n                            <\/div>\n                        <\/div>\n\n                    \n                    <div class=\"container\">\n\n                        <div class=\"cravan__hero_content row\">\n\n                            <div class=\"col-12\">\n\n                                <div class=\"row justify-content-center\">\n                                    <div class=\"col-12\">\n                                        <div class=\"cravan-bloc cravan-subtitle-title-text-cta\">\n\n                                            <div class=\"row justify-content-center\">\n                                                <div class=\"col-12 text-center\">\n                                                    <div class=\"cravan__title_container\">\n\n                                                        \n                                                        <div class=\"cravan__title row\">\n                                                            <h1 class=\"col\">\n                                                            Boutique                                                        <\/h1>\n                                                    <\/div>\n                                                <\/div>\n\n                                                <div class=\"cravan__text row justify-content-center\">\n                                                    <div class=\"col-12 col-lg-6\">\n                                                                                                            <\/div>\n                                                <\/div>\n                                                                                            <\/div>\n\n                                        <\/div>\n                                    <\/div>\n                                <\/div>\n                            <\/div>\n\n                        <\/div>\n\n                    <\/div>\n\n                <\/div>\n\n            <\/div>\n        <\/div>\n        <\/div>\n    \n\n                <div  class=\"cravan-bloc cravan-navigation-internal  \">\n            <div class=\"row\">\n                <div class=\"container\">\n                    <div class=\"row justify-content-center\">\n                        <div class=\"col-auto scroll-container\">\n                                <div class=\"menu-boutique-navigation-container\"><ul id=\"menu-boutique-navigation\" class=\"internal-navigation\"><li id=\"menu-item-891\" class=\"menu-item menu-item-type-post_type menu-item-object-page menu-item-891\"><a href=\"https:\/\/www.cravanparis.com\/fr\/boutique\/cocktails-en-bouteille\/\">Cocktails en bouteille<\/a><\/li>\n<li id=\"menu-item-892\" class=\"menu-item menu-item-type-post_type menu-item-object-page menu-item-892\"><a href=\"https:\/\/www.cravanparis.com\/fr\/boutique\/objets\/\">Objets<\/a><\/li>\n<li id=\"menu-item-908\" class=\"menu-item menu-item-type-post_type menu-item-object-page menu-item-908\"><a href=\"https:\/\/www.cravanparis.com\/fr\/boutique\/acheter-au-bar\/\">O\u00f9 nous trouver ?<\/a><\/li>\n<\/ul><\/div>                        <\/div>\n                    <\/div>\n                <\/div>\n            <\/div>\n        <\/div>\n    \n\n        \n            <div  class=\"cravan-bloc cravan-product cravan-product-related cravan-product-class-objets\">\n\n                <div class=\"row\">\n                    <div class=\"container\">\n                        <div class=\"row justify-content-center\">\n                            <div class=\"col-12 cravan__product-related-wrapper\">\n\n                                <section class=\"cravan-product-container\">\n\n\n                                    <div class=\"cravan-bloc cravan-title-single\">\n                                        <div class=\"row\">\n                                            <div class=\"container\">\n                                                <div class=\"row justify-content-center\">\n                                                    <div class=\"col-12 col-lg-auto text-center\">\n                                                        <h2 class=\"cravan__title_container\">\n                                                            Objets                                                        <\/h2>\n                                                    <\/div>\n                                                <\/div>\n                                            <\/div>\n                                        <\/div>\n                                    <\/div>\n\n                                    <ul class=\"cravan__product_related_container\">\n                                        \n                                            <li class=\"cravan__product_related_item product type-product post-970 status-publish first instock product_cat-objets has-post-thumbnail shipping-taxable purchasable product-type-simple\">\n\n                                                <div class=\"cravan__product_related_content\">\n                                                    <a href=\"https:\/\/www.cravanparis.com\/fr\/boutique\/objets\/verre-a-cocktail-cravan\/\" class=\"woocommerce-LoopProduct-link woocommerce-loop-product__link\"><div class=\"cravan__product_related_image\"><img decoding=\"async\" src=\"https:\/\/www.cravanparis.com\/app\/uploads\/2026\/02\/Verre.png.avif\" alt=\"\" class=\"img-fluid\" \/><\/div>                                                    <div class=\"cravan__product_related_title\">\n                                                        <h2 class=\"woocommerce-loop-product__title\">Verre \u00e0 cocktail CRAVAN<\/h2>\n\t<span class=\"price\"><span class=\"woocommerce-Price-amount amount\"><bdi><span class=\"woocommerce-Price-currencySymbol\">&euro;<\/span>20,00<\/bdi><\/span><\/span>\n                                                    <\/div>\n                                                    <\/a>                                                <\/div>\n\n                                            <\/li>\n\n                                        \n                                            <li class=\"cravan__product_related_item product type-product post-974 status-publish instock product_cat-objets has-post-thumbnail shipping-taxable purchasable product-type-simple\">\n\n                                                <div class=\"cravan__product_related_content\">\n                                                    <a href=\"https:\/\/www.cravanparis.com\/fr\/boutique\/objets\/teddy-3-paradis-x-cravan\/\" class=\"woocommerce-LoopProduct-link woocommerce-loop-product__link\"><div class=\"cravan__product_related_image\"><img decoding=\"async\" src=\"https:\/\/www.cravanparis.com\/app\/uploads\/2026\/02\/teddy.png.avif\" alt=\"\" class=\"img-fluid\" \/><\/div>                                                    <div class=\"cravan__product_related_title\">\n                                                        <h2 class=\"woocommerce-loop-product__title\">Teddy 3.Paradis X CRAVAN<\/h2>\n\t<span class=\"price\"><span class=\"woocommerce-Price-amount amount\"><bdi><span class=\"woocommerce-Price-currencySymbol\">&euro;<\/span>690,00<\/bdi><\/span><\/span>\n                                                    <\/div>\n                                                    <\/a>                                                <\/div>\n\n                                            <\/li>\n\n                                        \n                                            <li class=\"cravan__product_related_item product type-product post-983 status-publish instock product_cat-objets has-post-thumbnail shipping-taxable purchasable product-type-simple\">\n\n                                                <div class=\"cravan__product_related_content\">\n                                                    <a href=\"https:\/\/www.cravanparis.com\/fr\/boutique\/objets\/t-shirt-drier-bitter-better\/\" class=\"woocommerce-LoopProduct-link woocommerce-loop-product__link\"><div class=\"cravan__product_related_image\"><img decoding=\"async\" src=\"https:\/\/www.cravanparis.com\/app\/uploads\/2026\/02\/Cravan-Packshots-Tshirt-Face.png.avif\" alt=\"\" class=\"img-fluid\" \/><\/div>                                                    <div class=\"cravan__product_related_title\">\n                                                        <h2 class=\"woocommerce-loop-product__title\">T-shirt Drier Bitter Better<\/h2>\n\t<span class=\"price\"><span class=\"woocommerce-Price-amount amount\"><bdi><span class=\"woocommerce-Price-currencySymbol\">&euro;<\/span>45,00<\/bdi><\/span><\/span>\n                                                    <\/div>\n                                                    <\/a>                                                <\/div>\n\n                                            <\/li>\n\n                                        \n                                            <li class=\"cravan__product_related_item product type-product post-991 status-publish last instock product_cat-objets has-post-thumbnail shipping-taxable purchasable product-type-simple\">\n\n                                                <div class=\"cravan__product_related_content\">\n                                                    <a href=\"https:\/\/www.cravanparis.com\/fr\/boutique\/objets\/t-shirt-006\/\" class=\"woocommerce-LoopProduct-link woocommerce-loop-product__link\"><div class=\"cravan__product_related_image\"><img decoding=\"async\" src=\"https:\/\/www.cravanparis.com\/app\/uploads\/2026\/02\/Cravan-Packshots-2-Tshirt-Face.png.avif\" alt=\"\" class=\"img-fluid\" \/><\/div>                                                    <div class=\"cravan__product_related_title\">\n                                                        <h2 class=\"woocommerce-loop-product__title\">T-Shirt 006<\/h2>\n\t<span class=\"price\"><span class=\"woocommerce-Price-amount amount\"><bdi><span class=\"woocommerce-Price-currencySymbol\">&euro;<\/span>45,00<\/bdi><\/span><\/span>\n                                                    <\/div>\n                                                    <\/a>                                                <\/div>\n\n                                            <\/li>\n\n                                        \n                                            <li class=\"cravan__product_related_item product type-product post-999 status-publish first instock product_cat-objets has-post-thumbnail shipping-taxable purchasable product-type-simple\">\n\n                                                <div class=\"cravan__product_related_content\">\n                                                    <a href=\"https:\/\/www.cravanparis.com\/fr\/boutique\/objets\/livre-french-moderne-cocktails\/\" class=\"woocommerce-LoopProduct-link woocommerce-loop-product__link\"><div class=\"cravan__product_related_image\"><img decoding=\"async\" src=\"https:\/\/www.cravanparis.com\/app\/uploads\/2026\/02\/Cravan-Packshots-Book_0.png.avif\" alt=\"\" class=\"img-fluid\" \/><\/div>                                                    <div class=\"cravan__product_related_title\">\n                                                        <h2 class=\"woocommerce-loop-product__title\">Livre French Moderne Cocktails<\/h2>\n\t<span class=\"price\"><span class=\"woocommerce-Price-amount amount\"><bdi><span class=\"woocommerce-Price-currencySymbol\">&euro;<\/span>30,00<\/bdi><\/span><\/span>\n                                                    <\/div>\n                                                    <\/a>                                                <\/div>\n\n                                            <\/li>\n\n                                                                            <\/ul>\n                                <\/section>\n\n\n                            <\/div>\n                        <\/div>\n                    <\/div>\n                <\/div>\n            <\/div>\n            \n\n                <div  class=\"cravan-bloc cravan-banner-cta-container \">\n            <a href=\"https:\/\/www.cravanparis.com\/fr\/maison\/\" target=\"_self\" class=\"container-fluid cravan__banner_container h-100\" style=\"\">\n\n                <div class=\"row align-content-center justify-content-center h-100\">\n\n                    <div class=\"cravan__background_image\">\n                        <div class=\"cravan__image_container\">\n                            <div class=\"cravan-bloc cravan-image container-fluid\">\n                                <img decoding=\"async\" src=\"https:\/\/www.cravanparis.com\/app\/uploads\/2025\/12\/VLX5264-light.jpg.webp\" alt=\"\" class=\"img-fluid\"\/>\n                            <\/div>\n                        <\/div>\n                    <\/div>\n                    <div class=\"container\">\n\n                        <div class=\"cravan__banner_content row\">\n\n                            <div class=\"col-12\">\n\n                                <div class=\"row justify-content-center\">\n                                    <div class=\"col-12 text-center\">\n                                        <div class=\"cravan__title_container\">\n                                            <div class=\"cravan__title row\">\n                                                <div class=\"col\">\n                                                    Maison                                                <\/div>\n                                            <\/div>\n                                        <\/div>\n\n                                                                                    <div class=\"cravan__cta row justify-content-center\">\n                                                <div class=\"col-auto\">\n                                                    <div class=\"cravan-button-secondary\">\n                                                        D\u00e9couvrir                                                    <\/div>\n                                                <\/div>\n                                            <\/div>\n                                        \n                                    <\/div>\n                                <\/div>\n\n                            <\/div>\n\n                        <\/div>\n\n                    <\/div>\n\n                <\/div>\n            <\/a>\n        <\/div>\n    ","protected":false},"excerpt":{"rendered":"","protected":false},"author":1,"featured_media":0,"parent":13,"menu_order":0,"comment_status":"closed","ping_status":"closed","template":"page-shop.php","meta":{"_acf_changed":false,"inline_featured_image":false,"footnotes":""},"class_list":["post-888","page","type-page","status-publish","hentry"],"acf":[],"yoast_head":"<!-- This site is optimized with the Yoast SEO plugin v27.3 - https:\/\/yoast.com\/product\/yoast-seo-wordpress\/ -->\n<title>BOUTIQUE | CRAVAN - Cocktail Bar - Paris 6<\/title>\n<meta name=\"description\" content=\"Une s\u00e9lection unique de divers objets de l&#039;univers CRAVAN.\" \/>\n<meta name=\"robots\" content=\"index, follow, max-snippet:-1, max-image-preview:large, max-video-preview:-1\" \/>\n<link rel=\"canonical\" href=\"https:\/\/www.cravanparis.com\/fr\/boutique\/objets\/\" \/>\n<meta property=\"og:locale\" content=\"fr_FR\" \/>\n<meta property=\"og:type\" content=\"article\" \/>\n<meta property=\"og:title\" content=\"BOUTIQUE | CRAVAN - Cocktail Bar - Paris 6\" \/>\n<meta property=\"og:description\" content=\"Une s\u00e9lection unique de divers objets de l&#039;univers CRAVAN.\" \/>\n<meta property=\"og:url\" content=\"https:\/\/www.cravanparis.com\/fr\/boutique\/objets\/\" \/>\n<meta property=\"og:site_name\" content=\"CRAVAN - Cocktail Bar - Paris 6\" \/>\n<meta property=\"article:modified_time\" content=\"2026-04-13T10:20:59+00:00\" \/>\n<meta name=\"twitter:card\" content=\"summary_large_image\" \/>\n<script type=\"application\/ld+json\" class=\"yoast-schema-graph\">{\"@context\":\"https:\\\/\\\/schema.org\",\"@graph\":[{\"@type\":\"WebPage\",\"@id\":\"https:\\\/\\\/www.cravanparis.com\\\/fr\\\/boutique\\\/objets\\\/\",\"url\":\"https:\\\/\\\/www.cravanparis.com\\\/fr\\\/boutique\\\/objets\\\/\",\"name\":\"BOUTIQUE | CRAVAN - Cocktail Bar - Paris 6\",\"isPartOf\":{\"@id\":\"https:\\\/\\\/www.cravanparis.com\\\/fr\\\/#website\"},\"datePublished\":\"2026-01-19T14:15:53+00:00\",\"dateModified\":\"2026-04-13T10:20:59+00:00\",\"description\":\"Une s\u00e9lection unique de divers objets de l'univers CRAVAN.\",\"breadcrumb\":{\"@id\":\"https:\\\/\\\/www.cravanparis.com\\\/fr\\\/boutique\\\/objets\\\/#breadcrumb\"},\"inLanguage\":\"fr-FR\",\"potentialAction\":[{\"@type\":\"ReadAction\",\"target\":[\"https:\\\/\\\/www.cravanparis.com\\\/fr\\\/boutique\\\/objets\\\/\"]}]},{\"@type\":\"BreadcrumbList\",\"@id\":\"https:\\\/\\\/www.cravanparis.com\\\/fr\\\/boutique\\\/objets\\\/#breadcrumb\",\"itemListElement\":[{\"@type\":\"ListItem\",\"position\":1,\"name\":\"Home\",\"item\":\"https:\\\/\\\/www.cravanparis.com\\\/fr\\\/\"},{\"@type\":\"ListItem\",\"position\":2,\"name\":\"Boutique\",\"item\":\"https:\\\/\\\/www.cravanparis.com\\\/fr\\\/boutique\\\/\"},{\"@type\":\"ListItem\",\"position\":3,\"name\":\"Objets\"}]},{\"@type\":\"WebSite\",\"@id\":\"https:\\\/\\\/www.cravanparis.com\\\/fr\\\/#website\",\"url\":\"https:\\\/\\\/www.cravanparis.com\\\/fr\\\/\",\"name\":\"CRAVAN - Cocktail Bar - Paris 6\",\"description\":\"CRAVAN, bar \u00e0 cocktails dans le 6\u00e8 arrondissement de Paris, au c\u0153ur du quartier litt\u00e9raire de Saint-Germain-des-Pr\u00e9s. Suivez-nous sur @cravanparis.\",\"publisher\":{\"@id\":\"https:\\\/\\\/www.cravanparis.com\\\/fr\\\/#organization\"},\"potentialAction\":[{\"@type\":\"SearchAction\",\"target\":{\"@type\":\"EntryPoint\",\"urlTemplate\":\"https:\\\/\\\/www.cravanparis.com\\\/fr\\\/?s={search_term_string}\"},\"query-input\":{\"@type\":\"PropertyValueSpecification\",\"valueRequired\":true,\"valueName\":\"search_term_string\"}}],\"inLanguage\":\"fr-FR\"},{\"@type\":\"Organization\",\"@id\":\"https:\\\/\\\/www.cravanparis.com\\\/fr\\\/#organization\",\"name\":\"CRAVAN - Cocktail Bar - Paris 6\",\"url\":\"https:\\\/\\\/www.cravanparis.com\\\/fr\\\/\",\"logo\":{\"@type\":\"ImageObject\",\"inLanguage\":\"fr-FR\",\"@id\":\"https:\\\/\\\/www.cravanparis.com\\\/fr\\\/#\\\/schema\\\/logo\\\/image\\\/\",\"url\":\"https:\\\/\\\/www.cravanparis.com\\\/app\\\/uploads\\\/2026\\\/03\\\/cravan.svg\",\"contentUrl\":\"https:\\\/\\\/www.cravanparis.com\\\/app\\\/uploads\\\/2026\\\/03\\\/cravan.svg\",\"width\":1296,\"height\":357,\"caption\":\"CRAVAN - Cocktail Bar - Paris 6\"},\"image\":{\"@id\":\"https:\\\/\\\/www.cravanparis.com\\\/fr\\\/#\\\/schema\\\/logo\\\/image\\\/\"},\"sameAs\":[\"https:\\\/\\\/www.instagram.com\\\/cravanparis\\\/\"]}]}<\/script>\n<!-- \/ Yoast SEO plugin. -->","yoast_head_json":{"title":"BOUTIQUE | CRAVAN - Cocktail Bar - Paris 6","description":"Une s\u00e9lection unique de divers objets de l'univers CRAVAN.","robots":{"index":"index","follow":"follow","max-snippet":"max-snippet:-1","max-image-preview":"max-image-preview:large","max-video-preview":"max-video-preview:-1"},"canonical":"https:\/\/www.cravanparis.com\/fr\/boutique\/objets\/","og_locale":"fr_FR","og_type":"article","og_title":"BOUTIQUE | CRAVAN - Cocktail Bar - Paris 6","og_description":"Une s\u00e9lection unique de divers objets de l'univers CRAVAN.","og_url":"https:\/\/www.cravanparis.com\/fr\/boutique\/objets\/","og_site_name":"CRAVAN - Cocktail Bar - Paris 6","article_modified_time":"2026-04-13T10:20:59+00:00","twitter_card":"summary_large_image","schema":{"@context":"https:\/\/schema.org","@graph":[{"@type":"WebPage","@id":"https:\/\/www.cravanparis.com\/fr\/boutique\/objets\/","url":"https:\/\/www.cravanparis.com\/fr\/boutique\/objets\/","name":"BOUTIQUE | CRAVAN - Cocktail Bar - Paris 6","isPartOf":{"@id":"https:\/\/www.cravanparis.com\/fr\/#website"},"datePublished":"2026-01-19T14:15:53+00:00","dateModified":"2026-04-13T10:20:59+00:00","description":"Une s\u00e9lection unique de divers objets de l'univers CRAVAN.","breadcrumb":{"@id":"https:\/\/www.cravanparis.com\/fr\/boutique\/objets\/#breadcrumb"},"inLanguage":"fr-FR","potentialAction":[{"@type":"ReadAction","target":["https:\/\/www.cravanparis.com\/fr\/boutique\/objets\/"]}]},{"@type":"BreadcrumbList","@id":"https:\/\/www.cravanparis.com\/fr\/boutique\/objets\/#breadcrumb","itemListElement":[{"@type":"ListItem","position":1,"name":"Home","item":"https:\/\/www.cravanparis.com\/fr\/"},{"@type":"ListItem","position":2,"name":"Boutique","item":"https:\/\/www.cravanparis.com\/fr\/boutique\/"},{"@type":"ListItem","position":3,"name":"Objets"}]},{"@type":"WebSite","@id":"https:\/\/www.cravanparis.com\/fr\/#website","url":"https:\/\/www.cravanparis.com\/fr\/","name":"CRAVAN - Cocktail Bar - Paris 6","description":"CRAVAN, bar \u00e0 cocktails dans le 6\u00e8 arrondissement de Paris, au c\u0153ur du quartier litt\u00e9raire de Saint-Germain-des-Pr\u00e9s. Suivez-nous sur @cravanparis.","publisher":{"@id":"https:\/\/www.cravanparis.com\/fr\/#organization"},"potentialAction":[{"@type":"SearchAction","target":{"@type":"EntryPoint","urlTemplate":"https:\/\/www.cravanparis.com\/fr\/?s={search_term_string}"},"query-input":{"@type":"PropertyValueSpecification","valueRequired":true,"valueName":"search_term_string"}}],"inLanguage":"fr-FR"},{"@type":"Organization","@id":"https:\/\/www.cravanparis.com\/fr\/#organization","name":"CRAVAN - Cocktail Bar - Paris 6","url":"https:\/\/www.cravanparis.com\/fr\/","logo":{"@type":"ImageObject","inLanguage":"fr-FR","@id":"https:\/\/www.cravanparis.com\/fr\/#\/schema\/logo\/image\/","url":"https:\/\/www.cravanparis.com\/app\/uploads\/2026\/03\/cravan.svg","contentUrl":"https:\/\/www.cravanparis.com\/app\/uploads\/2026\/03\/cravan.svg","width":1296,"height":357,"caption":"CRAVAN - Cocktail Bar - Paris 6"},"image":{"@id":"https:\/\/www.cravanparis.com\/fr\/#\/schema\/logo\/image\/"},"sameAs":["https:\/\/www.instagram.com\/cravanparis\/"]}]}},"_links":{"self":[{"href":"https:\/\/www.cravanparis.com\/fr\/wp-json\/wp\/v2\/pages\/888","targetHints":{"allow":["GET"]}}],"collection":[{"href":"https:\/\/www.cravanparis.com\/fr\/wp-json\/wp\/v2\/pages"}],"about":[{"href":"https:\/\/www.cravanparis.com\/fr\/wp-json\/wp\/v2\/types\/page"}],"author":[{"embeddable":true,"href":"https:\/\/www.cravanparis.com\/fr\/wp-json\/wp\/v2\/users\/1"}],"replies":[{"embeddable":true,"href":"https:\/\/www.cravanparis.com\/fr\/wp-json\/wp\/v2\/comments?post=888"}],"version-history":[{"count":5,"href":"https:\/\/www.cravanparis.com\/fr\/wp-json\/wp\/v2\/pages\/888\/revisions"}],"predecessor-version":[{"id":1020,"href":"https:\/\/www.cravanparis.com\/fr\/wp-json\/wp\/v2\/pages\/888\/revisions\/1020"}],"up":[{"embeddable":true,"href":"https:\/\/www.cravanparis.com\/fr\/wp-json\/wp\/v2\/pages\/13"}],"wp:attachment":[{"href":"https:\/\/www.cravanparis.com\/fr\/wp-json\/wp\/v2\/media?parent=888"}],"curies":[{"name":"wp","href":"https:\/\/api.w.org\/{rel}","templated":true}]}}