{"id":905,"date":"2026-01-19T15:30:13","date_gmt":"2026-01-19T14:30:13","guid":{"rendered":"https:\/\/www.cravanparis.com\/?page_id=905"},"modified":"2026-04-13T12:25:10","modified_gmt":"2026-04-13T10:25:10","slug":"acheter-au-bar","status":"publish","type":"page","link":"https:\/\/www.cravanparis.com\/fr\/boutique\/acheter-au-bar\/","title":{"rendered":"O\u00f9 nous trouver ?"},"content":{"rendered":"                <div  class=\"cravan-bloc cravan-hero cravan-hero-container height-50 height-50 has-no-marge-bottom\">\n            <div class=\"container-fluid cravan__hero_container h-100\">\n\n                <div class=\"row align-content-center justify-content-center h-100\">\n\n                                            <div class=\"cravan__hero_background_image\">\n                            <div class=\"cravan-bloc cravan-image container-fluid\">\n                                <img decoding=\"async\" src=\"https:\/\/www.cravanparis.com\/app\/uploads\/2026\/01\/cravan_boutique.jpg.avif\" alt=\"\" class=\"img-fluid\"\/>\n                            <\/div>\n                        <\/div>\n\n                    \n                    <div class=\"container\">\n\n                        <div class=\"cravan__hero_content row\">\n\n                            <div class=\"col-12\">\n\n                                <div class=\"row justify-content-center\">\n                                    <div class=\"col-12\">\n                                        <div class=\"cravan-bloc cravan-subtitle-title-text-cta\">\n\n                                            <div class=\"row justify-content-center\">\n                                                <div class=\"col-12 text-center\">\n                                                    <div class=\"cravan__title_container\">\n\n                                                        \n                                                        <div class=\"cravan__title row\">\n                                                            <h1 class=\"col\">\n                                                            Boutique                                                        <\/h1>\n                                                    <\/div>\n                                                <\/div>\n\n                                                <div class=\"cravan__text row justify-content-center\">\n                                                    <div class=\"col-12 col-lg-6\">\n                                                                                                            <\/div>\n                                                <\/div>\n                                                                                            <\/div>\n\n                                        <\/div>\n                                    <\/div>\n                                <\/div>\n                            <\/div>\n\n                        <\/div>\n\n                    <\/div>\n\n                <\/div>\n\n            <\/div>\n        <\/div>\n        <\/div>\n    \n\n                <div  class=\"cravan-bloc cravan-navigation-internal  \">\n            <div class=\"row\">\n                <div class=\"container\">\n                    <div class=\"row justify-content-center\">\n                        <div class=\"col-auto scroll-container\">\n                                <div class=\"menu-boutique-navigation-container\"><ul id=\"menu-boutique-navigation\" class=\"internal-navigation\"><li id=\"menu-item-891\" class=\"menu-item menu-item-type-post_type menu-item-object-page menu-item-891\"><a href=\"https:\/\/www.cravanparis.com\/fr\/boutique\/cocktails-en-bouteille\/\">Cocktails en bouteille<\/a><\/li>\n<li id=\"menu-item-892\" class=\"menu-item menu-item-type-post_type menu-item-object-page menu-item-892\"><a href=\"https:\/\/www.cravanparis.com\/fr\/boutique\/objets\/\">Objets<\/a><\/li>\n<li id=\"menu-item-908\" class=\"menu-item menu-item-type-post_type menu-item-object-page menu-item-908\"><a href=\"https:\/\/www.cravanparis.com\/fr\/boutique\/acheter-au-bar\/\">O\u00f9 nous trouver ?<\/a><\/li>\n<\/ul><\/div>                        <\/div>\n                    <\/div>\n                <\/div>\n            <\/div>\n        <\/div>\n    \n\n                <div  class=\"cravan-bloc cravan-image-text  \" data-scroll-sticky>\n\n            <div class=\"row\">\n                <div class=\"container\">\n                    <div class=\"row align-items-start\">\n\n                        \n                            <div class=\"col-12 col-lg-6 col-xl-5 offset-xl-1 cravan__image_text_image_container\">\n\n                                <div class=\"cravan-bloc cravan-image container-fluid\">\n                                    <img decoding=\"async\" src=\"https:\/\/www.cravanparis.com\/app\/uploads\/2026\/01\/GIFTSHOP-1.jpg-683x1024.avif\" alt=\"\" class=\"img-fluid\"\/>\n                                    \n                                    \n                                <\/div>\n\n                                \n                            <\/div>\n                            <div class=\"col-12 col-lg-5 offset-lg-1 col-xl-4 cravan__image_text_text_container\">\n                                <p>Situ\u00e9e au rez-de-chauss\u00e9e du bar CRAVAN, sur le boulevard Saint-Germain, la boutique CRAVAN propose une s\u00e9lection unique d\u2019articles divers et prot\u00e9iformes.<br \/>\nRetrouvez toute la gamme de nos cocktails en bouteille CRAVAN, avec en exclusivit\u00e9 la gamme Signatures et la gamme Prestiges, seulement disponibles \u00e0 la Boutique, tout comme nos objets: verre \u00e0 d\u00e9gustation, livres Rizzoli NY, T-shirts et Teddy.<\/p>\n<p>Nos cocktails classiques (Negroni, Boulevardier et Old Fashioned) sont aussi disponibles \u00e0 la vente:<\/p>\n<p><strong>Paris, ou en ligne :\u00a0<\/strong><\/p>\n<ul>\n<li><a href=\"https:\/\/new.ventealapropriete.com\/fr\/shop-in-shop\/14978?tk=6990&amp;utm_source=MH_Cravan\"><u>Ventealapropriete<\/u><\/a><\/li>\n<li><a href=\"https:\/\/www.publicisdrugstore.com\/fr\/brand\/1161-cravan\"><u>Publicis Drugstore<\/u><\/a><\/li>\n<li><a href=\"https:\/\/www.lagrandeepicerie.com\/fr\/cocktail-cravan-negroni\/200085649000.html\"><u>La Grande \u00c9picerie de Paris<\/u><\/a><\/li>\n<li><a href=\"https:\/\/gourmet.galerieslafayette.com\/m\/cravan\/\"><u>Galeries Lafayette Haussmann<\/u><\/a><\/li>\n<li><a href=\"https:\/\/www.instagram.com\/julhesparis\/?hl=fr\"><u>Julh\u00e8s<\/u><\/a><\/li>\n<li><a href=\"https:\/\/www.whisky.fr\/catalogsearch\/result?q=cravan\"><u>La Maison du Whisky<\/u><\/a><\/li>\n<\/ul>\n<p><strong>Arcachon :<\/strong><\/p>\n<ul>\n<li><a href=\"https:\/\/maps.app.goo.gl\/J5HUUPq9idZdMRir8\"><u>Le Comptoir Arcachonnais<\/u><\/a><\/li>\n<li><a href=\"https:\/\/maps.app.goo.gl\/e7pmvWNHDAghmDwLA\"><u>Epicerie du Moulleau<\/u><\/a><\/li>\n<\/ul>\n<p><strong>Bordeaux :<\/strong><\/p>\n<ul>\n<li><a href=\"https:\/\/maps.app.goo.gl\/hcqwKmyXVaBLcF4a9\"><u>La Maison Gabin<\/u><\/a><\/li>\n<li><a href=\"https:\/\/maps.app.goo.gl\/pk19N71MNaTE6nKN8\"><u>Le comptoir Bordelais<\/u><\/a><\/li>\n<\/ul>\n<p><strong>Bayonne :\u00a0<\/strong><\/p>\n<ul>\n<li>\n<p class=\"p1\"><a href=\"https:\/\/maps.app.goo.gl\/LR7SSuo9N1vLHZ918\"><u>Le Clan Hannibal<\/u><\/a><\/p>\n<\/li>\n<\/ul>\n<p><strong>Hendaye :\u00a0<\/strong><\/p>\n<ul>\n<li>\n<p class=\"p1\"><a href=\"https:\/\/maps.app.goo.gl\/8HJyDwcLZKskmfsW9\"><u>Cave Eguiazabal<\/u><\/a><\/p>\n<\/li>\n<\/ul>\n<p class=\"p1\">Nos cocktails sans-alcools (Tuileries et Ginger) sont \u00e9galement disponibles \u00e0 la vente:<\/p>\n<p><strong>Paris :\u00a0<\/strong><\/p>\n<ul>\n<li><a href=\"https:\/\/bcsv.fr\/\"><u>Cave BCSV<\/u><\/a><\/li>\n<li><a href=\"https:\/\/www.instagram.com\/traitdunion_cave_paris12\/?hl=en\"><u>Cave Trait D&#8217;union<\/u><\/a><\/li>\n<li><a href=\"https:\/\/www.lagrandeepicerie.com\/fr\/cocktail-cravan-negroni\/200085649000.html\"><u>La Grande \u00c9picerie de Paris<\/u><\/a><\/li>\n<li><a href=\"https:\/\/gourmet.galerieslafayette.com\/m\/cravan\/\"><u>Galeries Lafayette Haussmann<\/u><\/a><\/li>\n<li><a href=\"https:\/\/www.instagram.com\/julhesparis\/?hl=fr\"><u>Julh\u00e8s<\/u><\/a><\/li>\n<li><a href=\"https:\/\/divvino.com\/en?srsltid=AfmBOooJQHKHH5CC4ZF4q6R5U1bNBOrXnjLwELW3KoJ1RDAC8NB0p2jH\"><u>Divvino (11\u00e8me et 3\u00e8me)<\/u><\/a><\/li>\n<\/ul>\n<p><strong>Toulouse:\u00a0<\/strong><\/p>\n<ul>\n<li>\n<p class=\"p1\"><a href=\"https:\/\/www.cafe-bacquie.com\/cave.php\"><u>Caf\u00e9 Bacqui\u00e9\u00a0<\/u><\/a><\/p>\n<\/li>\n<\/ul>\n<p><strong>Fresnes:\u00a0<\/strong><\/p>\n<ul>\n<li>\n<p class=\"p1\"><a href=\"https:\/\/www.lacavedelepicurieux.fr\/\"><u>L&#8217;Epicurieux\u00a0<\/u><\/a><\/p>\n<\/li>\n<\/ul>\n                            <\/div>\n\n                        \n                    <\/div>\n\n                                    <\/div>\n            <\/div>\n\n        <\/div>\n    \n\n                <div  class=\"cravan-bloc cravan-banner-cta-container \">\n            <a href=\"https:\/\/www.cravanparis.com\/fr\/maison\/\" target=\"_self\" class=\"container-fluid cravan__banner_container h-100\" style=\"\">\n\n                <div class=\"row align-content-center justify-content-center h-100\">\n\n                    <div class=\"cravan__background_image\">\n                        <div class=\"cravan__image_container\">\n                            <div class=\"cravan-bloc cravan-image container-fluid\">\n                                <img decoding=\"async\" src=\"https:\/\/www.cravanparis.com\/app\/uploads\/2025\/12\/VLX5264-light.jpg.webp\" alt=\"\" class=\"img-fluid\"\/>\n                            <\/div>\n                        <\/div>\n                    <\/div>\n                    <div class=\"container\">\n\n                        <div class=\"cravan__banner_content row\">\n\n                            <div class=\"col-12\">\n\n                                <div class=\"row justify-content-center\">\n                                    <div class=\"col-12 text-center\">\n                                        <div class=\"cravan__title_container\">\n                                            <div class=\"cravan__title row\">\n                                                <div class=\"col\">\n                                                    Maison                                                <\/div>\n                                            <\/div>\n                                        <\/div>\n\n                                                                                    <div class=\"cravan__cta row justify-content-center\">\n                                                <div class=\"col-auto\">\n                                                    <div class=\"cravan-button-secondary\">\n                                                        D\u00e9couvrir                                                    <\/div>\n                                                <\/div>\n                                            <\/div>\n                                        \n                                    <\/div>\n                                <\/div>\n\n                            <\/div>\n\n                        <\/div>\n\n                    <\/div>\n\n                <\/div>\n            <\/a>\n        <\/div>\n    ","protected":false},"excerpt":{"rendered":"","protected":false},"author":1,"featured_media":0,"parent":13,"menu_order":0,"comment_status":"closed","ping_status":"closed","template":"","meta":{"_acf_changed":false,"inline_featured_image":false,"footnotes":""},"class_list":["post-905","page","type-page","status-publish","hentry"],"acf":[],"yoast_head":"<!-- This site is optimized with the Yoast SEO plugin v27.3 - https:\/\/yoast.com\/product\/yoast-seo-wordpress\/ -->\n<title>O\u00f9 nous trouver ? - CRAVAN - Cocktail Bar - Paris 6<\/title>\n<meta name=\"description\" content=\"D\u00e9couvrez tous les lieux o\u00f9 acheter nos diff\u00e9rent cocktails.\" \/>\n<meta name=\"robots\" content=\"index, follow, max-snippet:-1, max-image-preview:large, max-video-preview:-1\" \/>\n<link rel=\"canonical\" href=\"https:\/\/www.cravanparis.com\/fr\/boutique\/acheter-au-bar\/\" \/>\n<meta property=\"og:locale\" content=\"fr_FR\" \/>\n<meta property=\"og:type\" content=\"article\" \/>\n<meta property=\"og:title\" content=\"O\u00f9 nous trouver ? - CRAVAN - Cocktail Bar - Paris 6\" \/>\n<meta property=\"og:description\" content=\"D\u00e9couvrez tous les lieux o\u00f9 acheter nos diff\u00e9rent cocktails.\" \/>\n<meta property=\"og:url\" content=\"https:\/\/www.cravanparis.com\/fr\/boutique\/acheter-au-bar\/\" \/>\n<meta property=\"og:site_name\" content=\"CRAVAN - Cocktail Bar - Paris 6\" \/>\n<meta property=\"article:modified_time\" content=\"2026-04-13T10:25:10+00:00\" \/>\n<meta name=\"twitter:card\" content=\"summary_large_image\" \/>\n<script type=\"application\/ld+json\" class=\"yoast-schema-graph\">{\"@context\":\"https:\\\/\\\/schema.org\",\"@graph\":[{\"@type\":\"WebPage\",\"@id\":\"https:\\\/\\\/www.cravanparis.com\\\/fr\\\/boutique\\\/acheter-au-bar\\\/\",\"url\":\"https:\\\/\\\/www.cravanparis.com\\\/fr\\\/boutique\\\/acheter-au-bar\\\/\",\"name\":\"O\u00f9 nous trouver ? - CRAVAN - Cocktail Bar - Paris 6\",\"isPartOf\":{\"@id\":\"https:\\\/\\\/www.cravanparis.com\\\/fr\\\/#website\"},\"datePublished\":\"2026-01-19T14:30:13+00:00\",\"dateModified\":\"2026-04-13T10:25:10+00:00\",\"description\":\"D\u00e9couvrez tous les lieux o\u00f9 acheter nos diff\u00e9rent cocktails.\",\"breadcrumb\":{\"@id\":\"https:\\\/\\\/www.cravanparis.com\\\/fr\\\/boutique\\\/acheter-au-bar\\\/#breadcrumb\"},\"inLanguage\":\"fr-FR\",\"potentialAction\":[{\"@type\":\"ReadAction\",\"target\":[\"https:\\\/\\\/www.cravanparis.com\\\/fr\\\/boutique\\\/acheter-au-bar\\\/\"]}]},{\"@type\":\"BreadcrumbList\",\"@id\":\"https:\\\/\\\/www.cravanparis.com\\\/fr\\\/boutique\\\/acheter-au-bar\\\/#breadcrumb\",\"itemListElement\":[{\"@type\":\"ListItem\",\"position\":1,\"name\":\"Home\",\"item\":\"https:\\\/\\\/www.cravanparis.com\\\/fr\\\/\"},{\"@type\":\"ListItem\",\"position\":2,\"name\":\"Boutique\",\"item\":\"https:\\\/\\\/www.cravanparis.com\\\/fr\\\/boutique\\\/\"},{\"@type\":\"ListItem\",\"position\":3,\"name\":\"O\u00f9 nous trouver ?\"}]},{\"@type\":\"WebSite\",\"@id\":\"https:\\\/\\\/www.cravanparis.com\\\/fr\\\/#website\",\"url\":\"https:\\\/\\\/www.cravanparis.com\\\/fr\\\/\",\"name\":\"CRAVAN - Cocktail Bar - Paris 6\",\"description\":\"CRAVAN, bar \u00e0 cocktails dans le 6\u00e8 arrondissement de Paris, au c\u0153ur du quartier litt\u00e9raire de Saint-Germain-des-Pr\u00e9s. Suivez-nous sur @cravanparis.\",\"publisher\":{\"@id\":\"https:\\\/\\\/www.cravanparis.com\\\/fr\\\/#organization\"},\"potentialAction\":[{\"@type\":\"SearchAction\",\"target\":{\"@type\":\"EntryPoint\",\"urlTemplate\":\"https:\\\/\\\/www.cravanparis.com\\\/fr\\\/?s={search_term_string}\"},\"query-input\":{\"@type\":\"PropertyValueSpecification\",\"valueRequired\":true,\"valueName\":\"search_term_string\"}}],\"inLanguage\":\"fr-FR\"},{\"@type\":\"Organization\",\"@id\":\"https:\\\/\\\/www.cravanparis.com\\\/fr\\\/#organization\",\"name\":\"CRAVAN - Cocktail Bar - Paris 6\",\"url\":\"https:\\\/\\\/www.cravanparis.com\\\/fr\\\/\",\"logo\":{\"@type\":\"ImageObject\",\"inLanguage\":\"fr-FR\",\"@id\":\"https:\\\/\\\/www.cravanparis.com\\\/fr\\\/#\\\/schema\\\/logo\\\/image\\\/\",\"url\":\"https:\\\/\\\/www.cravanparis.com\\\/app\\\/uploads\\\/2026\\\/03\\\/cravan.svg\",\"contentUrl\":\"https:\\\/\\\/www.cravanparis.com\\\/app\\\/uploads\\\/2026\\\/03\\\/cravan.svg\",\"width\":1296,\"height\":357,\"caption\":\"CRAVAN - Cocktail Bar - Paris 6\"},\"image\":{\"@id\":\"https:\\\/\\\/www.cravanparis.com\\\/fr\\\/#\\\/schema\\\/logo\\\/image\\\/\"},\"sameAs\":[\"https:\\\/\\\/www.instagram.com\\\/cravanparis\\\/\"]}]}<\/script>\n<!-- \/ Yoast SEO plugin. -->","yoast_head_json":{"title":"O\u00f9 nous trouver ? - CRAVAN - Cocktail Bar - Paris 6","description":"D\u00e9couvrez tous les lieux o\u00f9 acheter nos diff\u00e9rent cocktails.","robots":{"index":"index","follow":"follow","max-snippet":"max-snippet:-1","max-image-preview":"max-image-preview:large","max-video-preview":"max-video-preview:-1"},"canonical":"https:\/\/www.cravanparis.com\/fr\/boutique\/acheter-au-bar\/","og_locale":"fr_FR","og_type":"article","og_title":"O\u00f9 nous trouver ? - CRAVAN - Cocktail Bar - Paris 6","og_description":"D\u00e9couvrez tous les lieux o\u00f9 acheter nos diff\u00e9rent cocktails.","og_url":"https:\/\/www.cravanparis.com\/fr\/boutique\/acheter-au-bar\/","og_site_name":"CRAVAN - Cocktail Bar - Paris 6","article_modified_time":"2026-04-13T10:25:10+00:00","twitter_card":"summary_large_image","schema":{"@context":"https:\/\/schema.org","@graph":[{"@type":"WebPage","@id":"https:\/\/www.cravanparis.com\/fr\/boutique\/acheter-au-bar\/","url":"https:\/\/www.cravanparis.com\/fr\/boutique\/acheter-au-bar\/","name":"O\u00f9 nous trouver ? - CRAVAN - Cocktail Bar - Paris 6","isPartOf":{"@id":"https:\/\/www.cravanparis.com\/fr\/#website"},"datePublished":"2026-01-19T14:30:13+00:00","dateModified":"2026-04-13T10:25:10+00:00","description":"D\u00e9couvrez tous les lieux o\u00f9 acheter nos diff\u00e9rent cocktails.","breadcrumb":{"@id":"https:\/\/www.cravanparis.com\/fr\/boutique\/acheter-au-bar\/#breadcrumb"},"inLanguage":"fr-FR","potentialAction":[{"@type":"ReadAction","target":["https:\/\/www.cravanparis.com\/fr\/boutique\/acheter-au-bar\/"]}]},{"@type":"BreadcrumbList","@id":"https:\/\/www.cravanparis.com\/fr\/boutique\/acheter-au-bar\/#breadcrumb","itemListElement":[{"@type":"ListItem","position":1,"name":"Home","item":"https:\/\/www.cravanparis.com\/fr\/"},{"@type":"ListItem","position":2,"name":"Boutique","item":"https:\/\/www.cravanparis.com\/fr\/boutique\/"},{"@type":"ListItem","position":3,"name":"O\u00f9 nous trouver ?"}]},{"@type":"WebSite","@id":"https:\/\/www.cravanparis.com\/fr\/#website","url":"https:\/\/www.cravanparis.com\/fr\/","name":"CRAVAN - Cocktail Bar - Paris 6","description":"CRAVAN, bar \u00e0 cocktails dans le 6\u00e8 arrondissement de Paris, au c\u0153ur du quartier litt\u00e9raire de Saint-Germain-des-Pr\u00e9s. Suivez-nous sur @cravanparis.","publisher":{"@id":"https:\/\/www.cravanparis.com\/fr\/#organization"},"potentialAction":[{"@type":"SearchAction","target":{"@type":"EntryPoint","urlTemplate":"https:\/\/www.cravanparis.com\/fr\/?s={search_term_string}"},"query-input":{"@type":"PropertyValueSpecification","valueRequired":true,"valueName":"search_term_string"}}],"inLanguage":"fr-FR"},{"@type":"Organization","@id":"https:\/\/www.cravanparis.com\/fr\/#organization","name":"CRAVAN - Cocktail Bar - Paris 6","url":"https:\/\/www.cravanparis.com\/fr\/","logo":{"@type":"ImageObject","inLanguage":"fr-FR","@id":"https:\/\/www.cravanparis.com\/fr\/#\/schema\/logo\/image\/","url":"https:\/\/www.cravanparis.com\/app\/uploads\/2026\/03\/cravan.svg","contentUrl":"https:\/\/www.cravanparis.com\/app\/uploads\/2026\/03\/cravan.svg","width":1296,"height":357,"caption":"CRAVAN - Cocktail Bar - Paris 6"},"image":{"@id":"https:\/\/www.cravanparis.com\/fr\/#\/schema\/logo\/image\/"},"sameAs":["https:\/\/www.instagram.com\/cravanparis\/"]}]}},"_links":{"self":[{"href":"https:\/\/www.cravanparis.com\/fr\/wp-json\/wp\/v2\/pages\/905","targetHints":{"allow":["GET"]}}],"collection":[{"href":"https:\/\/www.cravanparis.com\/fr\/wp-json\/wp\/v2\/pages"}],"about":[{"href":"https:\/\/www.cravanparis.com\/fr\/wp-json\/wp\/v2\/types\/page"}],"author":[{"embeddable":true,"href":"https:\/\/www.cravanparis.com\/fr\/wp-json\/wp\/v2\/users\/1"}],"replies":[{"embeddable":true,"href":"https:\/\/www.cravanparis.com\/fr\/wp-json\/wp\/v2\/comments?post=905"}],"version-history":[{"count":4,"href":"https:\/\/www.cravanparis.com\/fr\/wp-json\/wp\/v2\/pages\/905\/revisions"}],"predecessor-version":[{"id":912,"href":"https:\/\/www.cravanparis.com\/fr\/wp-json\/wp\/v2\/pages\/905\/revisions\/912"}],"up":[{"embeddable":true,"href":"https:\/\/www.cravanparis.com\/fr\/wp-json\/wp\/v2\/pages\/13"}],"wp:attachment":[{"href":"https:\/\/www.cravanparis.com\/fr\/wp-json\/wp\/v2\/media?parent=905"}],"curies":[{"name":"wp","href":"https:\/\/api.w.org\/{rel}","templated":true}]}}