{"id":821,"date":"2026-01-09T15:44:59","date_gmt":"2026-01-09T14:44:59","guid":{"rendered":"https:\/\/www.cravanparis.com\/fr\/?post_type=product&#038;p=821"},"modified":"2026-03-30T19:54:53","modified_gmt":"2026-03-30T17:54:53","slug":"negroni","status":"publish","type":"product","link":"https:\/\/www.cravanparis.com\/fr\/boutique\/cocktails-en-bouteille\/les-classiques\/negroni\/","title":{"rendered":"Negroni"},"content":{"rendered":"<p><em><strong>London Dry Gin CARAVAN, vermouth sec ou doux, bitter<\/strong><\/em><\/p>\n<p><strong>21% vol.<\/strong><\/p>\n<p class=\"p1\">Notre version du classique des classiques auquel nous avons ajout\u00e9, \u00e0 part \u00e9gale de Gin, une part de Vermouth sec, tout en gardant la structure originale du cocktail.<\/p>\n<p class=\"p1\">Ce Dry Vermouth associ\u00e9 \u00e0 un London Dry Gin d\u00e9velopp\u00e9 sp\u00e9cialement et exclusivement pour et par CRAVAN offre un Negroni plus sec, et plus l\u00e9ger aromatiquement que sa version classique tout en restant parfaitement \u00e9quilibr\u00e9.<\/p>\n<p class=\"p1\">Id\u00e9ale pour l\u2019ap\u00e9ritif, cette version CRAVAN du Negroni n\u2019alourdit pas le palais, elle cr\u00e9\u00e9 au contraire l\u2019app\u00e9tence afin de pourvoir poursuivre le repas au champagne ou au vin sans inconv\u00e9nient.<\/p>\n<p><strong>Contenance :<\/strong> 200ml \/ 500ml<\/p>\n","protected":false},"excerpt":{"rendered":"<p>London Dry Gin CARAVAN, vermouth sec ou doux, bitter 21% vol. Notre version du classique des classiques auquel nous avons ajout\u00e9, \u00e0 part \u00e9gale de Gin, une part de Vermouth sec, tout en gardant la structure originale du cocktail. Ce Dry Vermouth associ\u00e9 \u00e0 un London Dry Gin d\u00e9velopp\u00e9 sp\u00e9cialement et exclusivement pour et par [&hellip;]<\/p>\n","protected":false},"featured_media":1722,"template":"","meta":{"_acf_changed":false,"inline_featured_image":false},"product_brand":[],"product_cat":[35,37],"product_tag":[],"class_list":{"0":"post-821","1":"product","2":"type-product","3":"status-publish","4":"has-post-thumbnail","6":"product_cat-cocktails-en-bouteille","7":"product_cat-les-classiques","9":"first","10":"instock","11":"shipping-taxable","12":"purchasable","13":"product-type-simple"},"acf":[],"yoast_head":"<!-- This site is optimized with the Yoast SEO plugin v27.3 - https:\/\/yoast.com\/product\/yoast-seo-wordpress\/ -->\n<title>Negroni - CRAVAN - Cocktail Bar - Paris 6<\/title>\n<meta name=\"robots\" content=\"index, follow, max-snippet:-1, max-image-preview:large, max-video-preview:-1\" \/>\n<link rel=\"canonical\" href=\"https:\/\/www.cravanparis.com\/fr\/boutique\/cocktails-en-bouteille\/les-classiques\/negroni\/\" \/>\n<meta property=\"og:locale\" content=\"fr_FR\" \/>\n<meta property=\"og:type\" content=\"article\" \/>\n<meta property=\"og:title\" content=\"Negroni - CRAVAN - Cocktail Bar - Paris 6\" \/>\n<meta property=\"og:description\" content=\"London Dry Gin CARAVAN, vermouth sec ou doux, bitter 21% vol. Notre version du classique des classiques auquel nous avons ajout\u00e9, \u00e0 part \u00e9gale de Gin, une part de Vermouth sec, tout en gardant la structure originale du cocktail. Ce Dry Vermouth associ\u00e9 \u00e0 un London Dry Gin d\u00e9velopp\u00e9 sp\u00e9cialement et exclusivement pour et par [&hellip;]\" \/>\n<meta property=\"og:url\" content=\"https:\/\/www.cravanparis.com\/fr\/boutique\/cocktails-en-bouteille\/les-classiques\/negroni\/\" \/>\n<meta property=\"og:site_name\" content=\"CRAVAN - Cocktail Bar - Paris 6\" \/>\n<meta property=\"article:modified_time\" content=\"2026-03-30T17:54:53+00:00\" \/>\n<meta property=\"og:image\" content=\"https:\/\/www.cravanparis.com\/app\/uploads\/2026\/01\/Cravan-Bouteilles-NewDesign-Negroni-Front.png\" \/>\n\t<meta property=\"og:image:width\" content=\"1080\" \/>\n\t<meta property=\"og:image:height\" content=\"1920\" \/>\n\t<meta property=\"og:image:type\" content=\"image\/png\" \/>\n<meta name=\"twitter:card\" content=\"summary_large_image\" \/>\n<meta name=\"twitter:label1\" content=\"Dur\u00e9e de lecture estim\u00e9e\" \/>\n\t<meta name=\"twitter:data1\" content=\"1 minute\" \/>\n<script type=\"application\/ld+json\" class=\"yoast-schema-graph\">{\"@context\":\"https:\\\/\\\/schema.org\",\"@graph\":[{\"@type\":\"WebPage\",\"@id\":\"https:\\\/\\\/www.cravanparis.com\\\/fr\\\/boutique\\\/cocktails-en-bouteille\\\/les-classiques\\\/negroni\\\/\",\"url\":\"https:\\\/\\\/www.cravanparis.com\\\/fr\\\/boutique\\\/cocktails-en-bouteille\\\/les-classiques\\\/negroni\\\/\",\"name\":\"Negroni - CRAVAN - Cocktail Bar - Paris 6\",\"isPartOf\":{\"@id\":\"https:\\\/\\\/www.cravanparis.com\\\/fr\\\/#website\"},\"primaryImageOfPage\":{\"@id\":\"https:\\\/\\\/www.cravanparis.com\\\/fr\\\/boutique\\\/cocktails-en-bouteille\\\/les-classiques\\\/negroni\\\/#primaryimage\"},\"image\":{\"@id\":\"https:\\\/\\\/www.cravanparis.com\\\/fr\\\/boutique\\\/cocktails-en-bouteille\\\/les-classiques\\\/negroni\\\/#primaryimage\"},\"thumbnailUrl\":\"https:\\\/\\\/www.cravanparis.com\\\/app\\\/uploads\\\/2026\\\/01\\\/Cravan-Bouteilles-NewDesign-Negroni-Front.png\",\"datePublished\":\"2026-01-09T14:44:59+00:00\",\"dateModified\":\"2026-03-30T17:54:53+00:00\",\"breadcrumb\":{\"@id\":\"https:\\\/\\\/www.cravanparis.com\\\/fr\\\/boutique\\\/cocktails-en-bouteille\\\/les-classiques\\\/negroni\\\/#breadcrumb\"},\"inLanguage\":\"fr-FR\",\"potentialAction\":[{\"@type\":\"ReadAction\",\"target\":[\"https:\\\/\\\/www.cravanparis.com\\\/fr\\\/boutique\\\/cocktails-en-bouteille\\\/les-classiques\\\/negroni\\\/\"]}]},{\"@type\":\"ImageObject\",\"inLanguage\":\"fr-FR\",\"@id\":\"https:\\\/\\\/www.cravanparis.com\\\/fr\\\/boutique\\\/cocktails-en-bouteille\\\/les-classiques\\\/negroni\\\/#primaryimage\",\"url\":\"https:\\\/\\\/www.cravanparis.com\\\/app\\\/uploads\\\/2026\\\/01\\\/Cravan-Bouteilles-NewDesign-Negroni-Front.png\",\"contentUrl\":\"https:\\\/\\\/www.cravanparis.com\\\/app\\\/uploads\\\/2026\\\/01\\\/Cravan-Bouteilles-NewDesign-Negroni-Front.png\",\"width\":1080,\"height\":1920},{\"@type\":\"BreadcrumbList\",\"@id\":\"https:\\\/\\\/www.cravanparis.com\\\/fr\\\/boutique\\\/cocktails-en-bouteille\\\/les-classiques\\\/negroni\\\/#breadcrumb\",\"itemListElement\":[{\"@type\":\"ListItem\",\"position\":1,\"name\":\"Home\",\"item\":\"https:\\\/\\\/www.cravanparis.com\\\/fr\\\/\"},{\"@type\":\"ListItem\",\"position\":2,\"name\":\"Negroni\"}]},{\"@type\":\"WebSite\",\"@id\":\"https:\\\/\\\/www.cravanparis.com\\\/fr\\\/#website\",\"url\":\"https:\\\/\\\/www.cravanparis.com\\\/fr\\\/\",\"name\":\"CRAVAN - Cocktail Bar - Paris 6\",\"description\":\"CRAVAN, bar \u00e0 cocktails dans le 6\u00e8 arrondissement de Paris, au c\u0153ur du quartier litt\u00e9raire de Saint-Germain-des-Pr\u00e9s. Suivez-nous sur @cravanparis.\",\"publisher\":{\"@id\":\"https:\\\/\\\/www.cravanparis.com\\\/fr\\\/#organization\"},\"potentialAction\":[{\"@type\":\"SearchAction\",\"target\":{\"@type\":\"EntryPoint\",\"urlTemplate\":\"https:\\\/\\\/www.cravanparis.com\\\/fr\\\/?s={search_term_string}\"},\"query-input\":{\"@type\":\"PropertyValueSpecification\",\"valueRequired\":true,\"valueName\":\"search_term_string\"}}],\"inLanguage\":\"fr-FR\"},{\"@type\":\"Organization\",\"@id\":\"https:\\\/\\\/www.cravanparis.com\\\/fr\\\/#organization\",\"name\":\"CRAVAN - Cocktail Bar - Paris 6\",\"url\":\"https:\\\/\\\/www.cravanparis.com\\\/fr\\\/\",\"logo\":{\"@type\":\"ImageObject\",\"inLanguage\":\"fr-FR\",\"@id\":\"https:\\\/\\\/www.cravanparis.com\\\/fr\\\/#\\\/schema\\\/logo\\\/image\\\/\",\"url\":\"https:\\\/\\\/www.cravanparis.com\\\/app\\\/uploads\\\/2026\\\/03\\\/cravan.svg\",\"contentUrl\":\"https:\\\/\\\/www.cravanparis.com\\\/app\\\/uploads\\\/2026\\\/03\\\/cravan.svg\",\"width\":1296,\"height\":357,\"caption\":\"CRAVAN - Cocktail Bar - Paris 6\"},\"image\":{\"@id\":\"https:\\\/\\\/www.cravanparis.com\\\/fr\\\/#\\\/schema\\\/logo\\\/image\\\/\"},\"sameAs\":[\"https:\\\/\\\/www.instagram.com\\\/cravanparis\\\/\"]}]}<\/script>\n<!-- \/ Yoast SEO plugin. -->","yoast_head_json":{"title":"Negroni - CRAVAN - Cocktail Bar - Paris 6","robots":{"index":"index","follow":"follow","max-snippet":"max-snippet:-1","max-image-preview":"max-image-preview:large","max-video-preview":"max-video-preview:-1"},"canonical":"https:\/\/www.cravanparis.com\/fr\/boutique\/cocktails-en-bouteille\/les-classiques\/negroni\/","og_locale":"fr_FR","og_type":"article","og_title":"Negroni - CRAVAN - Cocktail Bar - Paris 6","og_description":"London Dry Gin CARAVAN, vermouth sec ou doux, bitter 21% vol. Notre version du classique des classiques auquel nous avons ajout\u00e9, \u00e0 part \u00e9gale de Gin, une part de Vermouth sec, tout en gardant la structure originale du cocktail. Ce Dry Vermouth associ\u00e9 \u00e0 un London Dry Gin d\u00e9velopp\u00e9 sp\u00e9cialement et exclusivement pour et par [&hellip;]","og_url":"https:\/\/www.cravanparis.com\/fr\/boutique\/cocktails-en-bouteille\/les-classiques\/negroni\/","og_site_name":"CRAVAN - Cocktail Bar - Paris 6","article_modified_time":"2026-03-30T17:54:53+00:00","og_image":[{"width":1080,"height":1920,"url":"https:\/\/www.cravanparis.com\/app\/uploads\/2026\/01\/Cravan-Bouteilles-NewDesign-Negroni-Front.png","type":"image\/png"}],"twitter_card":"summary_large_image","twitter_misc":{"Dur\u00e9e de lecture estim\u00e9e":"1 minute"},"schema":{"@context":"https:\/\/schema.org","@graph":[{"@type":"WebPage","@id":"https:\/\/www.cravanparis.com\/fr\/boutique\/cocktails-en-bouteille\/les-classiques\/negroni\/","url":"https:\/\/www.cravanparis.com\/fr\/boutique\/cocktails-en-bouteille\/les-classiques\/negroni\/","name":"Negroni - CRAVAN - Cocktail Bar - Paris 6","isPartOf":{"@id":"https:\/\/www.cravanparis.com\/fr\/#website"},"primaryImageOfPage":{"@id":"https:\/\/www.cravanparis.com\/fr\/boutique\/cocktails-en-bouteille\/les-classiques\/negroni\/#primaryimage"},"image":{"@id":"https:\/\/www.cravanparis.com\/fr\/boutique\/cocktails-en-bouteille\/les-classiques\/negroni\/#primaryimage"},"thumbnailUrl":"https:\/\/www.cravanparis.com\/app\/uploads\/2026\/01\/Cravan-Bouteilles-NewDesign-Negroni-Front.png","datePublished":"2026-01-09T14:44:59+00:00","dateModified":"2026-03-30T17:54:53+00:00","breadcrumb":{"@id":"https:\/\/www.cravanparis.com\/fr\/boutique\/cocktails-en-bouteille\/les-classiques\/negroni\/#breadcrumb"},"inLanguage":"fr-FR","potentialAction":[{"@type":"ReadAction","target":["https:\/\/www.cravanparis.com\/fr\/boutique\/cocktails-en-bouteille\/les-classiques\/negroni\/"]}]},{"@type":"ImageObject","inLanguage":"fr-FR","@id":"https:\/\/www.cravanparis.com\/fr\/boutique\/cocktails-en-bouteille\/les-classiques\/negroni\/#primaryimage","url":"https:\/\/www.cravanparis.com\/app\/uploads\/2026\/01\/Cravan-Bouteilles-NewDesign-Negroni-Front.png","contentUrl":"https:\/\/www.cravanparis.com\/app\/uploads\/2026\/01\/Cravan-Bouteilles-NewDesign-Negroni-Front.png","width":1080,"height":1920},{"@type":"BreadcrumbList","@id":"https:\/\/www.cravanparis.com\/fr\/boutique\/cocktails-en-bouteille\/les-classiques\/negroni\/#breadcrumb","itemListElement":[{"@type":"ListItem","position":1,"name":"Home","item":"https:\/\/www.cravanparis.com\/fr\/"},{"@type":"ListItem","position":2,"name":"Negroni"}]},{"@type":"WebSite","@id":"https:\/\/www.cravanparis.com\/fr\/#website","url":"https:\/\/www.cravanparis.com\/fr\/","name":"CRAVAN - Cocktail Bar - Paris 6","description":"CRAVAN, bar \u00e0 cocktails dans le 6\u00e8 arrondissement de Paris, au c\u0153ur du quartier litt\u00e9raire de Saint-Germain-des-Pr\u00e9s. Suivez-nous sur @cravanparis.","publisher":{"@id":"https:\/\/www.cravanparis.com\/fr\/#organization"},"potentialAction":[{"@type":"SearchAction","target":{"@type":"EntryPoint","urlTemplate":"https:\/\/www.cravanparis.com\/fr\/?s={search_term_string}"},"query-input":{"@type":"PropertyValueSpecification","valueRequired":true,"valueName":"search_term_string"}}],"inLanguage":"fr-FR"},{"@type":"Organization","@id":"https:\/\/www.cravanparis.com\/fr\/#organization","name":"CRAVAN - Cocktail Bar - Paris 6","url":"https:\/\/www.cravanparis.com\/fr\/","logo":{"@type":"ImageObject","inLanguage":"fr-FR","@id":"https:\/\/www.cravanparis.com\/fr\/#\/schema\/logo\/image\/","url":"https:\/\/www.cravanparis.com\/app\/uploads\/2026\/03\/cravan.svg","contentUrl":"https:\/\/www.cravanparis.com\/app\/uploads\/2026\/03\/cravan.svg","width":1296,"height":357,"caption":"CRAVAN - Cocktail Bar - Paris 6"},"image":{"@id":"https:\/\/www.cravanparis.com\/fr\/#\/schema\/logo\/image\/"},"sameAs":["https:\/\/www.instagram.com\/cravanparis\/"]}]}},"_links":{"self":[{"href":"https:\/\/www.cravanparis.com\/fr\/wp-json\/wp\/v2\/product\/821","targetHints":{"allow":["GET"]}}],"collection":[{"href":"https:\/\/www.cravanparis.com\/fr\/wp-json\/wp\/v2\/product"}],"about":[{"href":"https:\/\/www.cravanparis.com\/fr\/wp-json\/wp\/v2\/types\/product"}],"wp:featuredmedia":[{"embeddable":true,"href":"https:\/\/www.cravanparis.com\/fr\/wp-json\/wp\/v2\/media\/1722"}],"wp:attachment":[{"href":"https:\/\/www.cravanparis.com\/fr\/wp-json\/wp\/v2\/media?parent=821"}],"wp:term":[{"taxonomy":"product_brand","embeddable":true,"href":"https:\/\/www.cravanparis.com\/fr\/wp-json\/wp\/v2\/product_brand?post=821"},{"taxonomy":"product_cat","embeddable":true,"href":"https:\/\/www.cravanparis.com\/fr\/wp-json\/wp\/v2\/product_cat?post=821"},{"taxonomy":"product_tag","embeddable":true,"href":"https:\/\/www.cravanparis.com\/fr\/wp-json\/wp\/v2\/product_tag?post=821"}],"curies":[{"name":"wp","href":"https:\/\/api.w.org\/{rel}","templated":true}]}}