{"id":833,"date":"2026-01-12T10:10:26","date_gmt":"2026-01-12T09:10:26","guid":{"rendered":"https:\/\/www.cravanparis.com\/fr\/?post_type=product&#038;p=833"},"modified":"2026-03-30T15:40:41","modified_gmt":"2026-03-30T13:40:41","slug":"quince-margarita","status":"publish","type":"product","link":"https:\/\/www.cravanparis.com\/fr\/boutique\/cocktails-en-bouteille\/les-classiques\/quince-margarita\/","title":{"rendered":"Quince Margarita"},"content":{"rendered":"<p class=\"p1\"><em><strong>Tequila Volcan Blanco, liqueur de coing, sirop d\u2019agave, jus de citron\u00a0<\/strong><\/em><\/p>\n<p class=\"p1\"><strong>18% vol.<\/strong><\/p>\n<p class=\"p1\">Construit comme une margarita, l\u2019alliance de la rusticit\u00e9 du coing \u00e0 la Tequila Volcan Blanco apporte une puissance aromatique exceptionnelle \u00e0 ce cocktail. Il s\u2019agit bien ici d\u2019une question de terroir, celui de la Tequila, dont le sirop d\u2019agave vient souligner la complexit\u00e9.<\/p>\n<p class=\"p1\">L\u2019aromatique et la fra\u00eecheur de l\u2019agave bleue viennent rencontrer la rusticit\u00e9 de la liqueur de coing. Accentu\u00e9 par la fra\u00eecheur du citron qui vient ici souligner les notes d\u2019agrumes pr\u00e9sentes dans la tequila Volcan Blanco.<\/p>\n<p><strong>Contenance :<\/strong> 200ml \/ 500ml<\/p>\n","protected":false},"excerpt":{"rendered":"<p>Tequila Volcan Blanco, liqueur de coing, sirop d\u2019agave, jus de citron\u00a0 18% vol. Construit comme une margarita, l\u2019alliance de la rusticit\u00e9 du coing \u00e0 la Tequila Volcan Blanco apporte une puissance aromatique exceptionnelle \u00e0 ce cocktail. Il s\u2019agit bien ici d\u2019une question de terroir, celui de la Tequila, dont le sirop d\u2019agave vient souligner la [&hellip;]<\/p>\n","protected":false},"featured_media":1714,"template":"","meta":{"_acf_changed":false,"inline_featured_image":false},"product_brand":[],"product_cat":[35,37],"product_tag":[],"class_list":{"0":"post-833","1":"product","2":"type-product","3":"status-publish","4":"has-post-thumbnail","6":"product_cat-cocktails-en-bouteille","7":"product_cat-les-classiques","9":"first","10":"instock","11":"shipping-taxable","12":"purchasable","13":"product-type-simple"},"acf":[],"yoast_head":"<!-- This site is optimized with the Yoast SEO plugin v27.3 - https:\/\/yoast.com\/product\/yoast-seo-wordpress\/ -->\n<title>Quince Margarita - CRAVAN - Cocktail Bar - Paris 6<\/title>\n<meta name=\"robots\" content=\"index, follow, max-snippet:-1, max-image-preview:large, max-video-preview:-1\" \/>\n<link rel=\"canonical\" href=\"https:\/\/www.cravanparis.com\/fr\/boutique\/cocktails-en-bouteille\/les-classiques\/quince-margarita\/\" \/>\n<meta property=\"og:locale\" content=\"fr_FR\" \/>\n<meta property=\"og:type\" content=\"article\" \/>\n<meta property=\"og:title\" content=\"Quince Margarita - CRAVAN - Cocktail Bar - Paris 6\" \/>\n<meta property=\"og:description\" content=\"Tequila Volcan Blanco, liqueur de coing, sirop d\u2019agave, jus de citron\u00a0 18% vol. Construit comme une margarita, l\u2019alliance de la rusticit\u00e9 du coing \u00e0 la Tequila Volcan Blanco apporte une puissance aromatique exceptionnelle \u00e0 ce cocktail. Il s\u2019agit bien ici d\u2019une question de terroir, celui de la Tequila, dont le sirop d\u2019agave vient souligner la [&hellip;]\" \/>\n<meta property=\"og:url\" content=\"https:\/\/www.cravanparis.com\/fr\/boutique\/cocktails-en-bouteille\/les-classiques\/quince-margarita\/\" \/>\n<meta property=\"og:site_name\" content=\"CRAVAN - Cocktail Bar - Paris 6\" \/>\n<meta property=\"article:modified_time\" content=\"2026-03-30T13:40:41+00:00\" \/>\n<meta property=\"og:image\" content=\"https:\/\/www.cravanparis.com\/app\/uploads\/2026\/01\/Cravan-Bouteilles-NewDesign-QuinceMargarita-Front.png\" \/>\n\t<meta property=\"og:image:width\" content=\"1080\" \/>\n\t<meta property=\"og:image:height\" content=\"1920\" \/>\n\t<meta property=\"og:image:type\" content=\"image\/png\" \/>\n<meta name=\"twitter:card\" content=\"summary_large_image\" \/>\n<meta name=\"twitter:label1\" content=\"Dur\u00e9e de lecture estim\u00e9e\" \/>\n\t<meta name=\"twitter:data1\" content=\"1 minute\" \/>\n<script type=\"application\/ld+json\" class=\"yoast-schema-graph\">{\"@context\":\"https:\\\/\\\/schema.org\",\"@graph\":[{\"@type\":\"WebPage\",\"@id\":\"https:\\\/\\\/www.cravanparis.com\\\/fr\\\/boutique\\\/cocktails-en-bouteille\\\/les-classiques\\\/quince-margarita\\\/\",\"url\":\"https:\\\/\\\/www.cravanparis.com\\\/fr\\\/boutique\\\/cocktails-en-bouteille\\\/les-classiques\\\/quince-margarita\\\/\",\"name\":\"Quince Margarita - CRAVAN - Cocktail Bar - Paris 6\",\"isPartOf\":{\"@id\":\"https:\\\/\\\/www.cravanparis.com\\\/fr\\\/#website\"},\"primaryImageOfPage\":{\"@id\":\"https:\\\/\\\/www.cravanparis.com\\\/fr\\\/boutique\\\/cocktails-en-bouteille\\\/les-classiques\\\/quince-margarita\\\/#primaryimage\"},\"image\":{\"@id\":\"https:\\\/\\\/www.cravanparis.com\\\/fr\\\/boutique\\\/cocktails-en-bouteille\\\/les-classiques\\\/quince-margarita\\\/#primaryimage\"},\"thumbnailUrl\":\"https:\\\/\\\/www.cravanparis.com\\\/app\\\/uploads\\\/2026\\\/01\\\/Cravan-Bouteilles-NewDesign-QuinceMargarita-Front.png\",\"datePublished\":\"2026-01-12T09:10:26+00:00\",\"dateModified\":\"2026-03-30T13:40:41+00:00\",\"breadcrumb\":{\"@id\":\"https:\\\/\\\/www.cravanparis.com\\\/fr\\\/boutique\\\/cocktails-en-bouteille\\\/les-classiques\\\/quince-margarita\\\/#breadcrumb\"},\"inLanguage\":\"fr-FR\",\"potentialAction\":[{\"@type\":\"ReadAction\",\"target\":[\"https:\\\/\\\/www.cravanparis.com\\\/fr\\\/boutique\\\/cocktails-en-bouteille\\\/les-classiques\\\/quince-margarita\\\/\"]}]},{\"@type\":\"ImageObject\",\"inLanguage\":\"fr-FR\",\"@id\":\"https:\\\/\\\/www.cravanparis.com\\\/fr\\\/boutique\\\/cocktails-en-bouteille\\\/les-classiques\\\/quince-margarita\\\/#primaryimage\",\"url\":\"https:\\\/\\\/www.cravanparis.com\\\/app\\\/uploads\\\/2026\\\/01\\\/Cravan-Bouteilles-NewDesign-QuinceMargarita-Front.png\",\"contentUrl\":\"https:\\\/\\\/www.cravanparis.com\\\/app\\\/uploads\\\/2026\\\/01\\\/Cravan-Bouteilles-NewDesign-QuinceMargarita-Front.png\",\"width\":1080,\"height\":1920},{\"@type\":\"BreadcrumbList\",\"@id\":\"https:\\\/\\\/www.cravanparis.com\\\/fr\\\/boutique\\\/cocktails-en-bouteille\\\/les-classiques\\\/quince-margarita\\\/#breadcrumb\",\"itemListElement\":[{\"@type\":\"ListItem\",\"position\":1,\"name\":\"Home\",\"item\":\"https:\\\/\\\/www.cravanparis.com\\\/fr\\\/\"},{\"@type\":\"ListItem\",\"position\":2,\"name\":\"Quince Margarita\"}]},{\"@type\":\"WebSite\",\"@id\":\"https:\\\/\\\/www.cravanparis.com\\\/fr\\\/#website\",\"url\":\"https:\\\/\\\/www.cravanparis.com\\\/fr\\\/\",\"name\":\"CRAVAN - Cocktail Bar - Paris 6\",\"description\":\"CRAVAN, bar \u00e0 cocktails dans le 6\u00e8 arrondissement de Paris, au c\u0153ur du quartier litt\u00e9raire de Saint-Germain-des-Pr\u00e9s. Suivez-nous sur @cravanparis.\",\"publisher\":{\"@id\":\"https:\\\/\\\/www.cravanparis.com\\\/fr\\\/#organization\"},\"potentialAction\":[{\"@type\":\"SearchAction\",\"target\":{\"@type\":\"EntryPoint\",\"urlTemplate\":\"https:\\\/\\\/www.cravanparis.com\\\/fr\\\/?s={search_term_string}\"},\"query-input\":{\"@type\":\"PropertyValueSpecification\",\"valueRequired\":true,\"valueName\":\"search_term_string\"}}],\"inLanguage\":\"fr-FR\"},{\"@type\":\"Organization\",\"@id\":\"https:\\\/\\\/www.cravanparis.com\\\/fr\\\/#organization\",\"name\":\"CRAVAN - Cocktail Bar - Paris 6\",\"url\":\"https:\\\/\\\/www.cravanparis.com\\\/fr\\\/\",\"logo\":{\"@type\":\"ImageObject\",\"inLanguage\":\"fr-FR\",\"@id\":\"https:\\\/\\\/www.cravanparis.com\\\/fr\\\/#\\\/schema\\\/logo\\\/image\\\/\",\"url\":\"https:\\\/\\\/www.cravanparis.com\\\/app\\\/uploads\\\/2026\\\/03\\\/cravan.svg\",\"contentUrl\":\"https:\\\/\\\/www.cravanparis.com\\\/app\\\/uploads\\\/2026\\\/03\\\/cravan.svg\",\"width\":1296,\"height\":357,\"caption\":\"CRAVAN - Cocktail Bar - Paris 6\"},\"image\":{\"@id\":\"https:\\\/\\\/www.cravanparis.com\\\/fr\\\/#\\\/schema\\\/logo\\\/image\\\/\"},\"sameAs\":[\"https:\\\/\\\/www.instagram.com\\\/cravanparis\\\/\"]}]}<\/script>\n<!-- \/ Yoast SEO plugin. -->","yoast_head_json":{"title":"Quince Margarita - CRAVAN - Cocktail Bar - Paris 6","robots":{"index":"index","follow":"follow","max-snippet":"max-snippet:-1","max-image-preview":"max-image-preview:large","max-video-preview":"max-video-preview:-1"},"canonical":"https:\/\/www.cravanparis.com\/fr\/boutique\/cocktails-en-bouteille\/les-classiques\/quince-margarita\/","og_locale":"fr_FR","og_type":"article","og_title":"Quince Margarita - CRAVAN - Cocktail Bar - Paris 6","og_description":"Tequila Volcan Blanco, liqueur de coing, sirop d\u2019agave, jus de citron\u00a0 18% vol. Construit comme une margarita, l\u2019alliance de la rusticit\u00e9 du coing \u00e0 la Tequila Volcan Blanco apporte une puissance aromatique exceptionnelle \u00e0 ce cocktail. Il s\u2019agit bien ici d\u2019une question de terroir, celui de la Tequila, dont le sirop d\u2019agave vient souligner la [&hellip;]","og_url":"https:\/\/www.cravanparis.com\/fr\/boutique\/cocktails-en-bouteille\/les-classiques\/quince-margarita\/","og_site_name":"CRAVAN - Cocktail Bar - Paris 6","article_modified_time":"2026-03-30T13:40:41+00:00","og_image":[{"width":1080,"height":1920,"url":"https:\/\/www.cravanparis.com\/app\/uploads\/2026\/01\/Cravan-Bouteilles-NewDesign-QuinceMargarita-Front.png","type":"image\/png"}],"twitter_card":"summary_large_image","twitter_misc":{"Dur\u00e9e de lecture estim\u00e9e":"1 minute"},"schema":{"@context":"https:\/\/schema.org","@graph":[{"@type":"WebPage","@id":"https:\/\/www.cravanparis.com\/fr\/boutique\/cocktails-en-bouteille\/les-classiques\/quince-margarita\/","url":"https:\/\/www.cravanparis.com\/fr\/boutique\/cocktails-en-bouteille\/les-classiques\/quince-margarita\/","name":"Quince Margarita - CRAVAN - Cocktail Bar - Paris 6","isPartOf":{"@id":"https:\/\/www.cravanparis.com\/fr\/#website"},"primaryImageOfPage":{"@id":"https:\/\/www.cravanparis.com\/fr\/boutique\/cocktails-en-bouteille\/les-classiques\/quince-margarita\/#primaryimage"},"image":{"@id":"https:\/\/www.cravanparis.com\/fr\/boutique\/cocktails-en-bouteille\/les-classiques\/quince-margarita\/#primaryimage"},"thumbnailUrl":"https:\/\/www.cravanparis.com\/app\/uploads\/2026\/01\/Cravan-Bouteilles-NewDesign-QuinceMargarita-Front.png","datePublished":"2026-01-12T09:10:26+00:00","dateModified":"2026-03-30T13:40:41+00:00","breadcrumb":{"@id":"https:\/\/www.cravanparis.com\/fr\/boutique\/cocktails-en-bouteille\/les-classiques\/quince-margarita\/#breadcrumb"},"inLanguage":"fr-FR","potentialAction":[{"@type":"ReadAction","target":["https:\/\/www.cravanparis.com\/fr\/boutique\/cocktails-en-bouteille\/les-classiques\/quince-margarita\/"]}]},{"@type":"ImageObject","inLanguage":"fr-FR","@id":"https:\/\/www.cravanparis.com\/fr\/boutique\/cocktails-en-bouteille\/les-classiques\/quince-margarita\/#primaryimage","url":"https:\/\/www.cravanparis.com\/app\/uploads\/2026\/01\/Cravan-Bouteilles-NewDesign-QuinceMargarita-Front.png","contentUrl":"https:\/\/www.cravanparis.com\/app\/uploads\/2026\/01\/Cravan-Bouteilles-NewDesign-QuinceMargarita-Front.png","width":1080,"height":1920},{"@type":"BreadcrumbList","@id":"https:\/\/www.cravanparis.com\/fr\/boutique\/cocktails-en-bouteille\/les-classiques\/quince-margarita\/#breadcrumb","itemListElement":[{"@type":"ListItem","position":1,"name":"Home","item":"https:\/\/www.cravanparis.com\/fr\/"},{"@type":"ListItem","position":2,"name":"Quince Margarita"}]},{"@type":"WebSite","@id":"https:\/\/www.cravanparis.com\/fr\/#website","url":"https:\/\/www.cravanparis.com\/fr\/","name":"CRAVAN - Cocktail Bar - Paris 6","description":"CRAVAN, bar \u00e0 cocktails dans le 6\u00e8 arrondissement de Paris, au c\u0153ur du quartier litt\u00e9raire de Saint-Germain-des-Pr\u00e9s. Suivez-nous sur @cravanparis.","publisher":{"@id":"https:\/\/www.cravanparis.com\/fr\/#organization"},"potentialAction":[{"@type":"SearchAction","target":{"@type":"EntryPoint","urlTemplate":"https:\/\/www.cravanparis.com\/fr\/?s={search_term_string}"},"query-input":{"@type":"PropertyValueSpecification","valueRequired":true,"valueName":"search_term_string"}}],"inLanguage":"fr-FR"},{"@type":"Organization","@id":"https:\/\/www.cravanparis.com\/fr\/#organization","name":"CRAVAN - Cocktail Bar - Paris 6","url":"https:\/\/www.cravanparis.com\/fr\/","logo":{"@type":"ImageObject","inLanguage":"fr-FR","@id":"https:\/\/www.cravanparis.com\/fr\/#\/schema\/logo\/image\/","url":"https:\/\/www.cravanparis.com\/app\/uploads\/2026\/03\/cravan.svg","contentUrl":"https:\/\/www.cravanparis.com\/app\/uploads\/2026\/03\/cravan.svg","width":1296,"height":357,"caption":"CRAVAN - Cocktail Bar - Paris 6"},"image":{"@id":"https:\/\/www.cravanparis.com\/fr\/#\/schema\/logo\/image\/"},"sameAs":["https:\/\/www.instagram.com\/cravanparis\/"]}]}},"_links":{"self":[{"href":"https:\/\/www.cravanparis.com\/fr\/wp-json\/wp\/v2\/product\/833","targetHints":{"allow":["GET"]}}],"collection":[{"href":"https:\/\/www.cravanparis.com\/fr\/wp-json\/wp\/v2\/product"}],"about":[{"href":"https:\/\/www.cravanparis.com\/fr\/wp-json\/wp\/v2\/types\/product"}],"wp:featuredmedia":[{"embeddable":true,"href":"https:\/\/www.cravanparis.com\/fr\/wp-json\/wp\/v2\/media\/1714"}],"wp:attachment":[{"href":"https:\/\/www.cravanparis.com\/fr\/wp-json\/wp\/v2\/media?parent=833"}],"wp:term":[{"taxonomy":"product_brand","embeddable":true,"href":"https:\/\/www.cravanparis.com\/fr\/wp-json\/wp\/v2\/product_brand?post=833"},{"taxonomy":"product_cat","embeddable":true,"href":"https:\/\/www.cravanparis.com\/fr\/wp-json\/wp\/v2\/product_cat?post=833"},{"taxonomy":"product_tag","embeddable":true,"href":"https:\/\/www.cravanparis.com\/fr\/wp-json\/wp\/v2\/product_tag?post=833"}],"curies":[{"name":"wp","href":"https:\/\/api.w.org\/{rel}","templated":true}]}}