{"id":851,"date":"2026-01-14T08:47:43","date_gmt":"2026-01-14T07:47:43","guid":{"rendered":"https:\/\/www.cravanparis.com\/fr\/?post_type=product&#038;p=851"},"modified":"2026-03-30T15:39:10","modified_gmt":"2026-03-30T13:39:10","slug":"tuileries","status":"publish","type":"product","link":"https:\/\/www.cravanparis.com\/fr\/boutique\/cocktails-en-bouteille\/les-sans-alcool\/tuileries\/","title":{"rendered":"Tuileries"},"content":{"rendered":"<p class=\"p1\"><strong>Infusion de plantes: m\u00e9lisse et orties<\/strong><\/p>\n<p class=\"p1\"><strong>0% vol.<\/strong><\/p>\n<p class=\"p1\">Tuileries est un cocktail v\u00e9g\u00e9tal dans lequel la m\u00e9lisse et l\u2019ortie rappellent des notes de th\u00e9 vert. Il r\u00e9v\u00e8le une gourmandise herbac\u00e9e.<\/p>\n<p class=\"p1\">Sans ar\u00f4mes, sans colorants, sans conservateurs et sans additifs.<\/p>\n<p><strong>Contenance<\/strong> : 500ml<\/p>\n","protected":false},"excerpt":{"rendered":"<p>Infusion de plantes: m\u00e9lisse et orties 0% vol. Tuileries est un cocktail v\u00e9g\u00e9tal dans lequel la m\u00e9lisse et l\u2019ortie rappellent des notes de th\u00e9 vert. Il r\u00e9v\u00e8le une gourmandise herbac\u00e9e. Sans ar\u00f4mes, sans colorants, sans conservateurs et sans additifs. Contenance : 500ml<\/p>\n","protected":false},"featured_media":1706,"template":"","meta":{"_acf_changed":false,"inline_featured_image":false},"product_brand":[],"product_cat":[35,36],"product_tag":[],"class_list":{"0":"post-851","1":"product","2":"type-product","3":"status-publish","4":"has-post-thumbnail","6":"product_cat-cocktails-en-bouteille","7":"product_cat-les-sans-alcool","9":"first","10":"instock","11":"shipping-taxable","12":"purchasable","13":"product-type-simple"},"acf":[],"yoast_head":"<!-- This site is optimized with the Yoast SEO plugin v27.3 - https:\/\/yoast.com\/product\/yoast-seo-wordpress\/ -->\n<title>Tuileries - CRAVAN - Cocktail Bar - Paris 6<\/title>\n<meta name=\"robots\" content=\"index, follow, max-snippet:-1, max-image-preview:large, max-video-preview:-1\" \/>\n<link rel=\"canonical\" href=\"https:\/\/www.cravanparis.com\/fr\/boutique\/cocktails-en-bouteille\/les-sans-alcool\/tuileries\/\" \/>\n<meta property=\"og:locale\" content=\"fr_FR\" \/>\n<meta property=\"og:type\" content=\"article\" \/>\n<meta property=\"og:title\" content=\"Tuileries - CRAVAN - Cocktail Bar - Paris 6\" \/>\n<meta property=\"og:description\" content=\"Infusion de plantes: m\u00e9lisse et orties 0% vol. Tuileries est un cocktail v\u00e9g\u00e9tal dans lequel la m\u00e9lisse et l\u2019ortie rappellent des notes de th\u00e9 vert. Il r\u00e9v\u00e8le une gourmandise herbac\u00e9e. Sans ar\u00f4mes, sans colorants, sans conservateurs et sans additifs. Contenance : 500ml\" \/>\n<meta property=\"og:url\" content=\"https:\/\/www.cravanparis.com\/fr\/boutique\/cocktails-en-bouteille\/les-sans-alcool\/tuileries\/\" \/>\n<meta property=\"og:site_name\" content=\"CRAVAN - Cocktail Bar - Paris 6\" \/>\n<meta property=\"article:modified_time\" content=\"2026-03-30T13:39:10+00:00\" \/>\n<meta property=\"og:image\" content=\"https:\/\/www.cravanparis.com\/app\/uploads\/2026\/01\/Cravan-AlcoholFree-Tuileries-Front-Portrait.png\" \/>\n\t<meta property=\"og:image:width\" content=\"1080\" \/>\n\t<meta property=\"og:image:height\" content=\"1920\" \/>\n\t<meta property=\"og:image:type\" content=\"image\/png\" \/>\n<meta name=\"twitter:card\" content=\"summary_large_image\" \/>\n<meta name=\"twitter:label1\" content=\"Dur\u00e9e de lecture estim\u00e9e\" \/>\n\t<meta name=\"twitter:data1\" content=\"1 minute\" \/>\n<script type=\"application\/ld+json\" class=\"yoast-schema-graph\">{\"@context\":\"https:\\\/\\\/schema.org\",\"@graph\":[{\"@type\":\"WebPage\",\"@id\":\"https:\\\/\\\/www.cravanparis.com\\\/fr\\\/boutique\\\/cocktails-en-bouteille\\\/les-sans-alcool\\\/tuileries\\\/\",\"url\":\"https:\\\/\\\/www.cravanparis.com\\\/fr\\\/boutique\\\/cocktails-en-bouteille\\\/les-sans-alcool\\\/tuileries\\\/\",\"name\":\"Tuileries - CRAVAN - Cocktail Bar - Paris 6\",\"isPartOf\":{\"@id\":\"https:\\\/\\\/www.cravanparis.com\\\/fr\\\/#website\"},\"primaryImageOfPage\":{\"@id\":\"https:\\\/\\\/www.cravanparis.com\\\/fr\\\/boutique\\\/cocktails-en-bouteille\\\/les-sans-alcool\\\/tuileries\\\/#primaryimage\"},\"image\":{\"@id\":\"https:\\\/\\\/www.cravanparis.com\\\/fr\\\/boutique\\\/cocktails-en-bouteille\\\/les-sans-alcool\\\/tuileries\\\/#primaryimage\"},\"thumbnailUrl\":\"https:\\\/\\\/www.cravanparis.com\\\/app\\\/uploads\\\/2026\\\/01\\\/Cravan-AlcoholFree-Tuileries-Front-Portrait.png\",\"datePublished\":\"2026-01-14T07:47:43+00:00\",\"dateModified\":\"2026-03-30T13:39:10+00:00\",\"breadcrumb\":{\"@id\":\"https:\\\/\\\/www.cravanparis.com\\\/fr\\\/boutique\\\/cocktails-en-bouteille\\\/les-sans-alcool\\\/tuileries\\\/#breadcrumb\"},\"inLanguage\":\"fr-FR\",\"potentialAction\":[{\"@type\":\"ReadAction\",\"target\":[\"https:\\\/\\\/www.cravanparis.com\\\/fr\\\/boutique\\\/cocktails-en-bouteille\\\/les-sans-alcool\\\/tuileries\\\/\"]}]},{\"@type\":\"ImageObject\",\"inLanguage\":\"fr-FR\",\"@id\":\"https:\\\/\\\/www.cravanparis.com\\\/fr\\\/boutique\\\/cocktails-en-bouteille\\\/les-sans-alcool\\\/tuileries\\\/#primaryimage\",\"url\":\"https:\\\/\\\/www.cravanparis.com\\\/app\\\/uploads\\\/2026\\\/01\\\/Cravan-AlcoholFree-Tuileries-Front-Portrait.png\",\"contentUrl\":\"https:\\\/\\\/www.cravanparis.com\\\/app\\\/uploads\\\/2026\\\/01\\\/Cravan-AlcoholFree-Tuileries-Front-Portrait.png\",\"width\":1080,\"height\":1920},{\"@type\":\"BreadcrumbList\",\"@id\":\"https:\\\/\\\/www.cravanparis.com\\\/fr\\\/boutique\\\/cocktails-en-bouteille\\\/les-sans-alcool\\\/tuileries\\\/#breadcrumb\",\"itemListElement\":[{\"@type\":\"ListItem\",\"position\":1,\"name\":\"Home\",\"item\":\"https:\\\/\\\/www.cravanparis.com\\\/fr\\\/\"},{\"@type\":\"ListItem\",\"position\":2,\"name\":\"Tuileries\"}]},{\"@type\":\"WebSite\",\"@id\":\"https:\\\/\\\/www.cravanparis.com\\\/fr\\\/#website\",\"url\":\"https:\\\/\\\/www.cravanparis.com\\\/fr\\\/\",\"name\":\"CRAVAN - Cocktail Bar - Paris 6\",\"description\":\"CRAVAN, bar \u00e0 cocktails dans le 6\u00e8 arrondissement de Paris, au c\u0153ur du quartier litt\u00e9raire de Saint-Germain-des-Pr\u00e9s. Suivez-nous sur @cravanparis.\",\"publisher\":{\"@id\":\"https:\\\/\\\/www.cravanparis.com\\\/fr\\\/#organization\"},\"potentialAction\":[{\"@type\":\"SearchAction\",\"target\":{\"@type\":\"EntryPoint\",\"urlTemplate\":\"https:\\\/\\\/www.cravanparis.com\\\/fr\\\/?s={search_term_string}\"},\"query-input\":{\"@type\":\"PropertyValueSpecification\",\"valueRequired\":true,\"valueName\":\"search_term_string\"}}],\"inLanguage\":\"fr-FR\"},{\"@type\":\"Organization\",\"@id\":\"https:\\\/\\\/www.cravanparis.com\\\/fr\\\/#organization\",\"name\":\"CRAVAN - Cocktail Bar - Paris 6\",\"url\":\"https:\\\/\\\/www.cravanparis.com\\\/fr\\\/\",\"logo\":{\"@type\":\"ImageObject\",\"inLanguage\":\"fr-FR\",\"@id\":\"https:\\\/\\\/www.cravanparis.com\\\/fr\\\/#\\\/schema\\\/logo\\\/image\\\/\",\"url\":\"https:\\\/\\\/www.cravanparis.com\\\/app\\\/uploads\\\/2026\\\/03\\\/cravan.svg\",\"contentUrl\":\"https:\\\/\\\/www.cravanparis.com\\\/app\\\/uploads\\\/2026\\\/03\\\/cravan.svg\",\"width\":1296,\"height\":357,\"caption\":\"CRAVAN - Cocktail Bar - Paris 6\"},\"image\":{\"@id\":\"https:\\\/\\\/www.cravanparis.com\\\/fr\\\/#\\\/schema\\\/logo\\\/image\\\/\"},\"sameAs\":[\"https:\\\/\\\/www.instagram.com\\\/cravanparis\\\/\"]}]}<\/script>\n<!-- \/ Yoast SEO plugin. -->","yoast_head_json":{"title":"Tuileries - CRAVAN - Cocktail Bar - Paris 6","robots":{"index":"index","follow":"follow","max-snippet":"max-snippet:-1","max-image-preview":"max-image-preview:large","max-video-preview":"max-video-preview:-1"},"canonical":"https:\/\/www.cravanparis.com\/fr\/boutique\/cocktails-en-bouteille\/les-sans-alcool\/tuileries\/","og_locale":"fr_FR","og_type":"article","og_title":"Tuileries - CRAVAN - Cocktail Bar - Paris 6","og_description":"Infusion de plantes: m\u00e9lisse et orties 0% vol. Tuileries est un cocktail v\u00e9g\u00e9tal dans lequel la m\u00e9lisse et l\u2019ortie rappellent des notes de th\u00e9 vert. Il r\u00e9v\u00e8le une gourmandise herbac\u00e9e. Sans ar\u00f4mes, sans colorants, sans conservateurs et sans additifs. Contenance : 500ml","og_url":"https:\/\/www.cravanparis.com\/fr\/boutique\/cocktails-en-bouteille\/les-sans-alcool\/tuileries\/","og_site_name":"CRAVAN - Cocktail Bar - Paris 6","article_modified_time":"2026-03-30T13:39:10+00:00","og_image":[{"width":1080,"height":1920,"url":"https:\/\/www.cravanparis.com\/app\/uploads\/2026\/01\/Cravan-AlcoholFree-Tuileries-Front-Portrait.png","type":"image\/png"}],"twitter_card":"summary_large_image","twitter_misc":{"Dur\u00e9e de lecture estim\u00e9e":"1 minute"},"schema":{"@context":"https:\/\/schema.org","@graph":[{"@type":"WebPage","@id":"https:\/\/www.cravanparis.com\/fr\/boutique\/cocktails-en-bouteille\/les-sans-alcool\/tuileries\/","url":"https:\/\/www.cravanparis.com\/fr\/boutique\/cocktails-en-bouteille\/les-sans-alcool\/tuileries\/","name":"Tuileries - CRAVAN - Cocktail Bar - Paris 6","isPartOf":{"@id":"https:\/\/www.cravanparis.com\/fr\/#website"},"primaryImageOfPage":{"@id":"https:\/\/www.cravanparis.com\/fr\/boutique\/cocktails-en-bouteille\/les-sans-alcool\/tuileries\/#primaryimage"},"image":{"@id":"https:\/\/www.cravanparis.com\/fr\/boutique\/cocktails-en-bouteille\/les-sans-alcool\/tuileries\/#primaryimage"},"thumbnailUrl":"https:\/\/www.cravanparis.com\/app\/uploads\/2026\/01\/Cravan-AlcoholFree-Tuileries-Front-Portrait.png","datePublished":"2026-01-14T07:47:43+00:00","dateModified":"2026-03-30T13:39:10+00:00","breadcrumb":{"@id":"https:\/\/www.cravanparis.com\/fr\/boutique\/cocktails-en-bouteille\/les-sans-alcool\/tuileries\/#breadcrumb"},"inLanguage":"fr-FR","potentialAction":[{"@type":"ReadAction","target":["https:\/\/www.cravanparis.com\/fr\/boutique\/cocktails-en-bouteille\/les-sans-alcool\/tuileries\/"]}]},{"@type":"ImageObject","inLanguage":"fr-FR","@id":"https:\/\/www.cravanparis.com\/fr\/boutique\/cocktails-en-bouteille\/les-sans-alcool\/tuileries\/#primaryimage","url":"https:\/\/www.cravanparis.com\/app\/uploads\/2026\/01\/Cravan-AlcoholFree-Tuileries-Front-Portrait.png","contentUrl":"https:\/\/www.cravanparis.com\/app\/uploads\/2026\/01\/Cravan-AlcoholFree-Tuileries-Front-Portrait.png","width":1080,"height":1920},{"@type":"BreadcrumbList","@id":"https:\/\/www.cravanparis.com\/fr\/boutique\/cocktails-en-bouteille\/les-sans-alcool\/tuileries\/#breadcrumb","itemListElement":[{"@type":"ListItem","position":1,"name":"Home","item":"https:\/\/www.cravanparis.com\/fr\/"},{"@type":"ListItem","position":2,"name":"Tuileries"}]},{"@type":"WebSite","@id":"https:\/\/www.cravanparis.com\/fr\/#website","url":"https:\/\/www.cravanparis.com\/fr\/","name":"CRAVAN - Cocktail Bar - Paris 6","description":"CRAVAN, bar \u00e0 cocktails dans le 6\u00e8 arrondissement de Paris, au c\u0153ur du quartier litt\u00e9raire de Saint-Germain-des-Pr\u00e9s. Suivez-nous sur @cravanparis.","publisher":{"@id":"https:\/\/www.cravanparis.com\/fr\/#organization"},"potentialAction":[{"@type":"SearchAction","target":{"@type":"EntryPoint","urlTemplate":"https:\/\/www.cravanparis.com\/fr\/?s={search_term_string}"},"query-input":{"@type":"PropertyValueSpecification","valueRequired":true,"valueName":"search_term_string"}}],"inLanguage":"fr-FR"},{"@type":"Organization","@id":"https:\/\/www.cravanparis.com\/fr\/#organization","name":"CRAVAN - Cocktail Bar - Paris 6","url":"https:\/\/www.cravanparis.com\/fr\/","logo":{"@type":"ImageObject","inLanguage":"fr-FR","@id":"https:\/\/www.cravanparis.com\/fr\/#\/schema\/logo\/image\/","url":"https:\/\/www.cravanparis.com\/app\/uploads\/2026\/03\/cravan.svg","contentUrl":"https:\/\/www.cravanparis.com\/app\/uploads\/2026\/03\/cravan.svg","width":1296,"height":357,"caption":"CRAVAN - Cocktail Bar - Paris 6"},"image":{"@id":"https:\/\/www.cravanparis.com\/fr\/#\/schema\/logo\/image\/"},"sameAs":["https:\/\/www.instagram.com\/cravanparis\/"]}]}},"_links":{"self":[{"href":"https:\/\/www.cravanparis.com\/fr\/wp-json\/wp\/v2\/product\/851","targetHints":{"allow":["GET"]}}],"collection":[{"href":"https:\/\/www.cravanparis.com\/fr\/wp-json\/wp\/v2\/product"}],"about":[{"href":"https:\/\/www.cravanparis.com\/fr\/wp-json\/wp\/v2\/types\/product"}],"wp:featuredmedia":[{"embeddable":true,"href":"https:\/\/www.cravanparis.com\/fr\/wp-json\/wp\/v2\/media\/1706"}],"wp:attachment":[{"href":"https:\/\/www.cravanparis.com\/fr\/wp-json\/wp\/v2\/media?parent=851"}],"wp:term":[{"taxonomy":"product_brand","embeddable":true,"href":"https:\/\/www.cravanparis.com\/fr\/wp-json\/wp\/v2\/product_brand?post=851"},{"taxonomy":"product_cat","embeddable":true,"href":"https:\/\/www.cravanparis.com\/fr\/wp-json\/wp\/v2\/product_cat?post=851"},{"taxonomy":"product_tag","embeddable":true,"href":"https:\/\/www.cravanparis.com\/fr\/wp-json\/wp\/v2\/product_tag?post=851"}],"curies":[{"name":"wp","href":"https:\/\/api.w.org\/{rel}","templated":true}]}}