{"id":970,"date":"2026-02-06T13:00:13","date_gmt":"2026-02-06T12:00:13","guid":{"rendered":"https:\/\/www.cravanparis.com\/fr\/?post_type=product&#038;p=970"},"modified":"2026-02-06T13:00:14","modified_gmt":"2026-02-06T12:00:14","slug":"verre-a-cocktail-cravan","status":"publish","type":"product","link":"https:\/\/www.cravanparis.com\/fr\/boutique\/objets\/verre-a-cocktail-cravan\/","title":{"rendered":"Verre \u00e0 cocktail CRAVAN"},"content":{"rendered":"<p>D\u00e9couvrez les verres \u00e0 cocktails CRAVAN, con\u00e7us sp\u00e9cifiquement pour la d\u00e9gustation des cocktails en bouteille. Ils ont \u00e9t\u00e9 dessin\u00e9s par le designer Ramy Fischler et sont fabriqu\u00e9s \u00e0 la main, en verre souffl\u00e9.<\/p>\n<p>Leur contenance de 13cl est id\u00e9ale pour le service des cocktails en bouteille CRAVAN. Pour une d\u00e9gustation optimale, il est conseill\u00e9 de les mettre au frais avant utilisation.<\/p>\n","protected":false},"excerpt":{"rendered":"<p>D\u00e9couvrez les verres \u00e0 cocktails CRAVAN, con\u00e7us sp\u00e9cifiquement pour la d\u00e9gustation des cocktails en bouteille. Ils ont \u00e9t\u00e9 dessin\u00e9s par le designer Ramy Fischler et sont fabriqu\u00e9s \u00e0 la main, en verre souffl\u00e9. Leur contenance de 13cl est id\u00e9ale pour le service des cocktails en bouteille CRAVAN. Pour une d\u00e9gustation optimale, il est conseill\u00e9 de [&hellip;]<\/p>\n","protected":false},"featured_media":972,"template":"","meta":{"_acf_changed":false,"inline_featured_image":false},"product_brand":[],"product_cat":[41],"product_tag":[],"class_list":{"0":"post-970","1":"product","2":"type-product","3":"status-publish","4":"has-post-thumbnail","6":"product_cat-objets","8":"first","9":"instock","10":"shipping-taxable","11":"purchasable","12":"product-type-simple"},"acf":[],"yoast_head":"<!-- This site is optimized with the Yoast SEO plugin v27.3 - https:\/\/yoast.com\/product\/yoast-seo-wordpress\/ -->\n<title>Verre \u00e0 cocktail CRAVAN - CRAVAN - Cocktail Bar - Paris 6<\/title>\n<meta name=\"robots\" content=\"index, follow, max-snippet:-1, max-image-preview:large, max-video-preview:-1\" \/>\n<link rel=\"canonical\" href=\"https:\/\/www.cravanparis.com\/fr\/boutique\/objets\/verre-a-cocktail-cravan\/\" \/>\n<meta property=\"og:locale\" content=\"fr_FR\" \/>\n<meta property=\"og:type\" content=\"article\" \/>\n<meta property=\"og:title\" content=\"Verre \u00e0 cocktail CRAVAN - CRAVAN - Cocktail Bar - Paris 6\" \/>\n<meta property=\"og:description\" content=\"D\u00e9couvrez les verres \u00e0 cocktails CRAVAN, con\u00e7us sp\u00e9cifiquement pour la d\u00e9gustation des cocktails en bouteille. Ils ont \u00e9t\u00e9 dessin\u00e9s par le designer Ramy Fischler et sont fabriqu\u00e9s \u00e0 la main, en verre souffl\u00e9. Leur contenance de 13cl est id\u00e9ale pour le service des cocktails en bouteille CRAVAN. Pour une d\u00e9gustation optimale, il est conseill\u00e9 de [&hellip;]\" \/>\n<meta property=\"og:url\" content=\"https:\/\/www.cravanparis.com\/fr\/boutique\/objets\/verre-a-cocktail-cravan\/\" \/>\n<meta property=\"og:site_name\" content=\"CRAVAN - Cocktail Bar - Paris 6\" \/>\n<meta property=\"article:modified_time\" content=\"2026-02-06T12:00:14+00:00\" \/>\n<meta name=\"twitter:card\" content=\"summary_large_image\" \/>\n<script type=\"application\/ld+json\" class=\"yoast-schema-graph\">{\"@context\":\"https:\\\/\\\/schema.org\",\"@graph\":[{\"@type\":\"WebPage\",\"@id\":\"https:\\\/\\\/www.cravanparis.com\\\/fr\\\/boutique\\\/objets\\\/verre-a-cocktail-cravan\\\/\",\"url\":\"https:\\\/\\\/www.cravanparis.com\\\/fr\\\/boutique\\\/objets\\\/verre-a-cocktail-cravan\\\/\",\"name\":\"Verre \u00e0 cocktail CRAVAN - CRAVAN - Cocktail Bar - Paris 6\",\"isPartOf\":{\"@id\":\"https:\\\/\\\/www.cravanparis.com\\\/fr\\\/#website\"},\"primaryImageOfPage\":{\"@id\":\"https:\\\/\\\/www.cravanparis.com\\\/fr\\\/boutique\\\/objets\\\/verre-a-cocktail-cravan\\\/#primaryimage\"},\"image\":{\"@id\":\"https:\\\/\\\/www.cravanparis.com\\\/fr\\\/boutique\\\/objets\\\/verre-a-cocktail-cravan\\\/#primaryimage\"},\"thumbnailUrl\":\"https:\\\/\\\/www.cravanparis.com\\\/app\\\/uploads\\\/2026\\\/02\\\/Verre.png.avif\",\"datePublished\":\"2026-02-06T12:00:13+00:00\",\"dateModified\":\"2026-02-06T12:00:14+00:00\",\"breadcrumb\":{\"@id\":\"https:\\\/\\\/www.cravanparis.com\\\/fr\\\/boutique\\\/objets\\\/verre-a-cocktail-cravan\\\/#breadcrumb\"},\"inLanguage\":\"fr-FR\",\"potentialAction\":[{\"@type\":\"ReadAction\",\"target\":[\"https:\\\/\\\/www.cravanparis.com\\\/fr\\\/boutique\\\/objets\\\/verre-a-cocktail-cravan\\\/\"]}]},{\"@type\":\"ImageObject\",\"inLanguage\":\"fr-FR\",\"@id\":\"https:\\\/\\\/www.cravanparis.com\\\/fr\\\/boutique\\\/objets\\\/verre-a-cocktail-cravan\\\/#primaryimage\",\"url\":\"https:\\\/\\\/www.cravanparis.com\\\/app\\\/uploads\\\/2026\\\/02\\\/Verre.png.avif\",\"contentUrl\":\"https:\\\/\\\/www.cravanparis.com\\\/app\\\/uploads\\\/2026\\\/02\\\/Verre.png.avif\",\"width\":420,\"height\":566},{\"@type\":\"BreadcrumbList\",\"@id\":\"https:\\\/\\\/www.cravanparis.com\\\/fr\\\/boutique\\\/objets\\\/verre-a-cocktail-cravan\\\/#breadcrumb\",\"itemListElement\":[{\"@type\":\"ListItem\",\"position\":1,\"name\":\"Home\",\"item\":\"https:\\\/\\\/www.cravanparis.com\\\/fr\\\/\"},{\"@type\":\"ListItem\",\"position\":2,\"name\":\"Verre \u00e0 cocktail CRAVAN\"}]},{\"@type\":\"WebSite\",\"@id\":\"https:\\\/\\\/www.cravanparis.com\\\/fr\\\/#website\",\"url\":\"https:\\\/\\\/www.cravanparis.com\\\/fr\\\/\",\"name\":\"CRAVAN - Cocktail Bar - Paris 6\",\"description\":\"CRAVAN, bar \u00e0 cocktails dans le 6\u00e8 arrondissement de Paris, au c\u0153ur du quartier litt\u00e9raire de Saint-Germain-des-Pr\u00e9s. Suivez-nous sur @cravanparis.\",\"publisher\":{\"@id\":\"https:\\\/\\\/www.cravanparis.com\\\/fr\\\/#organization\"},\"potentialAction\":[{\"@type\":\"SearchAction\",\"target\":{\"@type\":\"EntryPoint\",\"urlTemplate\":\"https:\\\/\\\/www.cravanparis.com\\\/fr\\\/?s={search_term_string}\"},\"query-input\":{\"@type\":\"PropertyValueSpecification\",\"valueRequired\":true,\"valueName\":\"search_term_string\"}}],\"inLanguage\":\"fr-FR\"},{\"@type\":\"Organization\",\"@id\":\"https:\\\/\\\/www.cravanparis.com\\\/fr\\\/#organization\",\"name\":\"CRAVAN - Cocktail Bar - Paris 6\",\"url\":\"https:\\\/\\\/www.cravanparis.com\\\/fr\\\/\",\"logo\":{\"@type\":\"ImageObject\",\"inLanguage\":\"fr-FR\",\"@id\":\"https:\\\/\\\/www.cravanparis.com\\\/fr\\\/#\\\/schema\\\/logo\\\/image\\\/\",\"url\":\"https:\\\/\\\/www.cravanparis.com\\\/app\\\/uploads\\\/2026\\\/03\\\/cravan.svg\",\"contentUrl\":\"https:\\\/\\\/www.cravanparis.com\\\/app\\\/uploads\\\/2026\\\/03\\\/cravan.svg\",\"width\":1296,\"height\":357,\"caption\":\"CRAVAN - Cocktail Bar - Paris 6\"},\"image\":{\"@id\":\"https:\\\/\\\/www.cravanparis.com\\\/fr\\\/#\\\/schema\\\/logo\\\/image\\\/\"},\"sameAs\":[\"https:\\\/\\\/www.instagram.com\\\/cravanparis\\\/\"]}]}<\/script>\n<!-- \/ Yoast SEO plugin. -->","yoast_head_json":{"title":"Verre \u00e0 cocktail CRAVAN - CRAVAN - Cocktail Bar - Paris 6","robots":{"index":"index","follow":"follow","max-snippet":"max-snippet:-1","max-image-preview":"max-image-preview:large","max-video-preview":"max-video-preview:-1"},"canonical":"https:\/\/www.cravanparis.com\/fr\/boutique\/objets\/verre-a-cocktail-cravan\/","og_locale":"fr_FR","og_type":"article","og_title":"Verre \u00e0 cocktail CRAVAN - CRAVAN - Cocktail Bar - Paris 6","og_description":"D\u00e9couvrez les verres \u00e0 cocktails CRAVAN, con\u00e7us sp\u00e9cifiquement pour la d\u00e9gustation des cocktails en bouteille. Ils ont \u00e9t\u00e9 dessin\u00e9s par le designer Ramy Fischler et sont fabriqu\u00e9s \u00e0 la main, en verre souffl\u00e9. Leur contenance de 13cl est id\u00e9ale pour le service des cocktails en bouteille CRAVAN. Pour une d\u00e9gustation optimale, il est conseill\u00e9 de [&hellip;]","og_url":"https:\/\/www.cravanparis.com\/fr\/boutique\/objets\/verre-a-cocktail-cravan\/","og_site_name":"CRAVAN - Cocktail Bar - Paris 6","article_modified_time":"2026-02-06T12:00:14+00:00","twitter_card":"summary_large_image","schema":{"@context":"https:\/\/schema.org","@graph":[{"@type":"WebPage","@id":"https:\/\/www.cravanparis.com\/fr\/boutique\/objets\/verre-a-cocktail-cravan\/","url":"https:\/\/www.cravanparis.com\/fr\/boutique\/objets\/verre-a-cocktail-cravan\/","name":"Verre \u00e0 cocktail CRAVAN - CRAVAN - Cocktail Bar - Paris 6","isPartOf":{"@id":"https:\/\/www.cravanparis.com\/fr\/#website"},"primaryImageOfPage":{"@id":"https:\/\/www.cravanparis.com\/fr\/boutique\/objets\/verre-a-cocktail-cravan\/#primaryimage"},"image":{"@id":"https:\/\/www.cravanparis.com\/fr\/boutique\/objets\/verre-a-cocktail-cravan\/#primaryimage"},"thumbnailUrl":"https:\/\/www.cravanparis.com\/app\/uploads\/2026\/02\/Verre.png.avif","datePublished":"2026-02-06T12:00:13+00:00","dateModified":"2026-02-06T12:00:14+00:00","breadcrumb":{"@id":"https:\/\/www.cravanparis.com\/fr\/boutique\/objets\/verre-a-cocktail-cravan\/#breadcrumb"},"inLanguage":"fr-FR","potentialAction":[{"@type":"ReadAction","target":["https:\/\/www.cravanparis.com\/fr\/boutique\/objets\/verre-a-cocktail-cravan\/"]}]},{"@type":"ImageObject","inLanguage":"fr-FR","@id":"https:\/\/www.cravanparis.com\/fr\/boutique\/objets\/verre-a-cocktail-cravan\/#primaryimage","url":"https:\/\/www.cravanparis.com\/app\/uploads\/2026\/02\/Verre.png.avif","contentUrl":"https:\/\/www.cravanparis.com\/app\/uploads\/2026\/02\/Verre.png.avif","width":420,"height":566},{"@type":"BreadcrumbList","@id":"https:\/\/www.cravanparis.com\/fr\/boutique\/objets\/verre-a-cocktail-cravan\/#breadcrumb","itemListElement":[{"@type":"ListItem","position":1,"name":"Home","item":"https:\/\/www.cravanparis.com\/fr\/"},{"@type":"ListItem","position":2,"name":"Verre \u00e0 cocktail CRAVAN"}]},{"@type":"WebSite","@id":"https:\/\/www.cravanparis.com\/fr\/#website","url":"https:\/\/www.cravanparis.com\/fr\/","name":"CRAVAN - Cocktail Bar - Paris 6","description":"CRAVAN, bar \u00e0 cocktails dans le 6\u00e8 arrondissement de Paris, au c\u0153ur du quartier litt\u00e9raire de Saint-Germain-des-Pr\u00e9s. Suivez-nous sur @cravanparis.","publisher":{"@id":"https:\/\/www.cravanparis.com\/fr\/#organization"},"potentialAction":[{"@type":"SearchAction","target":{"@type":"EntryPoint","urlTemplate":"https:\/\/www.cravanparis.com\/fr\/?s={search_term_string}"},"query-input":{"@type":"PropertyValueSpecification","valueRequired":true,"valueName":"search_term_string"}}],"inLanguage":"fr-FR"},{"@type":"Organization","@id":"https:\/\/www.cravanparis.com\/fr\/#organization","name":"CRAVAN - Cocktail Bar - Paris 6","url":"https:\/\/www.cravanparis.com\/fr\/","logo":{"@type":"ImageObject","inLanguage":"fr-FR","@id":"https:\/\/www.cravanparis.com\/fr\/#\/schema\/logo\/image\/","url":"https:\/\/www.cravanparis.com\/app\/uploads\/2026\/03\/cravan.svg","contentUrl":"https:\/\/www.cravanparis.com\/app\/uploads\/2026\/03\/cravan.svg","width":1296,"height":357,"caption":"CRAVAN - Cocktail Bar - Paris 6"},"image":{"@id":"https:\/\/www.cravanparis.com\/fr\/#\/schema\/logo\/image\/"},"sameAs":["https:\/\/www.instagram.com\/cravanparis\/"]}]}},"_links":{"self":[{"href":"https:\/\/www.cravanparis.com\/fr\/wp-json\/wp\/v2\/product\/970","targetHints":{"allow":["GET"]}}],"collection":[{"href":"https:\/\/www.cravanparis.com\/fr\/wp-json\/wp\/v2\/product"}],"about":[{"href":"https:\/\/www.cravanparis.com\/fr\/wp-json\/wp\/v2\/types\/product"}],"wp:featuredmedia":[{"embeddable":true,"href":"https:\/\/www.cravanparis.com\/fr\/wp-json\/wp\/v2\/media\/972"}],"wp:attachment":[{"href":"https:\/\/www.cravanparis.com\/fr\/wp-json\/wp\/v2\/media?parent=970"}],"wp:term":[{"taxonomy":"product_brand","embeddable":true,"href":"https:\/\/www.cravanparis.com\/fr\/wp-json\/wp\/v2\/product_brand?post=970"},{"taxonomy":"product_cat","embeddable":true,"href":"https:\/\/www.cravanparis.com\/fr\/wp-json\/wp\/v2\/product_cat?post=970"},{"taxonomy":"product_tag","embeddable":true,"href":"https:\/\/www.cravanparis.com\/fr\/wp-json\/wp\/v2\/product_tag?post=970"}],"curies":[{"name":"wp","href":"https:\/\/api.w.org\/{rel}","templated":true}]}}