{"id":974,"date":"2026-02-06T13:08:28","date_gmt":"2026-02-06T12:08:28","guid":{"rendered":"https:\/\/www.cravanparis.com\/fr\/?post_type=product&#038;p=974"},"modified":"2026-03-27T15:13:08","modified_gmt":"2026-03-27T14:13:08","slug":"teddy-3-paradis-x-cravan","status":"publish","type":"product","link":"https:\/\/www.cravanparis.com\/fr\/boutique\/objets\/teddy-3-paradis-x-cravan\/","title":{"rendered":"Teddy 3.Paradis X CRAVAN"},"content":{"rendered":"<p>CRAVAN est un lieu o\u00f9 se m\u00e9langent les courants et les r\u00e9f\u00e9rences, o\u00f9 l\u2019expertise du cocktail coexiste avec la litt\u00e9rature, le cin\u00e9ma et la cuisine.<\/p>\n<p>Ouvert par Franck Audoux au 165 boulevard Saint-Germain, CRAVAN 75006 coop\u00e8re avec 3.PARADIS, marque contemporaine de pr\u00eat-\u00e0-porter, et son fondateur-directeur artistique Emeric Tchatchoua pour donner vie \u00e0 un blouson Varsity exclusif. \u00c0 travers cette alliance d&#8217;avant-garde, on observe la rencontre de deux univers distincts mais proches, avec le savoir-faire comme fil conducteur. Cette coop\u00e9ration vise \u00e0 transcender les fronti\u00e8res entre la mode et les lieux de vie, en r\u00e9sonance avec une nouvelle g\u00e9n\u00e9ration de cr\u00e9ateurs.<\/p>\n<p>100% laine de chez Nona Source, fournisseur de tissus issus des stocks dormants des Maisons de luxe.<\/p>\n","protected":false},"excerpt":{"rendered":"<p>CRAVAN est un lieu o\u00f9 se m\u00e9langent les courants et les r\u00e9f\u00e9rences, o\u00f9 l\u2019expertise du cocktail coexiste avec la litt\u00e9rature, le cin\u00e9ma et la cuisine. Ouvert par Franck Audoux au 165 boulevard Saint-Germain, CRAVAN 75006 coop\u00e8re avec 3.PARADIS, marque contemporaine de pr\u00eat-\u00e0-porter, et son fondateur-directeur artistique Emeric Tchatchoua pour donner vie \u00e0 un blouson Varsity [&hellip;]<\/p>\n","protected":false},"featured_media":977,"template":"","meta":{"_acf_changed":false,"inline_featured_image":false},"product_brand":[],"product_cat":[41],"product_tag":[],"class_list":{"0":"post-974","1":"product","2":"type-product","3":"status-publish","4":"has-post-thumbnail","6":"product_cat-objets","8":"first","9":"instock","10":"shipping-taxable","11":"purchasable","12":"product-type-simple"},"acf":[],"yoast_head":"<!-- This site is optimized with the Yoast SEO plugin v27.3 - https:\/\/yoast.com\/product\/yoast-seo-wordpress\/ -->\n<title>Teddy 3.Paradis X CRAVAN - CRAVAN - Cocktail Bar - Paris 6<\/title>\n<meta name=\"robots\" content=\"index, follow, max-snippet:-1, max-image-preview:large, max-video-preview:-1\" \/>\n<link rel=\"canonical\" href=\"https:\/\/www.cravanparis.com\/fr\/boutique\/objets\/teddy-3-paradis-x-cravan\/\" \/>\n<meta property=\"og:locale\" content=\"fr_FR\" \/>\n<meta property=\"og:type\" content=\"article\" \/>\n<meta property=\"og:title\" content=\"Teddy 3.Paradis X CRAVAN - CRAVAN - Cocktail Bar - Paris 6\" \/>\n<meta property=\"og:description\" content=\"CRAVAN est un lieu o\u00f9 se m\u00e9langent les courants et les r\u00e9f\u00e9rences, o\u00f9 l\u2019expertise du cocktail coexiste avec la litt\u00e9rature, le cin\u00e9ma et la cuisine. Ouvert par Franck Audoux au 165 boulevard Saint-Germain, CRAVAN 75006 coop\u00e8re avec 3.PARADIS, marque contemporaine de pr\u00eat-\u00e0-porter, et son fondateur-directeur artistique Emeric Tchatchoua pour donner vie \u00e0 un blouson Varsity [&hellip;]\" \/>\n<meta property=\"og:url\" content=\"https:\/\/www.cravanparis.com\/fr\/boutique\/objets\/teddy-3-paradis-x-cravan\/\" \/>\n<meta property=\"og:site_name\" content=\"CRAVAN - Cocktail Bar - Paris 6\" \/>\n<meta property=\"article:modified_time\" content=\"2026-03-27T14:13:08+00:00\" \/>\n<meta name=\"twitter:card\" content=\"summary_large_image\" \/>\n<meta name=\"twitter:label1\" content=\"Dur\u00e9e de lecture estim\u00e9e\" \/>\n\t<meta name=\"twitter:data1\" content=\"1 minute\" \/>\n<script type=\"application\/ld+json\" class=\"yoast-schema-graph\">{\"@context\":\"https:\\\/\\\/schema.org\",\"@graph\":[{\"@type\":\"WebPage\",\"@id\":\"https:\\\/\\\/www.cravanparis.com\\\/fr\\\/boutique\\\/objets\\\/teddy-3-paradis-x-cravan\\\/\",\"url\":\"https:\\\/\\\/www.cravanparis.com\\\/fr\\\/boutique\\\/objets\\\/teddy-3-paradis-x-cravan\\\/\",\"name\":\"Teddy 3.Paradis X CRAVAN - CRAVAN - Cocktail Bar - Paris 6\",\"isPartOf\":{\"@id\":\"https:\\\/\\\/www.cravanparis.com\\\/fr\\\/#website\"},\"primaryImageOfPage\":{\"@id\":\"https:\\\/\\\/www.cravanparis.com\\\/fr\\\/boutique\\\/objets\\\/teddy-3-paradis-x-cravan\\\/#primaryimage\"},\"image\":{\"@id\":\"https:\\\/\\\/www.cravanparis.com\\\/fr\\\/boutique\\\/objets\\\/teddy-3-paradis-x-cravan\\\/#primaryimage\"},\"thumbnailUrl\":\"https:\\\/\\\/www.cravanparis.com\\\/app\\\/uploads\\\/2026\\\/02\\\/teddy.png.avif\",\"datePublished\":\"2026-02-06T12:08:28+00:00\",\"dateModified\":\"2026-03-27T14:13:08+00:00\",\"breadcrumb\":{\"@id\":\"https:\\\/\\\/www.cravanparis.com\\\/fr\\\/boutique\\\/objets\\\/teddy-3-paradis-x-cravan\\\/#breadcrumb\"},\"inLanguage\":\"fr-FR\",\"potentialAction\":[{\"@type\":\"ReadAction\",\"target\":[\"https:\\\/\\\/www.cravanparis.com\\\/fr\\\/boutique\\\/objets\\\/teddy-3-paradis-x-cravan\\\/\"]}]},{\"@type\":\"ImageObject\",\"inLanguage\":\"fr-FR\",\"@id\":\"https:\\\/\\\/www.cravanparis.com\\\/fr\\\/boutique\\\/objets\\\/teddy-3-paradis-x-cravan\\\/#primaryimage\",\"url\":\"https:\\\/\\\/www.cravanparis.com\\\/app\\\/uploads\\\/2026\\\/02\\\/teddy.png.avif\",\"contentUrl\":\"https:\\\/\\\/www.cravanparis.com\\\/app\\\/uploads\\\/2026\\\/02\\\/teddy.png.avif\",\"width\":420,\"height\":566},{\"@type\":\"BreadcrumbList\",\"@id\":\"https:\\\/\\\/www.cravanparis.com\\\/fr\\\/boutique\\\/objets\\\/teddy-3-paradis-x-cravan\\\/#breadcrumb\",\"itemListElement\":[{\"@type\":\"ListItem\",\"position\":1,\"name\":\"Home\",\"item\":\"https:\\\/\\\/www.cravanparis.com\\\/fr\\\/\"},{\"@type\":\"ListItem\",\"position\":2,\"name\":\"Teddy 3.Paradis X CRAVAN\"}]},{\"@type\":\"WebSite\",\"@id\":\"https:\\\/\\\/www.cravanparis.com\\\/fr\\\/#website\",\"url\":\"https:\\\/\\\/www.cravanparis.com\\\/fr\\\/\",\"name\":\"CRAVAN - Cocktail Bar - Paris 6\",\"description\":\"CRAVAN, bar \u00e0 cocktails dans le 6\u00e8 arrondissement de Paris, au c\u0153ur du quartier litt\u00e9raire de Saint-Germain-des-Pr\u00e9s. Suivez-nous sur @cravanparis.\",\"publisher\":{\"@id\":\"https:\\\/\\\/www.cravanparis.com\\\/fr\\\/#organization\"},\"potentialAction\":[{\"@type\":\"SearchAction\",\"target\":{\"@type\":\"EntryPoint\",\"urlTemplate\":\"https:\\\/\\\/www.cravanparis.com\\\/fr\\\/?s={search_term_string}\"},\"query-input\":{\"@type\":\"PropertyValueSpecification\",\"valueRequired\":true,\"valueName\":\"search_term_string\"}}],\"inLanguage\":\"fr-FR\"},{\"@type\":\"Organization\",\"@id\":\"https:\\\/\\\/www.cravanparis.com\\\/fr\\\/#organization\",\"name\":\"CRAVAN - Cocktail Bar - Paris 6\",\"url\":\"https:\\\/\\\/www.cravanparis.com\\\/fr\\\/\",\"logo\":{\"@type\":\"ImageObject\",\"inLanguage\":\"fr-FR\",\"@id\":\"https:\\\/\\\/www.cravanparis.com\\\/fr\\\/#\\\/schema\\\/logo\\\/image\\\/\",\"url\":\"https:\\\/\\\/www.cravanparis.com\\\/app\\\/uploads\\\/2026\\\/03\\\/cravan.svg\",\"contentUrl\":\"https:\\\/\\\/www.cravanparis.com\\\/app\\\/uploads\\\/2026\\\/03\\\/cravan.svg\",\"width\":1296,\"height\":357,\"caption\":\"CRAVAN - Cocktail Bar - Paris 6\"},\"image\":{\"@id\":\"https:\\\/\\\/www.cravanparis.com\\\/fr\\\/#\\\/schema\\\/logo\\\/image\\\/\"},\"sameAs\":[\"https:\\\/\\\/www.instagram.com\\\/cravanparis\\\/\"]}]}<\/script>\n<!-- \/ Yoast SEO plugin. -->","yoast_head_json":{"title":"Teddy 3.Paradis X CRAVAN - CRAVAN - Cocktail Bar - Paris 6","robots":{"index":"index","follow":"follow","max-snippet":"max-snippet:-1","max-image-preview":"max-image-preview:large","max-video-preview":"max-video-preview:-1"},"canonical":"https:\/\/www.cravanparis.com\/fr\/boutique\/objets\/teddy-3-paradis-x-cravan\/","og_locale":"fr_FR","og_type":"article","og_title":"Teddy 3.Paradis X CRAVAN - CRAVAN - Cocktail Bar - Paris 6","og_description":"CRAVAN est un lieu o\u00f9 se m\u00e9langent les courants et les r\u00e9f\u00e9rences, o\u00f9 l\u2019expertise du cocktail coexiste avec la litt\u00e9rature, le cin\u00e9ma et la cuisine. Ouvert par Franck Audoux au 165 boulevard Saint-Germain, CRAVAN 75006 coop\u00e8re avec 3.PARADIS, marque contemporaine de pr\u00eat-\u00e0-porter, et son fondateur-directeur artistique Emeric Tchatchoua pour donner vie \u00e0 un blouson Varsity [&hellip;]","og_url":"https:\/\/www.cravanparis.com\/fr\/boutique\/objets\/teddy-3-paradis-x-cravan\/","og_site_name":"CRAVAN - Cocktail Bar - Paris 6","article_modified_time":"2026-03-27T14:13:08+00:00","twitter_card":"summary_large_image","twitter_misc":{"Dur\u00e9e de lecture estim\u00e9e":"1 minute"},"schema":{"@context":"https:\/\/schema.org","@graph":[{"@type":"WebPage","@id":"https:\/\/www.cravanparis.com\/fr\/boutique\/objets\/teddy-3-paradis-x-cravan\/","url":"https:\/\/www.cravanparis.com\/fr\/boutique\/objets\/teddy-3-paradis-x-cravan\/","name":"Teddy 3.Paradis X CRAVAN - CRAVAN - Cocktail Bar - Paris 6","isPartOf":{"@id":"https:\/\/www.cravanparis.com\/fr\/#website"},"primaryImageOfPage":{"@id":"https:\/\/www.cravanparis.com\/fr\/boutique\/objets\/teddy-3-paradis-x-cravan\/#primaryimage"},"image":{"@id":"https:\/\/www.cravanparis.com\/fr\/boutique\/objets\/teddy-3-paradis-x-cravan\/#primaryimage"},"thumbnailUrl":"https:\/\/www.cravanparis.com\/app\/uploads\/2026\/02\/teddy.png.avif","datePublished":"2026-02-06T12:08:28+00:00","dateModified":"2026-03-27T14:13:08+00:00","breadcrumb":{"@id":"https:\/\/www.cravanparis.com\/fr\/boutique\/objets\/teddy-3-paradis-x-cravan\/#breadcrumb"},"inLanguage":"fr-FR","potentialAction":[{"@type":"ReadAction","target":["https:\/\/www.cravanparis.com\/fr\/boutique\/objets\/teddy-3-paradis-x-cravan\/"]}]},{"@type":"ImageObject","inLanguage":"fr-FR","@id":"https:\/\/www.cravanparis.com\/fr\/boutique\/objets\/teddy-3-paradis-x-cravan\/#primaryimage","url":"https:\/\/www.cravanparis.com\/app\/uploads\/2026\/02\/teddy.png.avif","contentUrl":"https:\/\/www.cravanparis.com\/app\/uploads\/2026\/02\/teddy.png.avif","width":420,"height":566},{"@type":"BreadcrumbList","@id":"https:\/\/www.cravanparis.com\/fr\/boutique\/objets\/teddy-3-paradis-x-cravan\/#breadcrumb","itemListElement":[{"@type":"ListItem","position":1,"name":"Home","item":"https:\/\/www.cravanparis.com\/fr\/"},{"@type":"ListItem","position":2,"name":"Teddy 3.Paradis X CRAVAN"}]},{"@type":"WebSite","@id":"https:\/\/www.cravanparis.com\/fr\/#website","url":"https:\/\/www.cravanparis.com\/fr\/","name":"CRAVAN - Cocktail Bar - Paris 6","description":"CRAVAN, bar \u00e0 cocktails dans le 6\u00e8 arrondissement de Paris, au c\u0153ur du quartier litt\u00e9raire de Saint-Germain-des-Pr\u00e9s. Suivez-nous sur @cravanparis.","publisher":{"@id":"https:\/\/www.cravanparis.com\/fr\/#organization"},"potentialAction":[{"@type":"SearchAction","target":{"@type":"EntryPoint","urlTemplate":"https:\/\/www.cravanparis.com\/fr\/?s={search_term_string}"},"query-input":{"@type":"PropertyValueSpecification","valueRequired":true,"valueName":"search_term_string"}}],"inLanguage":"fr-FR"},{"@type":"Organization","@id":"https:\/\/www.cravanparis.com\/fr\/#organization","name":"CRAVAN - Cocktail Bar - Paris 6","url":"https:\/\/www.cravanparis.com\/fr\/","logo":{"@type":"ImageObject","inLanguage":"fr-FR","@id":"https:\/\/www.cravanparis.com\/fr\/#\/schema\/logo\/image\/","url":"https:\/\/www.cravanparis.com\/app\/uploads\/2026\/03\/cravan.svg","contentUrl":"https:\/\/www.cravanparis.com\/app\/uploads\/2026\/03\/cravan.svg","width":1296,"height":357,"caption":"CRAVAN - Cocktail Bar - Paris 6"},"image":{"@id":"https:\/\/www.cravanparis.com\/fr\/#\/schema\/logo\/image\/"},"sameAs":["https:\/\/www.instagram.com\/cravanparis\/"]}]}},"_links":{"self":[{"href":"https:\/\/www.cravanparis.com\/fr\/wp-json\/wp\/v2\/product\/974","targetHints":{"allow":["GET"]}}],"collection":[{"href":"https:\/\/www.cravanparis.com\/fr\/wp-json\/wp\/v2\/product"}],"about":[{"href":"https:\/\/www.cravanparis.com\/fr\/wp-json\/wp\/v2\/types\/product"}],"wp:featuredmedia":[{"embeddable":true,"href":"https:\/\/www.cravanparis.com\/fr\/wp-json\/wp\/v2\/media\/977"}],"wp:attachment":[{"href":"https:\/\/www.cravanparis.com\/fr\/wp-json\/wp\/v2\/media?parent=974"}],"wp:term":[{"taxonomy":"product_brand","embeddable":true,"href":"https:\/\/www.cravanparis.com\/fr\/wp-json\/wp\/v2\/product_brand?post=974"},{"taxonomy":"product_cat","embeddable":true,"href":"https:\/\/www.cravanparis.com\/fr\/wp-json\/wp\/v2\/product_cat?post=974"},{"taxonomy":"product_tag","embeddable":true,"href":"https:\/\/www.cravanparis.com\/fr\/wp-json\/wp\/v2\/product_tag?post=974"}],"curies":[{"name":"wp","href":"https:\/\/api.w.org\/{rel}","templated":true}]}}