{"id":999,"date":"2026-02-06T13:26:40","date_gmt":"2026-02-06T12:26:40","guid":{"rendered":"https:\/\/www.cravanparis.com\/fr\/?post_type=product&#038;p=999"},"modified":"2026-04-16T08:39:12","modified_gmt":"2026-04-16T06:39:12","slug":"livre-french-moderne-cocktails","status":"publish","type":"product","link":"https:\/\/www.cravanparis.com\/fr\/boutique\/objets\/livre-french-moderne-cocktails\/","title":{"rendered":"Livre French Moderne Cocktails"},"content":{"rendered":"<p>Avec de magnifiques photographies d&#8217;archives, illustrations et publicit\u00e9s, ainsi que de nouvelles photographies, Franck Audoux, fondateur des bars \u00e0 cocktail CRAVAN \u00e0 Paris, redonne vie \u00e0 des spiritueux et ap\u00e9ritifs fran\u00e7ais oubli\u00e9s en leur apportant une touche moderne. Il propose des recettes pour plus de quarante cocktails fran\u00e7ais classiques, du Sazerac au Highball, ainsi que des conseils et astuces contemporains qui les rendent faciles \u00e0 recr\u00e9er chez soi. Parfait pour les amateurs d&#8217;histoire et de culture fran\u00e7aise, ce livre capture l&#8217;esprit et la culture de l&#8217;une des p\u00e9riodes les plus riches de la Ville Lumi\u00e8re et est indispensable pour les mixologues amateurs et exp\u00e9riment\u00e9s.<\/p>\n<p>Langue : Anglais<\/p>\n<p>208 pages<\/p>\n<p>\u00c9diteur : Rizzoli New York International Publications<\/p>\n<p>Date de publication : f\u00e9vrier 2019<\/p>\n","protected":false},"excerpt":{"rendered":"<p>Avec de magnifiques photographies d&#8217;archives, illustrations et publicit\u00e9s, ainsi que de nouvelles photographies, Franck Audoux, fondateur des bars \u00e0 cocktail CRAVAN \u00e0 Paris, redonne vie \u00e0 des spiritueux et ap\u00e9ritifs fran\u00e7ais oubli\u00e9s en leur apportant une touche moderne. Il propose des recettes pour plus de quarante cocktails fran\u00e7ais classiques, du Sazerac au Highball, ainsi que [&hellip;]<\/p>\n","protected":false},"featured_media":1000,"template":"","meta":{"_acf_changed":false,"inline_featured_image":false},"product_brand":[],"product_cat":[41],"product_tag":[],"class_list":{"0":"post-999","1":"product","2":"type-product","3":"status-publish","4":"has-post-thumbnail","6":"product_cat-objets","8":"first","9":"instock","10":"shipping-taxable","11":"purchasable","12":"product-type-simple"},"acf":[],"yoast_head":"<!-- This site is optimized with the Yoast SEO plugin v27.3 - https:\/\/yoast.com\/product\/yoast-seo-wordpress\/ -->\n<title>Livre French Moderne Cocktails - CRAVAN - Cocktail Bar - Paris 6<\/title>\n<meta name=\"robots\" content=\"index, follow, max-snippet:-1, max-image-preview:large, max-video-preview:-1\" \/>\n<link rel=\"canonical\" href=\"https:\/\/www.cravanparis.com\/fr\/boutique\/objets\/livre-french-moderne-cocktails\/\" \/>\n<meta property=\"og:locale\" content=\"fr_FR\" \/>\n<meta property=\"og:type\" content=\"article\" \/>\n<meta property=\"og:title\" content=\"Livre French Moderne Cocktails - CRAVAN - Cocktail Bar - Paris 6\" \/>\n<meta property=\"og:description\" content=\"Avec de magnifiques photographies d&#8217;archives, illustrations et publicit\u00e9s, ainsi que de nouvelles photographies, Franck Audoux, fondateur des bars \u00e0 cocktail CRAVAN \u00e0 Paris, redonne vie \u00e0 des spiritueux et ap\u00e9ritifs fran\u00e7ais oubli\u00e9s en leur apportant une touche moderne. Il propose des recettes pour plus de quarante cocktails fran\u00e7ais classiques, du Sazerac au Highball, ainsi que [&hellip;]\" \/>\n<meta property=\"og:url\" content=\"https:\/\/www.cravanparis.com\/fr\/boutique\/objets\/livre-french-moderne-cocktails\/\" \/>\n<meta property=\"og:site_name\" content=\"CRAVAN - Cocktail Bar - Paris 6\" \/>\n<meta property=\"article:modified_time\" content=\"2026-04-16T06:39:12+00:00\" \/>\n<meta name=\"twitter:card\" content=\"summary_large_image\" \/>\n<meta name=\"twitter:label1\" content=\"Dur\u00e9e de lecture estim\u00e9e\" \/>\n\t<meta name=\"twitter:data1\" content=\"1 minute\" \/>\n<script type=\"application\/ld+json\" class=\"yoast-schema-graph\">{\"@context\":\"https:\\\/\\\/schema.org\",\"@graph\":[{\"@type\":\"WebPage\",\"@id\":\"https:\\\/\\\/www.cravanparis.com\\\/fr\\\/boutique\\\/objets\\\/livre-french-moderne-cocktails\\\/\",\"url\":\"https:\\\/\\\/www.cravanparis.com\\\/fr\\\/boutique\\\/objets\\\/livre-french-moderne-cocktails\\\/\",\"name\":\"Livre French Moderne Cocktails - CRAVAN - Cocktail Bar - Paris 6\",\"isPartOf\":{\"@id\":\"https:\\\/\\\/www.cravanparis.com\\\/fr\\\/#website\"},\"primaryImageOfPage\":{\"@id\":\"https:\\\/\\\/www.cravanparis.com\\\/fr\\\/boutique\\\/objets\\\/livre-french-moderne-cocktails\\\/#primaryimage\"},\"image\":{\"@id\":\"https:\\\/\\\/www.cravanparis.com\\\/fr\\\/boutique\\\/objets\\\/livre-french-moderne-cocktails\\\/#primaryimage\"},\"thumbnailUrl\":\"https:\\\/\\\/www.cravanparis.com\\\/app\\\/uploads\\\/2026\\\/02\\\/Cravan-Packshots-Book_0.png.avif\",\"datePublished\":\"2026-02-06T12:26:40+00:00\",\"dateModified\":\"2026-04-16T06:39:12+00:00\",\"breadcrumb\":{\"@id\":\"https:\\\/\\\/www.cravanparis.com\\\/fr\\\/boutique\\\/objets\\\/livre-french-moderne-cocktails\\\/#breadcrumb\"},\"inLanguage\":\"fr-FR\",\"potentialAction\":[{\"@type\":\"ReadAction\",\"target\":[\"https:\\\/\\\/www.cravanparis.com\\\/fr\\\/boutique\\\/objets\\\/livre-french-moderne-cocktails\\\/\"]}]},{\"@type\":\"ImageObject\",\"inLanguage\":\"fr-FR\",\"@id\":\"https:\\\/\\\/www.cravanparis.com\\\/fr\\\/boutique\\\/objets\\\/livre-french-moderne-cocktails\\\/#primaryimage\",\"url\":\"https:\\\/\\\/www.cravanparis.com\\\/app\\\/uploads\\\/2026\\\/02\\\/Cravan-Packshots-Book_0.png.avif\",\"contentUrl\":\"https:\\\/\\\/www.cravanparis.com\\\/app\\\/uploads\\\/2026\\\/02\\\/Cravan-Packshots-Book_0.png.avif\",\"width\":1400,\"height\":2489},{\"@type\":\"BreadcrumbList\",\"@id\":\"https:\\\/\\\/www.cravanparis.com\\\/fr\\\/boutique\\\/objets\\\/livre-french-moderne-cocktails\\\/#breadcrumb\",\"itemListElement\":[{\"@type\":\"ListItem\",\"position\":1,\"name\":\"Home\",\"item\":\"https:\\\/\\\/www.cravanparis.com\\\/fr\\\/\"},{\"@type\":\"ListItem\",\"position\":2,\"name\":\"Livre French Moderne Cocktails\"}]},{\"@type\":\"WebSite\",\"@id\":\"https:\\\/\\\/www.cravanparis.com\\\/fr\\\/#website\",\"url\":\"https:\\\/\\\/www.cravanparis.com\\\/fr\\\/\",\"name\":\"CRAVAN - Cocktail Bar - Paris 6\",\"description\":\"CRAVAN, bar \u00e0 cocktails dans le 6\u00e8 arrondissement de Paris, au c\u0153ur du quartier litt\u00e9raire de Saint-Germain-des-Pr\u00e9s. Suivez-nous sur @cravanparis.\",\"publisher\":{\"@id\":\"https:\\\/\\\/www.cravanparis.com\\\/fr\\\/#organization\"},\"potentialAction\":[{\"@type\":\"SearchAction\",\"target\":{\"@type\":\"EntryPoint\",\"urlTemplate\":\"https:\\\/\\\/www.cravanparis.com\\\/fr\\\/?s={search_term_string}\"},\"query-input\":{\"@type\":\"PropertyValueSpecification\",\"valueRequired\":true,\"valueName\":\"search_term_string\"}}],\"inLanguage\":\"fr-FR\"},{\"@type\":\"Organization\",\"@id\":\"https:\\\/\\\/www.cravanparis.com\\\/fr\\\/#organization\",\"name\":\"CRAVAN - Cocktail Bar - Paris 6\",\"url\":\"https:\\\/\\\/www.cravanparis.com\\\/fr\\\/\",\"logo\":{\"@type\":\"ImageObject\",\"inLanguage\":\"fr-FR\",\"@id\":\"https:\\\/\\\/www.cravanparis.com\\\/fr\\\/#\\\/schema\\\/logo\\\/image\\\/\",\"url\":\"https:\\\/\\\/www.cravanparis.com\\\/app\\\/uploads\\\/2026\\\/03\\\/cravan.svg\",\"contentUrl\":\"https:\\\/\\\/www.cravanparis.com\\\/app\\\/uploads\\\/2026\\\/03\\\/cravan.svg\",\"width\":1296,\"height\":357,\"caption\":\"CRAVAN - Cocktail Bar - Paris 6\"},\"image\":{\"@id\":\"https:\\\/\\\/www.cravanparis.com\\\/fr\\\/#\\\/schema\\\/logo\\\/image\\\/\"},\"sameAs\":[\"https:\\\/\\\/www.instagram.com\\\/cravanparis\\\/\"]}]}<\/script>\n<!-- \/ Yoast SEO plugin. -->","yoast_head_json":{"title":"Livre French Moderne Cocktails - CRAVAN - Cocktail Bar - Paris 6","robots":{"index":"index","follow":"follow","max-snippet":"max-snippet:-1","max-image-preview":"max-image-preview:large","max-video-preview":"max-video-preview:-1"},"canonical":"https:\/\/www.cravanparis.com\/fr\/boutique\/objets\/livre-french-moderne-cocktails\/","og_locale":"fr_FR","og_type":"article","og_title":"Livre French Moderne Cocktails - CRAVAN - Cocktail Bar - Paris 6","og_description":"Avec de magnifiques photographies d&#8217;archives, illustrations et publicit\u00e9s, ainsi que de nouvelles photographies, Franck Audoux, fondateur des bars \u00e0 cocktail CRAVAN \u00e0 Paris, redonne vie \u00e0 des spiritueux et ap\u00e9ritifs fran\u00e7ais oubli\u00e9s en leur apportant une touche moderne. Il propose des recettes pour plus de quarante cocktails fran\u00e7ais classiques, du Sazerac au Highball, ainsi que [&hellip;]","og_url":"https:\/\/www.cravanparis.com\/fr\/boutique\/objets\/livre-french-moderne-cocktails\/","og_site_name":"CRAVAN - Cocktail Bar - Paris 6","article_modified_time":"2026-04-16T06:39:12+00:00","twitter_card":"summary_large_image","twitter_misc":{"Dur\u00e9e de lecture estim\u00e9e":"1 minute"},"schema":{"@context":"https:\/\/schema.org","@graph":[{"@type":"WebPage","@id":"https:\/\/www.cravanparis.com\/fr\/boutique\/objets\/livre-french-moderne-cocktails\/","url":"https:\/\/www.cravanparis.com\/fr\/boutique\/objets\/livre-french-moderne-cocktails\/","name":"Livre French Moderne Cocktails - CRAVAN - Cocktail Bar - Paris 6","isPartOf":{"@id":"https:\/\/www.cravanparis.com\/fr\/#website"},"primaryImageOfPage":{"@id":"https:\/\/www.cravanparis.com\/fr\/boutique\/objets\/livre-french-moderne-cocktails\/#primaryimage"},"image":{"@id":"https:\/\/www.cravanparis.com\/fr\/boutique\/objets\/livre-french-moderne-cocktails\/#primaryimage"},"thumbnailUrl":"https:\/\/www.cravanparis.com\/app\/uploads\/2026\/02\/Cravan-Packshots-Book_0.png.avif","datePublished":"2026-02-06T12:26:40+00:00","dateModified":"2026-04-16T06:39:12+00:00","breadcrumb":{"@id":"https:\/\/www.cravanparis.com\/fr\/boutique\/objets\/livre-french-moderne-cocktails\/#breadcrumb"},"inLanguage":"fr-FR","potentialAction":[{"@type":"ReadAction","target":["https:\/\/www.cravanparis.com\/fr\/boutique\/objets\/livre-french-moderne-cocktails\/"]}]},{"@type":"ImageObject","inLanguage":"fr-FR","@id":"https:\/\/www.cravanparis.com\/fr\/boutique\/objets\/livre-french-moderne-cocktails\/#primaryimage","url":"https:\/\/www.cravanparis.com\/app\/uploads\/2026\/02\/Cravan-Packshots-Book_0.png.avif","contentUrl":"https:\/\/www.cravanparis.com\/app\/uploads\/2026\/02\/Cravan-Packshots-Book_0.png.avif","width":1400,"height":2489},{"@type":"BreadcrumbList","@id":"https:\/\/www.cravanparis.com\/fr\/boutique\/objets\/livre-french-moderne-cocktails\/#breadcrumb","itemListElement":[{"@type":"ListItem","position":1,"name":"Home","item":"https:\/\/www.cravanparis.com\/fr\/"},{"@type":"ListItem","position":2,"name":"Livre French Moderne Cocktails"}]},{"@type":"WebSite","@id":"https:\/\/www.cravanparis.com\/fr\/#website","url":"https:\/\/www.cravanparis.com\/fr\/","name":"CRAVAN - Cocktail Bar - Paris 6","description":"CRAVAN, bar \u00e0 cocktails dans le 6\u00e8 arrondissement de Paris, au c\u0153ur du quartier litt\u00e9raire de Saint-Germain-des-Pr\u00e9s. Suivez-nous sur @cravanparis.","publisher":{"@id":"https:\/\/www.cravanparis.com\/fr\/#organization"},"potentialAction":[{"@type":"SearchAction","target":{"@type":"EntryPoint","urlTemplate":"https:\/\/www.cravanparis.com\/fr\/?s={search_term_string}"},"query-input":{"@type":"PropertyValueSpecification","valueRequired":true,"valueName":"search_term_string"}}],"inLanguage":"fr-FR"},{"@type":"Organization","@id":"https:\/\/www.cravanparis.com\/fr\/#organization","name":"CRAVAN - Cocktail Bar - Paris 6","url":"https:\/\/www.cravanparis.com\/fr\/","logo":{"@type":"ImageObject","inLanguage":"fr-FR","@id":"https:\/\/www.cravanparis.com\/fr\/#\/schema\/logo\/image\/","url":"https:\/\/www.cravanparis.com\/app\/uploads\/2026\/03\/cravan.svg","contentUrl":"https:\/\/www.cravanparis.com\/app\/uploads\/2026\/03\/cravan.svg","width":1296,"height":357,"caption":"CRAVAN - Cocktail Bar - Paris 6"},"image":{"@id":"https:\/\/www.cravanparis.com\/fr\/#\/schema\/logo\/image\/"},"sameAs":["https:\/\/www.instagram.com\/cravanparis\/"]}]}},"_links":{"self":[{"href":"https:\/\/www.cravanparis.com\/fr\/wp-json\/wp\/v2\/product\/999","targetHints":{"allow":["GET"]}}],"collection":[{"href":"https:\/\/www.cravanparis.com\/fr\/wp-json\/wp\/v2\/product"}],"about":[{"href":"https:\/\/www.cravanparis.com\/fr\/wp-json\/wp\/v2\/types\/product"}],"wp:featuredmedia":[{"embeddable":true,"href":"https:\/\/www.cravanparis.com\/fr\/wp-json\/wp\/v2\/media\/1000"}],"wp:attachment":[{"href":"https:\/\/www.cravanparis.com\/fr\/wp-json\/wp\/v2\/media?parent=999"}],"wp:term":[{"taxonomy":"product_brand","embeddable":true,"href":"https:\/\/www.cravanparis.com\/fr\/wp-json\/wp\/v2\/product_brand?post=999"},{"taxonomy":"product_cat","embeddable":true,"href":"https:\/\/www.cravanparis.com\/fr\/wp-json\/wp\/v2\/product_cat?post=999"},{"taxonomy":"product_tag","embeddable":true,"href":"https:\/\/www.cravanparis.com\/fr\/wp-json\/wp\/v2\/product_tag?post=999"}],"curies":[{"name":"wp","href":"https:\/\/api.w.org\/{rel}","templated":true}]}}